{"id":6611,"date":"2022-07-19T17:56:26","date_gmt":"2022-07-19T15:56:26","guid":{"rendered":"https:\/\/www.alutec.es\/product\/test\/"},"modified":"2022-09-13T18:12:04","modified_gmt":"2022-09-13T16:12:04","slug":"moa","status":"publish","type":"product","link":"https:\/\/www.alutec.es\/fr\/produit\/moa\/","title":{"rendered":"Moa"},"content":{"rendered":"<p>Fauteuil Moa.<\/p>\n<p>Fabriqu\u00e9 pour l&rsquo;h\u00f4tellerie et la restauration, ainsi que pour la maison.<\/p>\n<p>Il s&rsquo;agit d&rsquo;un fauteuil de taille g\u00e9n\u00e9reuse fabriqu\u00e9 \u00e0 partir de mat\u00e9riaux de la plus haute qualit\u00e9, parfait pour un usage contractuel.<\/p>\n<p>Le si\u00e8ge est livr\u00e9 avec un coussin amovible pour la structure en aluminium et l&rsquo;utilisation en ext\u00e9rieur.<\/p>\n<p>Ou tapiss\u00e9 lorsque la structure est en acier et pour un usage int\u00e9rieur.<\/p>\n<p>La finition finale de la structure en aluminium et en acier est peinte.<\/p>\n","protected":false},"excerpt":{"rendered":"<p>Fauteuil Moa. Fabriqu\u00e9 pour l&rsquo;h\u00f4tellerie et la restauration, ainsi que pour la maison. Il s&rsquo;agit d&rsquo;un fauteuil de taille g\u00e9n\u00e9reuse fabriqu\u00e9 \u00e0 partir de mat\u00e9riaux de la plus haute qualit\u00e9, parfait pour un usage contractuel. Le si\u00e8ge est livr\u00e9 avec un coussin amovible pour la structure en aluminium et l&rsquo;utilisation en ext\u00e9rieur. Ou tapiss\u00e9 lorsque&hellip;<\/p>\n","protected":false},"featured_media":5515,"template":"","meta":[],"product_cat":[1231,1240],"product_tag":[362,363,185,268,188,189,253],"acf":[],"yoast_head":"<!-- This site is optimized with the Yoast SEO plugin v22.7 - https:\/\/yoast.com\/wordpress\/plugins\/seo\/ -->\n<title>Moa - Alutec<\/title>\n<meta name=\"robots\" content=\"index, follow, max-snippet:-1, max-image-preview:large, max-video-preview:-1\" \/>\n<link rel=\"canonical\" href=\"https:\/\/www.alutec.es\/fr\/produit\/moa\/\" \/>\n<meta property=\"og:locale\" content=\"fr_FR\" \/>\n<meta property=\"og:type\" content=\"article\" \/>\n<meta property=\"og:title\" content=\"Moa - Alutec\" \/>\n<meta property=\"og:description\" content=\"Fauteuil Moa. Fabriqu\u00e9 pour l&rsquo;h\u00f4tellerie et la restauration, ainsi que pour la maison. Il s&rsquo;agit d&rsquo;un fauteuil de taille g\u00e9n\u00e9reuse fabriqu\u00e9 \u00e0 partir de mat\u00e9riaux de la plus haute qualit\u00e9, parfait pour un usage contractuel. Le si\u00e8ge est livr\u00e9 avec un coussin amovible pour la structure en aluminium et l&rsquo;utilisation en ext\u00e9rieur. Ou tapiss\u00e9 lorsque&hellip;\" \/>\n<meta property=\"og:url\" content=\"https:\/\/www.alutec.es\/fr\/produit\/moa\/\" \/>\n<meta property=\"og:site_name\" content=\"Alutec\" \/>\n<meta property=\"article:modified_time\" content=\"2022-09-13T16:12:04+00:00\" \/>\n<meta property=\"og:image\" content=\"https:\/\/www.alutec.es\/wp-content\/uploads\/2022\/07\/2L8A5853-scaled.jpg\" \/>\n\t<meta property=\"og:image:width\" content=\"1707\" \/>\n\t<meta property=\"og:image:height\" content=\"2560\" \/>\n\t<meta property=\"og:image:type\" content=\"image\/jpeg\" \/>\n<meta name=\"twitter:card\" content=\"summary_large_image\" \/>\n<script type=\"application\/ld+json\" class=\"yoast-schema-graph\">{\"@context\":\"https:\/\/schema.org\",\"@graph\":[{\"@type\":\"WebPage\",\"@id\":\"https:\/\/www.alutec.es\/fr\/produit\/moa\/\",\"url\":\"https:\/\/www.alutec.es\/fr\/produit\/moa\/\",\"name\":\"Moa - Alutec\",\"isPartOf\":{\"@id\":\"https:\/\/www.alutec.es\/fr\/#website\"},\"primaryImageOfPage\":{\"@id\":\"https:\/\/www.alutec.es\/fr\/produit\/moa\/#primaryimage\"},\"image\":{\"@id\":\"https:\/\/www.alutec.es\/fr\/produit\/moa\/#primaryimage\"},\"thumbnailUrl\":\"https:\/\/www.alutec.es\/wp-content\/uploads\/2022\/07\/2L8A5853-scaled.jpg\",\"datePublished\":\"2022-07-19T15:56:26+00:00\",\"dateModified\":\"2022-09-13T16:12:04+00:00\",\"breadcrumb\":{\"@id\":\"https:\/\/www.alutec.es\/fr\/produit\/moa\/#breadcrumb\"},\"inLanguage\":\"fr-FR\",\"potentialAction\":[{\"@type\":\"ReadAction\",\"target\":[\"https:\/\/www.alutec.es\/fr\/produit\/moa\/\"]}]},{\"@type\":\"ImageObject\",\"inLanguage\":\"fr-FR\",\"@id\":\"https:\/\/www.alutec.es\/fr\/produit\/moa\/#primaryimage\",\"url\":\"https:\/\/www.alutec.es\/wp-content\/uploads\/2022\/07\/2L8A5853-scaled.jpg\",\"contentUrl\":\"https:\/\/www.alutec.es\/wp-content\/uploads\/2022\/07\/2L8A5853-scaled.jpg\",\"width\":1707,\"height\":2560},{\"@type\":\"BreadcrumbList\",\"@id\":\"https:\/\/www.alutec.es\/fr\/produit\/moa\/#breadcrumb\",\"itemListElement\":[{\"@type\":\"ListItem\",\"position\":1,\"name\":\"Page de garde\",\"item\":\"https:\/\/www.alutec.es\/fr\/home\/\"},{\"@type\":\"ListItem\",\"position\":2,\"name\":\"Produits\",\"item\":\"https:\/\/www.alutec.es\/fr\/catalogue\/\"},{\"@type\":\"ListItem\",\"position\":3,\"name\":\"Priv\u00e9\u00a0: Moa\"}]},{\"@type\":\"WebSite\",\"@id\":\"https:\/\/www.alutec.es\/fr\/#website\",\"url\":\"https:\/\/www.alutec.es\/fr\/\",\"name\":\"Alutec\",\"description\":\"Conception et fabrication de chaises, tabourets et tables.\",\"potentialAction\":[{\"@type\":\"SearchAction\",\"target\":{\"@type\":\"EntryPoint\",\"urlTemplate\":\"https:\/\/www.alutec.es\/fr\/?s={search_term_string}\"},\"query-input\":\"required name=search_term_string\"}],\"inLanguage\":\"fr-FR\"}]}<\/script>\n<!-- \/ Yoast SEO plugin. -->","yoast_head_json":{"title":"Moa - Alutec","robots":{"index":"index","follow":"follow","max-snippet":"max-snippet:-1","max-image-preview":"max-image-preview:large","max-video-preview":"max-video-preview:-1"},"canonical":"https:\/\/www.alutec.es\/fr\/produit\/moa\/","og_locale":"fr_FR","og_type":"article","og_title":"Moa - Alutec","og_description":"Fauteuil Moa. Fabriqu\u00e9 pour l&rsquo;h\u00f4tellerie et la restauration, ainsi que pour la maison. Il s&rsquo;agit d&rsquo;un fauteuil de taille g\u00e9n\u00e9reuse fabriqu\u00e9 \u00e0 partir de mat\u00e9riaux de la plus haute qualit\u00e9, parfait pour un usage contractuel. Le si\u00e8ge est livr\u00e9 avec un coussin amovible pour la structure en aluminium et l&rsquo;utilisation en ext\u00e9rieur. Ou tapiss\u00e9 lorsque&hellip;","og_url":"https:\/\/www.alutec.es\/fr\/produit\/moa\/","og_site_name":"Alutec","article_modified_time":"2022-09-13T16:12:04+00:00","og_image":[{"width":1707,"height":2560,"url":"https:\/\/www.alutec.es\/wp-content\/uploads\/2022\/07\/2L8A5853-scaled.jpg","type":"image\/jpeg"}],"twitter_card":"summary_large_image","schema":{"@context":"https:\/\/schema.org","@graph":[{"@type":"WebPage","@id":"https:\/\/www.alutec.es\/fr\/produit\/moa\/","url":"https:\/\/www.alutec.es\/fr\/produit\/moa\/","name":"Moa - Alutec","isPartOf":{"@id":"https:\/\/www.alutec.es\/fr\/#website"},"primaryImageOfPage":{"@id":"https:\/\/www.alutec.es\/fr\/produit\/moa\/#primaryimage"},"image":{"@id":"https:\/\/www.alutec.es\/fr\/produit\/moa\/#primaryimage"},"thumbnailUrl":"https:\/\/www.alutec.es\/wp-content\/uploads\/2022\/07\/2L8A5853-scaled.jpg","datePublished":"2022-07-19T15:56:26+00:00","dateModified":"2022-09-13T16:12:04+00:00","breadcrumb":{"@id":"https:\/\/www.alutec.es\/fr\/produit\/moa\/#breadcrumb"},"inLanguage":"fr-FR","potentialAction":[{"@type":"ReadAction","target":["https:\/\/www.alutec.es\/fr\/produit\/moa\/"]}]},{"@type":"ImageObject","inLanguage":"fr-FR","@id":"https:\/\/www.alutec.es\/fr\/produit\/moa\/#primaryimage","url":"https:\/\/www.alutec.es\/wp-content\/uploads\/2022\/07\/2L8A5853-scaled.jpg","contentUrl":"https:\/\/www.alutec.es\/wp-content\/uploads\/2022\/07\/2L8A5853-scaled.jpg","width":1707,"height":2560},{"@type":"BreadcrumbList","@id":"https:\/\/www.alutec.es\/fr\/produit\/moa\/#breadcrumb","itemListElement":[{"@type":"ListItem","position":1,"name":"Page de garde","item":"https:\/\/www.alutec.es\/fr\/home\/"},{"@type":"ListItem","position":2,"name":"Produits","item":"https:\/\/www.alutec.es\/fr\/catalogue\/"},{"@type":"ListItem","position":3,"name":"Priv\u00e9\u00a0: Moa"}]},{"@type":"WebSite","@id":"https:\/\/www.alutec.es\/fr\/#website","url":"https:\/\/www.alutec.es\/fr\/","name":"Alutec","description":"Conception et fabrication de chaises, tabourets et tables.","potentialAction":[{"@type":"SearchAction","target":{"@type":"EntryPoint","urlTemplate":"https:\/\/www.alutec.es\/fr\/?s={search_term_string}"},"query-input":"required name=search_term_string"}],"inLanguage":"fr-FR"}]}},"_links":{"self":[{"href":"https:\/\/www.alutec.es\/fr\/wp-json\/wp\/v2\/product\/6611"}],"collection":[{"href":"https:\/\/www.alutec.es\/fr\/wp-json\/wp\/v2\/product"}],"about":[{"href":"https:\/\/www.alutec.es\/fr\/wp-json\/wp\/v2\/types\/product"}],"wp:featuredmedia":[{"embeddable":true,"href":"https:\/\/www.alutec.es\/fr\/wp-json\/wp\/v2\/media\/5515"}],"wp:attachment":[{"href":"https:\/\/www.alutec.es\/fr\/wp-json\/wp\/v2\/media?parent=6611"}],"wp:term":[{"taxonomy":"product_cat","embeddable":true,"href":"https:\/\/www.alutec.es\/fr\/wp-json\/wp\/v2\/product_cat?post=6611"},{"taxonomy":"product_tag","embeddable":true,"href":"https:\/\/www.alutec.es\/fr\/wp-json\/wp\/v2\/product_tag?post=6611"}],"curies":[{"name":"wp","href":"https:\/\/api.w.org\/{rel}","templated":true}]}}