{"id":6473,"date":"2022-04-04T14:17:23","date_gmt":"2022-04-04T12:17:23","guid":{"rendered":"https:\/\/www.alutec.es\/product\/m-armand\/"},"modified":"2022-04-04T14:17:23","modified_gmt":"2022-04-04T12:17:23","slug":"mrarmand-2","status":"publish","type":"product","link":"https:\/\/www.alutec.es\/fr\/produit\/mrarmand-2\/","title":{"rendered":"M. Armand"},"content":{"rendered":"<p>Fauteuil MrArmand, un design minimal aux lignes larges et douces.<\/p>\n<p>Fabriqu\u00e9 pour l&rsquo;h\u00f4tellerie et la restauration, ainsi que pour la maison.<\/p>\n<p>Il s&rsquo;agit d&rsquo;un fauteuil de taille g\u00e9n\u00e9reuse fabriqu\u00e9 \u00e0 partir de mat\u00e9riaux de la plus haute qualit\u00e9, parfait pour un usage contractuel.<\/p>\n<p>Le si\u00e8ge est livr\u00e9 avec un coussin amovible pour la structure en aluminium et l&rsquo;utilisation en ext\u00e9rieur.<\/p>\n<p>Ou tapiss\u00e9 lorsque la structure est en acier et pour un usage int\u00e9rieur.<\/p>\n<p>La finition finale de la structure en aluminium et en acier est peinte.<\/p>\n<p>&nbsp;<\/p>\n<p>&nbsp;<\/p>\n<p>&nbsp;<\/p>\n","protected":false},"excerpt":{"rendered":"<p>JA Ramirez<\/p>\n","protected":false},"featured_media":5461,"template":"","meta":[],"product_cat":[1231,1240],"product_tag":[184,362,363,510,1228,1097,512,1098,185,1099,513,268,186,269,548,188,189,253,365,401],"acf":[],"yoast_head":"<!-- This site is optimized with the Yoast SEO plugin v22.7 - https:\/\/yoast.com\/wordpress\/plugins\/seo\/ -->\n<title>M. Armand - Alutec<\/title>\n<meta name=\"description\" content=\"Fauteuil MrArmand, un design minimal aux lignes larges et douces. Fabriqu\u00e9 pour l&#039;h\u00f4tellerie et la restauration, ainsi que pour la maison.\" \/>\n<meta name=\"robots\" content=\"index, follow, max-snippet:-1, max-image-preview:large, max-video-preview:-1\" \/>\n<link rel=\"canonical\" href=\"https:\/\/www.alutec.es\/fr\/produit\/mrarmand-2\/\" \/>\n<meta property=\"og:locale\" content=\"fr_FR\" \/>\n<meta property=\"og:type\" content=\"article\" \/>\n<meta property=\"og:title\" content=\"M. Armand - Alutec\" \/>\n<meta property=\"og:description\" content=\"Fauteuil MrArmand, un design minimal aux lignes larges et douces. Fabriqu\u00e9 pour l&#039;h\u00f4tellerie et la restauration, ainsi que pour la maison.\" \/>\n<meta property=\"og:url\" content=\"https:\/\/www.alutec.es\/fr\/produit\/mrarmand-2\/\" \/>\n<meta property=\"og:site_name\" content=\"Alutec\" \/>\n<meta property=\"og:image\" content=\"https:\/\/www.alutec.es\/wp-content\/uploads\/2022\/04\/2L8A5886.jpg\" \/>\n\t<meta property=\"og:image:width\" content=\"600\" \/>\n\t<meta property=\"og:image:height\" content=\"900\" \/>\n\t<meta property=\"og:image:type\" content=\"image\/jpeg\" \/>\n<meta name=\"twitter:card\" content=\"summary_large_image\" \/>\n<script type=\"application\/ld+json\" class=\"yoast-schema-graph\">{\"@context\":\"https:\/\/schema.org\",\"@graph\":[{\"@type\":\"WebPage\",\"@id\":\"https:\/\/www.alutec.es\/fr\/produit\/mrarmand-2\/\",\"url\":\"https:\/\/www.alutec.es\/fr\/produit\/mrarmand-2\/\",\"name\":\"M. Armand - Alutec\",\"isPartOf\":{\"@id\":\"https:\/\/www.alutec.es\/fr\/#website\"},\"primaryImageOfPage\":{\"@id\":\"https:\/\/www.alutec.es\/fr\/produit\/mrarmand-2\/#primaryimage\"},\"image\":{\"@id\":\"https:\/\/www.alutec.es\/fr\/produit\/mrarmand-2\/#primaryimage\"},\"thumbnailUrl\":\"https:\/\/www.alutec.es\/wp-content\/uploads\/2022\/04\/2L8A5875.jpg\",\"datePublished\":\"2022-04-04T12:17:23+00:00\",\"dateModified\":\"2022-04-04T12:17:23+00:00\",\"description\":\"Fauteuil MrArmand, un design minimal aux lignes larges et douces. Fabriqu\u00e9 pour l'h\u00f4tellerie et la restauration, ainsi que pour la maison.\",\"breadcrumb\":{\"@id\":\"https:\/\/www.alutec.es\/fr\/produit\/mrarmand-2\/#breadcrumb\"},\"inLanguage\":\"fr-FR\",\"potentialAction\":[{\"@type\":\"ReadAction\",\"target\":[\"https:\/\/www.alutec.es\/fr\/produit\/mrarmand-2\/\"]}]},{\"@type\":\"ImageObject\",\"inLanguage\":\"fr-FR\",\"@id\":\"https:\/\/www.alutec.es\/fr\/produit\/mrarmand-2\/#primaryimage\",\"url\":\"https:\/\/www.alutec.es\/wp-content\/uploads\/2022\/04\/2L8A5875.jpg\",\"contentUrl\":\"https:\/\/www.alutec.es\/wp-content\/uploads\/2022\/04\/2L8A5875.jpg\",\"width\":600,\"height\":900},{\"@type\":\"BreadcrumbList\",\"@id\":\"https:\/\/www.alutec.es\/fr\/produit\/mrarmand-2\/#breadcrumb\",\"itemListElement\":[{\"@type\":\"ListItem\",\"position\":1,\"name\":\"Page de garde\",\"item\":\"https:\/\/www.alutec.es\/fr\/home\/\"},{\"@type\":\"ListItem\",\"position\":2,\"name\":\"Produits\",\"item\":\"https:\/\/www.alutec.es\/fr\/catalogue\/\"},{\"@type\":\"ListItem\",\"position\":3,\"name\":\"M. Armand\"}]},{\"@type\":\"WebSite\",\"@id\":\"https:\/\/www.alutec.es\/fr\/#website\",\"url\":\"https:\/\/www.alutec.es\/fr\/\",\"name\":\"Alutec\",\"description\":\"Conception et fabrication de chaises, tabourets et tables.\",\"potentialAction\":[{\"@type\":\"SearchAction\",\"target\":{\"@type\":\"EntryPoint\",\"urlTemplate\":\"https:\/\/www.alutec.es\/fr\/?s={search_term_string}\"},\"query-input\":\"required name=search_term_string\"}],\"inLanguage\":\"fr-FR\"}]}<\/script>\n<!-- \/ Yoast SEO plugin. -->","yoast_head_json":{"title":"M. Armand - Alutec","description":"Fauteuil MrArmand, un design minimal aux lignes larges et douces. Fabriqu\u00e9 pour l'h\u00f4tellerie et la restauration, ainsi que pour la maison.","robots":{"index":"index","follow":"follow","max-snippet":"max-snippet:-1","max-image-preview":"max-image-preview:large","max-video-preview":"max-video-preview:-1"},"canonical":"https:\/\/www.alutec.es\/fr\/produit\/mrarmand-2\/","og_locale":"fr_FR","og_type":"article","og_title":"M. Armand - Alutec","og_description":"Fauteuil MrArmand, un design minimal aux lignes larges et douces. Fabriqu\u00e9 pour l'h\u00f4tellerie et la restauration, ainsi que pour la maison.","og_url":"https:\/\/www.alutec.es\/fr\/produit\/mrarmand-2\/","og_site_name":"Alutec","og_image":[{"width":600,"height":900,"url":"https:\/\/www.alutec.es\/wp-content\/uploads\/2022\/04\/2L8A5886.jpg","type":"image\/jpeg"}],"twitter_card":"summary_large_image","schema":{"@context":"https:\/\/schema.org","@graph":[{"@type":"WebPage","@id":"https:\/\/www.alutec.es\/fr\/produit\/mrarmand-2\/","url":"https:\/\/www.alutec.es\/fr\/produit\/mrarmand-2\/","name":"M. Armand - Alutec","isPartOf":{"@id":"https:\/\/www.alutec.es\/fr\/#website"},"primaryImageOfPage":{"@id":"https:\/\/www.alutec.es\/fr\/produit\/mrarmand-2\/#primaryimage"},"image":{"@id":"https:\/\/www.alutec.es\/fr\/produit\/mrarmand-2\/#primaryimage"},"thumbnailUrl":"https:\/\/www.alutec.es\/wp-content\/uploads\/2022\/04\/2L8A5875.jpg","datePublished":"2022-04-04T12:17:23+00:00","dateModified":"2022-04-04T12:17:23+00:00","description":"Fauteuil MrArmand, un design minimal aux lignes larges et douces. Fabriqu\u00e9 pour l'h\u00f4tellerie et la restauration, ainsi que pour la maison.","breadcrumb":{"@id":"https:\/\/www.alutec.es\/fr\/produit\/mrarmand-2\/#breadcrumb"},"inLanguage":"fr-FR","potentialAction":[{"@type":"ReadAction","target":["https:\/\/www.alutec.es\/fr\/produit\/mrarmand-2\/"]}]},{"@type":"ImageObject","inLanguage":"fr-FR","@id":"https:\/\/www.alutec.es\/fr\/produit\/mrarmand-2\/#primaryimage","url":"https:\/\/www.alutec.es\/wp-content\/uploads\/2022\/04\/2L8A5875.jpg","contentUrl":"https:\/\/www.alutec.es\/wp-content\/uploads\/2022\/04\/2L8A5875.jpg","width":600,"height":900},{"@type":"BreadcrumbList","@id":"https:\/\/www.alutec.es\/fr\/produit\/mrarmand-2\/#breadcrumb","itemListElement":[{"@type":"ListItem","position":1,"name":"Page de garde","item":"https:\/\/www.alutec.es\/fr\/home\/"},{"@type":"ListItem","position":2,"name":"Produits","item":"https:\/\/www.alutec.es\/fr\/catalogue\/"},{"@type":"ListItem","position":3,"name":"M. Armand"}]},{"@type":"WebSite","@id":"https:\/\/www.alutec.es\/fr\/#website","url":"https:\/\/www.alutec.es\/fr\/","name":"Alutec","description":"Conception et fabrication de chaises, tabourets et tables.","potentialAction":[{"@type":"SearchAction","target":{"@type":"EntryPoint","urlTemplate":"https:\/\/www.alutec.es\/fr\/?s={search_term_string}"},"query-input":"required name=search_term_string"}],"inLanguage":"fr-FR"}]}},"_links":{"self":[{"href":"https:\/\/www.alutec.es\/fr\/wp-json\/wp\/v2\/product\/6473"}],"collection":[{"href":"https:\/\/www.alutec.es\/fr\/wp-json\/wp\/v2\/product"}],"about":[{"href":"https:\/\/www.alutec.es\/fr\/wp-json\/wp\/v2\/types\/product"}],"wp:featuredmedia":[{"embeddable":true,"href":"https:\/\/www.alutec.es\/fr\/wp-json\/wp\/v2\/media\/5461"}],"wp:attachment":[{"href":"https:\/\/www.alutec.es\/fr\/wp-json\/wp\/v2\/media?parent=6473"}],"wp:term":[{"taxonomy":"product_cat","embeddable":true,"href":"https:\/\/www.alutec.es\/fr\/wp-json\/wp\/v2\/product_cat?post=6473"},{"taxonomy":"product_tag","embeddable":true,"href":"https:\/\/www.alutec.es\/fr\/wp-json\/wp\/v2\/product_tag?post=6473"}],"curies":[{"name":"wp","href":"https:\/\/api.w.org\/{rel}","templated":true}]}}