{"id":6465,"date":"2022-03-25T13:40:11","date_gmt":"2022-03-25T11:40:11","guid":{"rendered":"https:\/\/www.alutec.es\/product\/lablanca\/"},"modified":"2022-09-13T12:16:29","modified_gmt":"2022-09-13T10:16:29","slug":"lablanca","status":"publish","type":"product","link":"https:\/\/www.alutec.es\/fr\/produit\/lablanca\/","title":{"rendered":"LaBlanca"},"content":{"rendered":"<p>Fauteuil LaBlanca.<\/p>\n<p>En qu\u00eate de confort, un design qui enveloppe et \u00e9treint, ainsi qu&rsquo;une hauteur d&rsquo;accoudoir strat\u00e9gique.<\/p>\n<p>Fabriqu\u00e9 en aluminium pour une utilisation ext\u00e9rieure et en acier pour une utilisation int\u00e9rieure.<\/p>\n<p>Mesures g\u00e9n\u00e9rales.<\/p>\n<p>Fabriqu\u00e9 enti\u00e8rement en Espagne, avec des mati\u00e8res premi\u00e8res de la plus haute qualit\u00e9.<\/p>\n<p>Pour le dossier, vous pouvez choisir entre la tresse XL, la corde ou notre FSAmix.<\/p>\n<p>Le si\u00e8ge est livr\u00e9 avec un coussin amovible pour la structure en aluminium et l&rsquo;utilisation en ext\u00e9rieur.<\/p>\n<p>Ou tapiss\u00e9 lorsque la structure est en acier et pour un usage int\u00e9rieur.<\/p>\n<p>La finition finale de la structure en aluminium et en acier est peinte.<\/p>\n<p>Pour combiner avec d&rsquo;autres designs dans le m\u00eame espace, nous vous recommandons le fauteuil Aisea.<\/p>\n<p>Design pour la restauration, l&rsquo;h\u00f4tellerie et la maison.<\/p>\n<p>&nbsp;<\/p>\n<p>&nbsp;<\/p>\n","protected":false},"excerpt":{"rendered":"<p>JA Ramirez<\/p>\n","protected":false},"featured_media":7867,"template":"","meta":[],"product_cat":[1231,1240],"product_tag":[184,362,363,510,1228,1097,512,1098,185,1099,513,268,186,269,548,188,189,253,365,401],"acf":[],"yoast_head":"<!-- This site is optimized with the Yoast SEO plugin v22.7 - https:\/\/yoast.com\/wordpress\/plugins\/seo\/ -->\n<title>LaBlanca - Alutec<\/title>\n<meta name=\"description\" content=\"Fauteuil LaBlanca. En qu\u00eate de confort, un design qui enveloppe et \u00e9treint, ainsi qu&#039;une hauteur d&#039;accoudoir strat\u00e9gique.\" \/>\n<meta name=\"robots\" content=\"index, follow, max-snippet:-1, max-image-preview:large, max-video-preview:-1\" \/>\n<link rel=\"canonical\" href=\"https:\/\/www.alutec.es\/fr\/produit\/lablanca\/\" \/>\n<meta property=\"og:locale\" content=\"fr_FR\" \/>\n<meta property=\"og:type\" content=\"article\" \/>\n<meta property=\"og:title\" content=\"LaBlanca - Alutec\" \/>\n<meta property=\"og:description\" content=\"Fauteuil LaBlanca. En qu\u00eate de confort, un design qui enveloppe et \u00e9treint, ainsi qu&#039;une hauteur d&#039;accoudoir strat\u00e9gique.\" \/>\n<meta property=\"og:url\" content=\"https:\/\/www.alutec.es\/fr\/produit\/lablanca\/\" \/>\n<meta property=\"og:site_name\" content=\"Alutec\" \/>\n<meta property=\"article:modified_time\" content=\"2022-09-13T10:16:29+00:00\" \/>\n<meta property=\"og:image\" content=\"https:\/\/www.alutec.es\/wp-content\/uploads\/2022\/03\/2L8A5692_.jpg\" \/>\n\t<meta property=\"og:image:width\" content=\"600\" \/>\n\t<meta property=\"og:image:height\" content=\"900\" \/>\n\t<meta property=\"og:image:type\" content=\"image\/jpeg\" \/>\n<meta name=\"twitter:card\" content=\"summary_large_image\" \/>\n<meta name=\"twitter:label1\" content=\"Dur\u00e9e de lecture estim\u00e9e\" \/>\n\t<meta name=\"twitter:data1\" content=\"1 minute\" \/>\n<script type=\"application\/ld+json\" class=\"yoast-schema-graph\">{\"@context\":\"https:\/\/schema.org\",\"@graph\":[{\"@type\":\"WebPage\",\"@id\":\"https:\/\/www.alutec.es\/fr\/produit\/lablanca\/\",\"url\":\"https:\/\/www.alutec.es\/fr\/produit\/lablanca\/\",\"name\":\"LaBlanca - Alutec\",\"isPartOf\":{\"@id\":\"https:\/\/www.alutec.es\/fr\/#website\"},\"primaryImageOfPage\":{\"@id\":\"https:\/\/www.alutec.es\/fr\/produit\/lablanca\/#primaryimage\"},\"image\":{\"@id\":\"https:\/\/www.alutec.es\/fr\/produit\/lablanca\/#primaryimage\"},\"thumbnailUrl\":\"https:\/\/www.alutec.es\/wp-content\/uploads\/2022\/03\/2L8A5716-1.jpg\",\"datePublished\":\"2022-03-25T11:40:11+00:00\",\"dateModified\":\"2022-09-13T10:16:29+00:00\",\"description\":\"Fauteuil LaBlanca. En qu\u00eate de confort, un design qui enveloppe et \u00e9treint, ainsi qu'une hauteur d'accoudoir strat\u00e9gique.\",\"breadcrumb\":{\"@id\":\"https:\/\/www.alutec.es\/fr\/produit\/lablanca\/#breadcrumb\"},\"inLanguage\":\"fr-FR\",\"potentialAction\":[{\"@type\":\"ReadAction\",\"target\":[\"https:\/\/www.alutec.es\/fr\/produit\/lablanca\/\"]}]},{\"@type\":\"ImageObject\",\"inLanguage\":\"fr-FR\",\"@id\":\"https:\/\/www.alutec.es\/fr\/produit\/lablanca\/#primaryimage\",\"url\":\"https:\/\/www.alutec.es\/wp-content\/uploads\/2022\/03\/2L8A5716-1.jpg\",\"contentUrl\":\"https:\/\/www.alutec.es\/wp-content\/uploads\/2022\/03\/2L8A5716-1.jpg\",\"width\":600,\"height\":900},{\"@type\":\"BreadcrumbList\",\"@id\":\"https:\/\/www.alutec.es\/fr\/produit\/lablanca\/#breadcrumb\",\"itemListElement\":[{\"@type\":\"ListItem\",\"position\":1,\"name\":\"Page de garde\",\"item\":\"https:\/\/www.alutec.es\/fr\/home\/\"},{\"@type\":\"ListItem\",\"position\":2,\"name\":\"Produits\",\"item\":\"https:\/\/www.alutec.es\/fr\/catalogue\/\"},{\"@type\":\"ListItem\",\"position\":3,\"name\":\"LaBlanca\"}]},{\"@type\":\"WebSite\",\"@id\":\"https:\/\/www.alutec.es\/fr\/#website\",\"url\":\"https:\/\/www.alutec.es\/fr\/\",\"name\":\"Alutec\",\"description\":\"Conception et fabrication de chaises, tabourets et tables.\",\"potentialAction\":[{\"@type\":\"SearchAction\",\"target\":{\"@type\":\"EntryPoint\",\"urlTemplate\":\"https:\/\/www.alutec.es\/fr\/?s={search_term_string}\"},\"query-input\":\"required name=search_term_string\"}],\"inLanguage\":\"fr-FR\"}]}<\/script>\n<!-- \/ Yoast SEO plugin. -->","yoast_head_json":{"title":"LaBlanca - Alutec","description":"Fauteuil LaBlanca. En qu\u00eate de confort, un design qui enveloppe et \u00e9treint, ainsi qu'une hauteur d'accoudoir strat\u00e9gique.","robots":{"index":"index","follow":"follow","max-snippet":"max-snippet:-1","max-image-preview":"max-image-preview:large","max-video-preview":"max-video-preview:-1"},"canonical":"https:\/\/www.alutec.es\/fr\/produit\/lablanca\/","og_locale":"fr_FR","og_type":"article","og_title":"LaBlanca - Alutec","og_description":"Fauteuil LaBlanca. En qu\u00eate de confort, un design qui enveloppe et \u00e9treint, ainsi qu'une hauteur d'accoudoir strat\u00e9gique.","og_url":"https:\/\/www.alutec.es\/fr\/produit\/lablanca\/","og_site_name":"Alutec","article_modified_time":"2022-09-13T10:16:29+00:00","og_image":[{"width":600,"height":900,"url":"https:\/\/www.alutec.es\/wp-content\/uploads\/2022\/03\/2L8A5692_.jpg","type":"image\/jpeg"}],"twitter_card":"summary_large_image","twitter_misc":{"Dur\u00e9e de lecture estim\u00e9e":"1 minute"},"schema":{"@context":"https:\/\/schema.org","@graph":[{"@type":"WebPage","@id":"https:\/\/www.alutec.es\/fr\/produit\/lablanca\/","url":"https:\/\/www.alutec.es\/fr\/produit\/lablanca\/","name":"LaBlanca - Alutec","isPartOf":{"@id":"https:\/\/www.alutec.es\/fr\/#website"},"primaryImageOfPage":{"@id":"https:\/\/www.alutec.es\/fr\/produit\/lablanca\/#primaryimage"},"image":{"@id":"https:\/\/www.alutec.es\/fr\/produit\/lablanca\/#primaryimage"},"thumbnailUrl":"https:\/\/www.alutec.es\/wp-content\/uploads\/2022\/03\/2L8A5716-1.jpg","datePublished":"2022-03-25T11:40:11+00:00","dateModified":"2022-09-13T10:16:29+00:00","description":"Fauteuil LaBlanca. En qu\u00eate de confort, un design qui enveloppe et \u00e9treint, ainsi qu'une hauteur d'accoudoir strat\u00e9gique.","breadcrumb":{"@id":"https:\/\/www.alutec.es\/fr\/produit\/lablanca\/#breadcrumb"},"inLanguage":"fr-FR","potentialAction":[{"@type":"ReadAction","target":["https:\/\/www.alutec.es\/fr\/produit\/lablanca\/"]}]},{"@type":"ImageObject","inLanguage":"fr-FR","@id":"https:\/\/www.alutec.es\/fr\/produit\/lablanca\/#primaryimage","url":"https:\/\/www.alutec.es\/wp-content\/uploads\/2022\/03\/2L8A5716-1.jpg","contentUrl":"https:\/\/www.alutec.es\/wp-content\/uploads\/2022\/03\/2L8A5716-1.jpg","width":600,"height":900},{"@type":"BreadcrumbList","@id":"https:\/\/www.alutec.es\/fr\/produit\/lablanca\/#breadcrumb","itemListElement":[{"@type":"ListItem","position":1,"name":"Page de garde","item":"https:\/\/www.alutec.es\/fr\/home\/"},{"@type":"ListItem","position":2,"name":"Produits","item":"https:\/\/www.alutec.es\/fr\/catalogue\/"},{"@type":"ListItem","position":3,"name":"LaBlanca"}]},{"@type":"WebSite","@id":"https:\/\/www.alutec.es\/fr\/#website","url":"https:\/\/www.alutec.es\/fr\/","name":"Alutec","description":"Conception et fabrication de chaises, tabourets et tables.","potentialAction":[{"@type":"SearchAction","target":{"@type":"EntryPoint","urlTemplate":"https:\/\/www.alutec.es\/fr\/?s={search_term_string}"},"query-input":"required name=search_term_string"}],"inLanguage":"fr-FR"}]}},"_links":{"self":[{"href":"https:\/\/www.alutec.es\/fr\/wp-json\/wp\/v2\/product\/6465"}],"collection":[{"href":"https:\/\/www.alutec.es\/fr\/wp-json\/wp\/v2\/product"}],"about":[{"href":"https:\/\/www.alutec.es\/fr\/wp-json\/wp\/v2\/types\/product"}],"wp:featuredmedia":[{"embeddable":true,"href":"https:\/\/www.alutec.es\/fr\/wp-json\/wp\/v2\/media\/7867"}],"wp:attachment":[{"href":"https:\/\/www.alutec.es\/fr\/wp-json\/wp\/v2\/media?parent=6465"}],"wp:term":[{"taxonomy":"product_cat","embeddable":true,"href":"https:\/\/www.alutec.es\/fr\/wp-json\/wp\/v2\/product_cat?post=6465"},{"taxonomy":"product_tag","embeddable":true,"href":"https:\/\/www.alutec.es\/fr\/wp-json\/wp\/v2\/product_tag?post=6465"}],"curies":[{"name":"wp","href":"https:\/\/api.w.org\/{rel}","templated":true}]}}