{"id":6052,"date":"2020-07-16T11:38:38","date_gmt":"2022-09-07T10:29:10","guid":{"rendered":"https:\/\/www.alutec.es\/product\/pin\/"},"modified":"2022-09-13T17:40:22","modified_gmt":"2022-09-13T15:40:22","slug":"pin","status":"publish","type":"product","link":"https:\/\/www.alutec.es\/fr\/produit\/pin\/","title":{"rendered":"Pin"},"content":{"rendered":"<p>Pin massif verni. Epaisseur 40mm. Utilisation \u00e0 l&rsquo;int\u00e9rieur.<\/p>\n<p>Dans n&rsquo;importe laquelle de nos finitions. Peut \u00eatre combin\u00e9 avec n&rsquo;importe laquelle de nos tables.<\/p>\n","protected":false},"excerpt":{"rendered":"<p>Pin massif verni. Epaisseur 40mm. Utilisation \u00e0 l&rsquo;int\u00e9rieur. Dans n&rsquo;importe laquelle de nos finitions. Peut \u00eatre combin\u00e9 avec n&rsquo;importe laquelle de nos tables.<\/p>\n","protected":false},"featured_media":3843,"template":"","meta":[],"product_cat":[78],"product_tag":[],"acf":[],"yoast_head":"<!-- This site is optimized with the Yoast SEO plugin v22.7 - https:\/\/yoast.com\/wordpress\/plugins\/seo\/ -->\n<title>Pin - Alutec<\/title>\n<meta name=\"robots\" content=\"index, follow, max-snippet:-1, max-image-preview:large, max-video-preview:-1\" \/>\n<link rel=\"canonical\" href=\"https:\/\/www.alutec.es\/fr\/produit\/pin\/\" \/>\n<meta property=\"og:locale\" content=\"fr_FR\" \/>\n<meta property=\"og:type\" content=\"article\" \/>\n<meta property=\"og:title\" content=\"Pin - Alutec\" \/>\n<meta property=\"og:description\" content=\"Pin massif verni. Epaisseur 40mm. Utilisation \u00e0 l&rsquo;int\u00e9rieur. Dans n&rsquo;importe laquelle de nos finitions. Peut \u00eatre combin\u00e9 avec n&rsquo;importe laquelle de nos tables.\" \/>\n<meta property=\"og:url\" content=\"https:\/\/www.alutec.es\/fr\/produit\/pin\/\" \/>\n<meta property=\"og:site_name\" content=\"Alutec\" \/>\n<meta property=\"article:modified_time\" content=\"2022-09-13T15:40:22+00:00\" \/>\n<meta property=\"og:image\" content=\"https:\/\/www.alutec.es\/wp-content\/uploads\/2020\/07\/Alutec_427.jpg\" \/>\n\t<meta property=\"og:image:width\" content=\"600\" \/>\n\t<meta property=\"og:image:height\" content=\"900\" \/>\n\t<meta property=\"og:image:type\" content=\"image\/jpeg\" \/>\n<meta name=\"twitter:card\" content=\"summary_large_image\" \/>\n<script type=\"application\/ld+json\" class=\"yoast-schema-graph\">{\"@context\":\"https:\/\/schema.org\",\"@graph\":[{\"@type\":\"WebPage\",\"@id\":\"https:\/\/www.alutec.es\/fr\/produit\/pin\/\",\"url\":\"https:\/\/www.alutec.es\/fr\/produit\/pin\/\",\"name\":\"Pin - Alutec\",\"isPartOf\":{\"@id\":\"https:\/\/www.alutec.es\/fr\/#website\"},\"primaryImageOfPage\":{\"@id\":\"https:\/\/www.alutec.es\/fr\/produit\/pin\/#primaryimage\"},\"image\":{\"@id\":\"https:\/\/www.alutec.es\/fr\/produit\/pin\/#primaryimage\"},\"thumbnailUrl\":\"https:\/\/www.alutec.es\/wp-content\/uploads\/2020\/07\/Alutec_427.jpg\",\"datePublished\":\"2022-09-07T10:29:10+00:00\",\"dateModified\":\"2022-09-13T15:40:22+00:00\",\"breadcrumb\":{\"@id\":\"https:\/\/www.alutec.es\/fr\/produit\/pin\/#breadcrumb\"},\"inLanguage\":\"fr-FR\",\"potentialAction\":[{\"@type\":\"ReadAction\",\"target\":[\"https:\/\/www.alutec.es\/fr\/produit\/pin\/\"]}]},{\"@type\":\"ImageObject\",\"inLanguage\":\"fr-FR\",\"@id\":\"https:\/\/www.alutec.es\/fr\/produit\/pin\/#primaryimage\",\"url\":\"https:\/\/www.alutec.es\/wp-content\/uploads\/2020\/07\/Alutec_427.jpg\",\"contentUrl\":\"https:\/\/www.alutec.es\/wp-content\/uploads\/2020\/07\/Alutec_427.jpg\",\"width\":600,\"height\":900},{\"@type\":\"BreadcrumbList\",\"@id\":\"https:\/\/www.alutec.es\/fr\/produit\/pin\/#breadcrumb\",\"itemListElement\":[{\"@type\":\"ListItem\",\"position\":1,\"name\":\"Page de garde\",\"item\":\"https:\/\/www.alutec.es\/fr\/home\/\"},{\"@type\":\"ListItem\",\"position\":2,\"name\":\"Produits\",\"item\":\"https:\/\/www.alutec.es\/fr\/catalogue\/\"},{\"@type\":\"ListItem\",\"position\":3,\"name\":\"Pin\"}]},{\"@type\":\"WebSite\",\"@id\":\"https:\/\/www.alutec.es\/fr\/#website\",\"url\":\"https:\/\/www.alutec.es\/fr\/\",\"name\":\"Alutec\",\"description\":\"Conception et fabrication de chaises, tabourets et tables.\",\"potentialAction\":[{\"@type\":\"SearchAction\",\"target\":{\"@type\":\"EntryPoint\",\"urlTemplate\":\"https:\/\/www.alutec.es\/fr\/?s={search_term_string}\"},\"query-input\":\"required name=search_term_string\"}],\"inLanguage\":\"fr-FR\"}]}<\/script>\n<!-- \/ Yoast SEO plugin. -->","yoast_head_json":{"title":"Pin - Alutec","robots":{"index":"index","follow":"follow","max-snippet":"max-snippet:-1","max-image-preview":"max-image-preview:large","max-video-preview":"max-video-preview:-1"},"canonical":"https:\/\/www.alutec.es\/fr\/produit\/pin\/","og_locale":"fr_FR","og_type":"article","og_title":"Pin - Alutec","og_description":"Pin massif verni. Epaisseur 40mm. Utilisation \u00e0 l&rsquo;int\u00e9rieur. Dans n&rsquo;importe laquelle de nos finitions. Peut \u00eatre combin\u00e9 avec n&rsquo;importe laquelle de nos tables.","og_url":"https:\/\/www.alutec.es\/fr\/produit\/pin\/","og_site_name":"Alutec","article_modified_time":"2022-09-13T15:40:22+00:00","og_image":[{"width":600,"height":900,"url":"https:\/\/www.alutec.es\/wp-content\/uploads\/2020\/07\/Alutec_427.jpg","type":"image\/jpeg"}],"twitter_card":"summary_large_image","schema":{"@context":"https:\/\/schema.org","@graph":[{"@type":"WebPage","@id":"https:\/\/www.alutec.es\/fr\/produit\/pin\/","url":"https:\/\/www.alutec.es\/fr\/produit\/pin\/","name":"Pin - Alutec","isPartOf":{"@id":"https:\/\/www.alutec.es\/fr\/#website"},"primaryImageOfPage":{"@id":"https:\/\/www.alutec.es\/fr\/produit\/pin\/#primaryimage"},"image":{"@id":"https:\/\/www.alutec.es\/fr\/produit\/pin\/#primaryimage"},"thumbnailUrl":"https:\/\/www.alutec.es\/wp-content\/uploads\/2020\/07\/Alutec_427.jpg","datePublished":"2022-09-07T10:29:10+00:00","dateModified":"2022-09-13T15:40:22+00:00","breadcrumb":{"@id":"https:\/\/www.alutec.es\/fr\/produit\/pin\/#breadcrumb"},"inLanguage":"fr-FR","potentialAction":[{"@type":"ReadAction","target":["https:\/\/www.alutec.es\/fr\/produit\/pin\/"]}]},{"@type":"ImageObject","inLanguage":"fr-FR","@id":"https:\/\/www.alutec.es\/fr\/produit\/pin\/#primaryimage","url":"https:\/\/www.alutec.es\/wp-content\/uploads\/2020\/07\/Alutec_427.jpg","contentUrl":"https:\/\/www.alutec.es\/wp-content\/uploads\/2020\/07\/Alutec_427.jpg","width":600,"height":900},{"@type":"BreadcrumbList","@id":"https:\/\/www.alutec.es\/fr\/produit\/pin\/#breadcrumb","itemListElement":[{"@type":"ListItem","position":1,"name":"Page de garde","item":"https:\/\/www.alutec.es\/fr\/home\/"},{"@type":"ListItem","position":2,"name":"Produits","item":"https:\/\/www.alutec.es\/fr\/catalogue\/"},{"@type":"ListItem","position":3,"name":"Pin"}]},{"@type":"WebSite","@id":"https:\/\/www.alutec.es\/fr\/#website","url":"https:\/\/www.alutec.es\/fr\/","name":"Alutec","description":"Conception et fabrication de chaises, tabourets et tables.","potentialAction":[{"@type":"SearchAction","target":{"@type":"EntryPoint","urlTemplate":"https:\/\/www.alutec.es\/fr\/?s={search_term_string}"},"query-input":"required name=search_term_string"}],"inLanguage":"fr-FR"}]}},"_links":{"self":[{"href":"https:\/\/www.alutec.es\/fr\/wp-json\/wp\/v2\/product\/6052"}],"collection":[{"href":"https:\/\/www.alutec.es\/fr\/wp-json\/wp\/v2\/product"}],"about":[{"href":"https:\/\/www.alutec.es\/fr\/wp-json\/wp\/v2\/types\/product"}],"wp:featuredmedia":[{"embeddable":true,"href":"https:\/\/www.alutec.es\/fr\/wp-json\/wp\/v2\/media\/3843"}],"wp:attachment":[{"href":"https:\/\/www.alutec.es\/fr\/wp-json\/wp\/v2\/media?parent=6052"}],"wp:term":[{"taxonomy":"product_cat","embeddable":true,"href":"https:\/\/www.alutec.es\/fr\/wp-json\/wp\/v2\/product_cat?post=6052"},{"taxonomy":"product_tag","embeddable":true,"href":"https:\/\/www.alutec.es\/fr\/wp-json\/wp\/v2\/product_tag?post=6052"}],"curies":[{"name":"wp","href":"https:\/\/api.w.org\/{rel}","templated":true}]}}