{"id":5324,"date":"2022-03-24T10:45:58","date_gmt":"2022-03-24T08:45:58","guid":{"rendered":"https:\/\/www.alutec.es\/?post_type=product&#038;p=5324"},"modified":"2022-09-12T22:05:20","modified_gmt":"2022-09-12T20:05:20","slug":"aisea","status":"publish","type":"product","link":"https:\/\/www.alutec.es\/fr\/produit\/aisea\/","title":{"rendered":"Aisea"},"content":{"rendered":"<p>Butaca Aisea, un dise\u00f1o vers\u00e1til para que su uso sea perfecto tanto en hosteler\u00eda y hoteles como en hogar.<\/p>\n<p>Es una butaca de medidas generosas y fabricada en materiales de la m\u00e1s alta calidad, perfecta para contract.<\/p>\n<p>En el respaldo encontrar\u00e9is el detalle m\u00e1s particular de este dise\u00f1o, las varillas que nacen del asiento se curvan abrazando el respaldo en un gesto muy elegante y especial.<\/p>\n<p>El asiento se plantea en coj\u00edn desenfundable para la estructura en aluminio y uso exterior.<\/p>\n<p>O en tapizado cuando la estructura es en acero y uso interior.<\/p>\n<p>El acabado final tanto para la estructura en aluminio como en acero es en pintura.<\/p>\n<p>Para combinar con otros dise\u00f1os en un mismo espacio, aconsejamos la silla LaBlanca.<\/p>\n<p>&nbsp;<\/p>\n<p>&nbsp;<\/p>\n","protected":false},"excerpt":{"rendered":"<p>JA Ram\u00edrez<\/p>\n","protected":false},"featured_media":5327,"template":"","meta":[],"product_cat":[1231,1240],"product_tag":[184,362,363,510,1228,1097,512,1098,185,1099,513,268,186,269,548,188,189,253,365,401],"acf":[],"yoast_head":"<!-- This site is optimized with the Yoast SEO plugin v22.7 - https:\/\/yoast.com\/wordpress\/plugins\/seo\/ -->\n<title>Aisea - Alutec<\/title>\n<meta name=\"description\" content=\"Le fauteuil Aisea a \u00e9t\u00e9 con\u00e7u et fabriqu\u00e9 en tenant compte d&#039;une bonne durabilit\u00e9 \u00e0 la fois pour une utilisation dans l&#039;h\u00f4tellerie et l&#039;h\u00f4tellerie ainsi qu&#039;\u00e0 la maison.\" \/>\n<meta name=\"robots\" content=\"index, follow, max-snippet:-1, max-image-preview:large, max-video-preview:-1\" \/>\n<link rel=\"canonical\" href=\"https:\/\/www.alutec.es\/fr\/produit\/aisea\/\" \/>\n<meta property=\"og:locale\" content=\"fr_FR\" \/>\n<meta property=\"og:type\" content=\"article\" \/>\n<meta property=\"og:title\" content=\"Aisea - Alutec\" \/>\n<meta property=\"og:description\" content=\"Le fauteuil Aisea a \u00e9t\u00e9 con\u00e7u et fabriqu\u00e9 en tenant compte d&#039;une bonne durabilit\u00e9 \u00e0 la fois pour une utilisation dans l&#039;h\u00f4tellerie et l&#039;h\u00f4tellerie ainsi qu&#039;\u00e0 la maison.\" \/>\n<meta property=\"og:url\" content=\"https:\/\/www.alutec.es\/fr\/produit\/aisea\/\" \/>\n<meta property=\"og:site_name\" content=\"Alutec\" \/>\n<meta property=\"article:modified_time\" content=\"2022-09-12T20:05:20+00:00\" \/>\n<meta property=\"og:image\" content=\"https:\/\/www.alutec.es\/wp-content\/uploads\/2022\/03\/2L8A5823-scaled.jpg\" \/>\n\t<meta property=\"og:image:width\" content=\"1707\" \/>\n\t<meta property=\"og:image:height\" content=\"2560\" \/>\n\t<meta property=\"og:image:type\" content=\"image\/jpeg\" \/>\n<meta name=\"twitter:card\" content=\"summary_large_image\" \/>\n<meta name=\"twitter:label1\" content=\"Dur\u00e9e de lecture estim\u00e9e\" \/>\n\t<meta name=\"twitter:data1\" content=\"1 minute\" \/>\n<script type=\"application\/ld+json\" class=\"yoast-schema-graph\">{\"@context\":\"https:\/\/schema.org\",\"@graph\":[{\"@type\":\"WebPage\",\"@id\":\"https:\/\/www.alutec.es\/fr\/produit\/aisea\/\",\"url\":\"https:\/\/www.alutec.es\/fr\/produit\/aisea\/\",\"name\":\"Aisea - Alutec\",\"isPartOf\":{\"@id\":\"https:\/\/www.alutec.es\/fr\/#website\"},\"primaryImageOfPage\":{\"@id\":\"https:\/\/www.alutec.es\/fr\/produit\/aisea\/#primaryimage\"},\"image\":{\"@id\":\"https:\/\/www.alutec.es\/fr\/produit\/aisea\/#primaryimage\"},\"thumbnailUrl\":\"https:\/\/www.alutec.es\/wp-content\/uploads\/2022\/03\/2L8A5823-scaled.jpg\",\"datePublished\":\"2022-03-24T08:45:58+00:00\",\"dateModified\":\"2022-09-12T20:05:20+00:00\",\"description\":\"Le fauteuil Aisea a \u00e9t\u00e9 con\u00e7u et fabriqu\u00e9 en tenant compte d'une bonne durabilit\u00e9 \u00e0 la fois pour une utilisation dans l'h\u00f4tellerie et l'h\u00f4tellerie ainsi qu'\u00e0 la maison.\",\"breadcrumb\":{\"@id\":\"https:\/\/www.alutec.es\/fr\/produit\/aisea\/#breadcrumb\"},\"inLanguage\":\"fr-FR\",\"potentialAction\":[{\"@type\":\"ReadAction\",\"target\":[\"https:\/\/www.alutec.es\/fr\/produit\/aisea\/\"]}]},{\"@type\":\"ImageObject\",\"inLanguage\":\"fr-FR\",\"@id\":\"https:\/\/www.alutec.es\/fr\/produit\/aisea\/#primaryimage\",\"url\":\"https:\/\/www.alutec.es\/wp-content\/uploads\/2022\/03\/2L8A5823-scaled.jpg\",\"contentUrl\":\"https:\/\/www.alutec.es\/wp-content\/uploads\/2022\/03\/2L8A5823-scaled.jpg\",\"width\":1707,\"height\":2560},{\"@type\":\"BreadcrumbList\",\"@id\":\"https:\/\/www.alutec.es\/fr\/produit\/aisea\/#breadcrumb\",\"itemListElement\":[{\"@type\":\"ListItem\",\"position\":1,\"name\":\"Page de garde\",\"item\":\"https:\/\/www.alutec.es\/fr\/home\/\"},{\"@type\":\"ListItem\",\"position\":2,\"name\":\"Produits\",\"item\":\"https:\/\/www.alutec.es\/fr\/catalogue\/\"},{\"@type\":\"ListItem\",\"position\":3,\"name\":\"Aisea\"}]},{\"@type\":\"WebSite\",\"@id\":\"https:\/\/www.alutec.es\/fr\/#website\",\"url\":\"https:\/\/www.alutec.es\/fr\/\",\"name\":\"Alutec\",\"description\":\"Conception et fabrication de chaises, tabourets et tables.\",\"potentialAction\":[{\"@type\":\"SearchAction\",\"target\":{\"@type\":\"EntryPoint\",\"urlTemplate\":\"https:\/\/www.alutec.es\/fr\/?s={search_term_string}\"},\"query-input\":\"required name=search_term_string\"}],\"inLanguage\":\"fr-FR\"}]}<\/script>\n<!-- \/ Yoast SEO plugin. -->","yoast_head_json":{"title":"Aisea - Alutec","description":"Le fauteuil Aisea a \u00e9t\u00e9 con\u00e7u et fabriqu\u00e9 en tenant compte d'une bonne durabilit\u00e9 \u00e0 la fois pour une utilisation dans l'h\u00f4tellerie et l'h\u00f4tellerie ainsi qu'\u00e0 la maison.","robots":{"index":"index","follow":"follow","max-snippet":"max-snippet:-1","max-image-preview":"max-image-preview:large","max-video-preview":"max-video-preview:-1"},"canonical":"https:\/\/www.alutec.es\/fr\/produit\/aisea\/","og_locale":"fr_FR","og_type":"article","og_title":"Aisea - Alutec","og_description":"Le fauteuil Aisea a \u00e9t\u00e9 con\u00e7u et fabriqu\u00e9 en tenant compte d'une bonne durabilit\u00e9 \u00e0 la fois pour une utilisation dans l'h\u00f4tellerie et l'h\u00f4tellerie ainsi qu'\u00e0 la maison.","og_url":"https:\/\/www.alutec.es\/fr\/produit\/aisea\/","og_site_name":"Alutec","article_modified_time":"2022-09-12T20:05:20+00:00","og_image":[{"width":1707,"height":2560,"url":"https:\/\/www.alutec.es\/wp-content\/uploads\/2022\/03\/2L8A5823-scaled.jpg","type":"image\/jpeg"}],"twitter_card":"summary_large_image","twitter_misc":{"Dur\u00e9e de lecture estim\u00e9e":"1 minute"},"schema":{"@context":"https:\/\/schema.org","@graph":[{"@type":"WebPage","@id":"https:\/\/www.alutec.es\/fr\/produit\/aisea\/","url":"https:\/\/www.alutec.es\/fr\/produit\/aisea\/","name":"Aisea - Alutec","isPartOf":{"@id":"https:\/\/www.alutec.es\/fr\/#website"},"primaryImageOfPage":{"@id":"https:\/\/www.alutec.es\/fr\/produit\/aisea\/#primaryimage"},"image":{"@id":"https:\/\/www.alutec.es\/fr\/produit\/aisea\/#primaryimage"},"thumbnailUrl":"https:\/\/www.alutec.es\/wp-content\/uploads\/2022\/03\/2L8A5823-scaled.jpg","datePublished":"2022-03-24T08:45:58+00:00","dateModified":"2022-09-12T20:05:20+00:00","description":"Le fauteuil Aisea a \u00e9t\u00e9 con\u00e7u et fabriqu\u00e9 en tenant compte d'une bonne durabilit\u00e9 \u00e0 la fois pour une utilisation dans l'h\u00f4tellerie et l'h\u00f4tellerie ainsi qu'\u00e0 la maison.","breadcrumb":{"@id":"https:\/\/www.alutec.es\/fr\/produit\/aisea\/#breadcrumb"},"inLanguage":"fr-FR","potentialAction":[{"@type":"ReadAction","target":["https:\/\/www.alutec.es\/fr\/produit\/aisea\/"]}]},{"@type":"ImageObject","inLanguage":"fr-FR","@id":"https:\/\/www.alutec.es\/fr\/produit\/aisea\/#primaryimage","url":"https:\/\/www.alutec.es\/wp-content\/uploads\/2022\/03\/2L8A5823-scaled.jpg","contentUrl":"https:\/\/www.alutec.es\/wp-content\/uploads\/2022\/03\/2L8A5823-scaled.jpg","width":1707,"height":2560},{"@type":"BreadcrumbList","@id":"https:\/\/www.alutec.es\/fr\/produit\/aisea\/#breadcrumb","itemListElement":[{"@type":"ListItem","position":1,"name":"Page de garde","item":"https:\/\/www.alutec.es\/fr\/home\/"},{"@type":"ListItem","position":2,"name":"Produits","item":"https:\/\/www.alutec.es\/fr\/catalogue\/"},{"@type":"ListItem","position":3,"name":"Aisea"}]},{"@type":"WebSite","@id":"https:\/\/www.alutec.es\/fr\/#website","url":"https:\/\/www.alutec.es\/fr\/","name":"Alutec","description":"Conception et fabrication de chaises, tabourets et tables.","potentialAction":[{"@type":"SearchAction","target":{"@type":"EntryPoint","urlTemplate":"https:\/\/www.alutec.es\/fr\/?s={search_term_string}"},"query-input":"required name=search_term_string"}],"inLanguage":"fr-FR"}]}},"_links":{"self":[{"href":"https:\/\/www.alutec.es\/fr\/wp-json\/wp\/v2\/product\/5324"}],"collection":[{"href":"https:\/\/www.alutec.es\/fr\/wp-json\/wp\/v2\/product"}],"about":[{"href":"https:\/\/www.alutec.es\/fr\/wp-json\/wp\/v2\/types\/product"}],"wp:featuredmedia":[{"embeddable":true,"href":"https:\/\/www.alutec.es\/fr\/wp-json\/wp\/v2\/media\/5327"}],"wp:attachment":[{"href":"https:\/\/www.alutec.es\/fr\/wp-json\/wp\/v2\/media?parent=5324"}],"wp:term":[{"taxonomy":"product_cat","embeddable":true,"href":"https:\/\/www.alutec.es\/fr\/wp-json\/wp\/v2\/product_cat?post=5324"},{"taxonomy":"product_tag","embeddable":true,"href":"https:\/\/www.alutec.es\/fr\/wp-json\/wp\/v2\/product_tag?post=5324"}],"curies":[{"name":"wp","href":"https:\/\/api.w.org\/{rel}","templated":true}]}}