{"id":5186,"date":"2021-05-12T10:55:09","date_gmt":"2021-05-12T08:55:09","guid":{"rendered":"https:\/\/www.alutec.es\/producto\/aro-deco\/"},"modified":"2023-02-13T12:52:51","modified_gmt":"2023-02-13T10:52:51","slug":"marine-plywood-with-veneer-veneer-veneer-veneer-veneer-veneer","status":"publish","type":"product","link":"https:\/\/www.alutec.es\/fr\/produit\/marine-plywood-with-veneer-veneer-veneer-veneer-veneer-veneer\/","title":{"rendered":"Aro Dec\u00f3"},"content":{"rendered":"<p>Plateau en contreplaqu\u00e9 marine avec placage stratifi\u00e9 dans l&rsquo;une de nos finitions et anneau en aluminium anodis\u00e9 rainur\u00e9.<\/p>\n<p>Epaisseur 40mm.<\/p>\n<p>Utilisation int\u00e9rieure \/ ext\u00e9rieure.<\/p>\n<p>Combinable avec tous nos pieds de table.<\/p>\n","protected":false},"excerpt":{"rendered":"<p>JA Ram\u00edrez Design<\/p>\n","protected":false},"featured_media":4871,"template":"","meta":[],"product_cat":[78],"product_tag":[],"acf":[],"yoast_head":"<!-- This site is optimized with the Yoast SEO plugin v22.7 - https:\/\/yoast.com\/wordpress\/plugins\/seo\/ -->\n<title>Aro Dec\u00f3 - Alutec<\/title>\n<meta name=\"description\" content=\"Plateau de table en contreplaqu\u00e9 marine avec placage en stratifi\u00e9. cerclage en aluminium anodis\u00e9. Convient pour l&#039;h\u00f4tellerie et les collectivit\u00e9s.\" \/>\n<meta name=\"robots\" content=\"index, follow, max-snippet:-1, max-image-preview:large, max-video-preview:-1\" \/>\n<link rel=\"canonical\" href=\"https:\/\/www.alutec.es\/fr\/produit\/marine-plywood-with-veneer-veneer-veneer-veneer-veneer-veneer\/\" \/>\n<meta property=\"og:locale\" content=\"fr_FR\" \/>\n<meta property=\"og:type\" content=\"article\" \/>\n<meta property=\"og:title\" content=\"Aro Dec\u00f3 - Alutec\" \/>\n<meta property=\"og:description\" content=\"Plateau de table en contreplaqu\u00e9 marine avec placage en stratifi\u00e9. cerclage en aluminium anodis\u00e9. Convient pour l&#039;h\u00f4tellerie et les collectivit\u00e9s.\" \/>\n<meta property=\"og:url\" content=\"https:\/\/www.alutec.es\/fr\/produit\/marine-plywood-with-veneer-veneer-veneer-veneer-veneer-veneer\/\" \/>\n<meta property=\"og:site_name\" content=\"Alutec\" \/>\n<meta property=\"article:modified_time\" content=\"2023-02-13T10:52:51+00:00\" \/>\n<meta property=\"og:image\" content=\"https:\/\/www.alutec.es\/wp-content\/uploads\/2021\/05\/ALUTEC__0008-copia.jpg\" \/>\n\t<meta property=\"og:image:width\" content=\"900\" \/>\n\t<meta property=\"og:image:height\" content=\"1350\" \/>\n\t<meta property=\"og:image:type\" content=\"image\/jpeg\" \/>\n<meta name=\"twitter:card\" content=\"summary_large_image\" \/>\n<script type=\"application\/ld+json\" class=\"yoast-schema-graph\">{\"@context\":\"https:\/\/schema.org\",\"@graph\":[{\"@type\":\"WebPage\",\"@id\":\"https:\/\/www.alutec.es\/fr\/produit\/marine-plywood-with-veneer-veneer-veneer-veneer-veneer-veneer\/\",\"url\":\"https:\/\/www.alutec.es\/fr\/produit\/marine-plywood-with-veneer-veneer-veneer-veneer-veneer-veneer\/\",\"name\":\"Aro Dec\u00f3 - Alutec\",\"isPartOf\":{\"@id\":\"https:\/\/www.alutec.es\/fr\/#website\"},\"primaryImageOfPage\":{\"@id\":\"https:\/\/www.alutec.es\/fr\/produit\/marine-plywood-with-veneer-veneer-veneer-veneer-veneer-veneer\/#primaryimage\"},\"image\":{\"@id\":\"https:\/\/www.alutec.es\/fr\/produit\/marine-plywood-with-veneer-veneer-veneer-veneer-veneer-veneer\/#primaryimage\"},\"thumbnailUrl\":\"https:\/\/www.alutec.es\/wp-content\/uploads\/2021\/05\/ALUTEC__0008-copia.jpg\",\"datePublished\":\"2021-05-12T08:55:09+00:00\",\"dateModified\":\"2023-02-13T10:52:51+00:00\",\"description\":\"Plateau de table en contreplaqu\u00e9 marine avec placage en stratifi\u00e9. cerclage en aluminium anodis\u00e9. Convient pour l'h\u00f4tellerie et les collectivit\u00e9s.\",\"breadcrumb\":{\"@id\":\"https:\/\/www.alutec.es\/fr\/produit\/marine-plywood-with-veneer-veneer-veneer-veneer-veneer-veneer\/#breadcrumb\"},\"inLanguage\":\"fr-FR\",\"potentialAction\":[{\"@type\":\"ReadAction\",\"target\":[\"https:\/\/www.alutec.es\/fr\/produit\/marine-plywood-with-veneer-veneer-veneer-veneer-veneer-veneer\/\"]}]},{\"@type\":\"ImageObject\",\"inLanguage\":\"fr-FR\",\"@id\":\"https:\/\/www.alutec.es\/fr\/produit\/marine-plywood-with-veneer-veneer-veneer-veneer-veneer-veneer\/#primaryimage\",\"url\":\"https:\/\/www.alutec.es\/wp-content\/uploads\/2021\/05\/ALUTEC__0008-copia.jpg\",\"contentUrl\":\"https:\/\/www.alutec.es\/wp-content\/uploads\/2021\/05\/ALUTEC__0008-copia.jpg\",\"width\":900,\"height\":1350},{\"@type\":\"BreadcrumbList\",\"@id\":\"https:\/\/www.alutec.es\/fr\/produit\/marine-plywood-with-veneer-veneer-veneer-veneer-veneer-veneer\/#breadcrumb\",\"itemListElement\":[{\"@type\":\"ListItem\",\"position\":1,\"name\":\"Page de garde\",\"item\":\"https:\/\/www.alutec.es\/fr\/home\/\"},{\"@type\":\"ListItem\",\"position\":2,\"name\":\"Produits\",\"item\":\"https:\/\/www.alutec.es\/fr\/catalogue\/\"},{\"@type\":\"ListItem\",\"position\":3,\"name\":\"Aro Dec\u00f3\"}]},{\"@type\":\"WebSite\",\"@id\":\"https:\/\/www.alutec.es\/fr\/#website\",\"url\":\"https:\/\/www.alutec.es\/fr\/\",\"name\":\"Alutec\",\"description\":\"Conception et fabrication de chaises, tabourets et tables.\",\"potentialAction\":[{\"@type\":\"SearchAction\",\"target\":{\"@type\":\"EntryPoint\",\"urlTemplate\":\"https:\/\/www.alutec.es\/fr\/?s={search_term_string}\"},\"query-input\":\"required name=search_term_string\"}],\"inLanguage\":\"fr-FR\"}]}<\/script>\n<!-- \/ Yoast SEO plugin. -->","yoast_head_json":{"title":"Aro Dec\u00f3 - Alutec","description":"Plateau de table en contreplaqu\u00e9 marine avec placage en stratifi\u00e9. cerclage en aluminium anodis\u00e9. Convient pour l'h\u00f4tellerie et les collectivit\u00e9s.","robots":{"index":"index","follow":"follow","max-snippet":"max-snippet:-1","max-image-preview":"max-image-preview:large","max-video-preview":"max-video-preview:-1"},"canonical":"https:\/\/www.alutec.es\/fr\/produit\/marine-plywood-with-veneer-veneer-veneer-veneer-veneer-veneer\/","og_locale":"fr_FR","og_type":"article","og_title":"Aro Dec\u00f3 - Alutec","og_description":"Plateau de table en contreplaqu\u00e9 marine avec placage en stratifi\u00e9. cerclage en aluminium anodis\u00e9. Convient pour l'h\u00f4tellerie et les collectivit\u00e9s.","og_url":"https:\/\/www.alutec.es\/fr\/produit\/marine-plywood-with-veneer-veneer-veneer-veneer-veneer-veneer\/","og_site_name":"Alutec","article_modified_time":"2023-02-13T10:52:51+00:00","og_image":[{"width":900,"height":1350,"url":"https:\/\/www.alutec.es\/wp-content\/uploads\/2021\/05\/ALUTEC__0008-copia.jpg","type":"image\/jpeg"}],"twitter_card":"summary_large_image","schema":{"@context":"https:\/\/schema.org","@graph":[{"@type":"WebPage","@id":"https:\/\/www.alutec.es\/fr\/produit\/marine-plywood-with-veneer-veneer-veneer-veneer-veneer-veneer\/","url":"https:\/\/www.alutec.es\/fr\/produit\/marine-plywood-with-veneer-veneer-veneer-veneer-veneer-veneer\/","name":"Aro Dec\u00f3 - Alutec","isPartOf":{"@id":"https:\/\/www.alutec.es\/fr\/#website"},"primaryImageOfPage":{"@id":"https:\/\/www.alutec.es\/fr\/produit\/marine-plywood-with-veneer-veneer-veneer-veneer-veneer-veneer\/#primaryimage"},"image":{"@id":"https:\/\/www.alutec.es\/fr\/produit\/marine-plywood-with-veneer-veneer-veneer-veneer-veneer-veneer\/#primaryimage"},"thumbnailUrl":"https:\/\/www.alutec.es\/wp-content\/uploads\/2021\/05\/ALUTEC__0008-copia.jpg","datePublished":"2021-05-12T08:55:09+00:00","dateModified":"2023-02-13T10:52:51+00:00","description":"Plateau de table en contreplaqu\u00e9 marine avec placage en stratifi\u00e9. cerclage en aluminium anodis\u00e9. Convient pour l'h\u00f4tellerie et les collectivit\u00e9s.","breadcrumb":{"@id":"https:\/\/www.alutec.es\/fr\/produit\/marine-plywood-with-veneer-veneer-veneer-veneer-veneer-veneer\/#breadcrumb"},"inLanguage":"fr-FR","potentialAction":[{"@type":"ReadAction","target":["https:\/\/www.alutec.es\/fr\/produit\/marine-plywood-with-veneer-veneer-veneer-veneer-veneer-veneer\/"]}]},{"@type":"ImageObject","inLanguage":"fr-FR","@id":"https:\/\/www.alutec.es\/fr\/produit\/marine-plywood-with-veneer-veneer-veneer-veneer-veneer-veneer\/#primaryimage","url":"https:\/\/www.alutec.es\/wp-content\/uploads\/2021\/05\/ALUTEC__0008-copia.jpg","contentUrl":"https:\/\/www.alutec.es\/wp-content\/uploads\/2021\/05\/ALUTEC__0008-copia.jpg","width":900,"height":1350},{"@type":"BreadcrumbList","@id":"https:\/\/www.alutec.es\/fr\/produit\/marine-plywood-with-veneer-veneer-veneer-veneer-veneer-veneer\/#breadcrumb","itemListElement":[{"@type":"ListItem","position":1,"name":"Page de garde","item":"https:\/\/www.alutec.es\/fr\/home\/"},{"@type":"ListItem","position":2,"name":"Produits","item":"https:\/\/www.alutec.es\/fr\/catalogue\/"},{"@type":"ListItem","position":3,"name":"Aro Dec\u00f3"}]},{"@type":"WebSite","@id":"https:\/\/www.alutec.es\/fr\/#website","url":"https:\/\/www.alutec.es\/fr\/","name":"Alutec","description":"Conception et fabrication de chaises, tabourets et tables.","potentialAction":[{"@type":"SearchAction","target":{"@type":"EntryPoint","urlTemplate":"https:\/\/www.alutec.es\/fr\/?s={search_term_string}"},"query-input":"required name=search_term_string"}],"inLanguage":"fr-FR"}]}},"_links":{"self":[{"href":"https:\/\/www.alutec.es\/fr\/wp-json\/wp\/v2\/product\/5186"}],"collection":[{"href":"https:\/\/www.alutec.es\/fr\/wp-json\/wp\/v2\/product"}],"about":[{"href":"https:\/\/www.alutec.es\/fr\/wp-json\/wp\/v2\/types\/product"}],"wp:featuredmedia":[{"embeddable":true,"href":"https:\/\/www.alutec.es\/fr\/wp-json\/wp\/v2\/media\/4871"}],"wp:attachment":[{"href":"https:\/\/www.alutec.es\/fr\/wp-json\/wp\/v2\/media?parent=5186"}],"wp:term":[{"taxonomy":"product_cat","embeddable":true,"href":"https:\/\/www.alutec.es\/fr\/wp-json\/wp\/v2\/product_cat?post=5186"},{"taxonomy":"product_tag","embeddable":true,"href":"https:\/\/www.alutec.es\/fr\/wp-json\/wp\/v2\/product_tag?post=5186"}],"curies":[{"name":"wp","href":"https:\/\/api.w.org\/{rel}","templated":true}]}}