{"id":4840,"date":"2021-03-03T12:12:44","date_gmt":"2021-03-03T10:12:44","guid":{"rendered":"https:\/\/www.alutec.es\/?post_type=product&#038;p=4840"},"modified":"2022-09-13T12:23:17","modified_gmt":"2022-09-13T10:23:17","slug":"chaise-tresse-terrasse","status":"publish","type":"product","link":"https:\/\/www.alutec.es\/fr\/produit\/chaise-tresse-terrasse\/","title":{"rendered":"Paris"},"content":{"rendered":"<p>Con\u00e7u et fabriqu\u00e9 en structure d&rsquo;acier peint avec traitement pour usage ext\u00e9rieur. Assise et dossier tress\u00e9s manuellement. Empilable.<\/p>\n<p>&nbsp;<\/p>\n","protected":false},"excerpt":{"rendered":"<p>Adriana Ramirez<\/p>\n","protected":false},"featured_media":4858,"template":"","meta":[],"product_cat":[1240],"product_tag":[184,1015,185,189,352],"acf":[],"yoast_head":"<!-- This site is optimized with the Yoast SEO plugin v22.7 - https:\/\/yoast.com\/wordpress\/plugins\/seo\/ -->\n<title>Paris - Alutec<\/title>\n<meta name=\"description\" content=\"Chaise tress\u00e9e pour terrasse, structure en acier peint. Con\u00e7u et fabriqu\u00e9 pour la restauration, les restaurants, les h\u00f4tels. Empilable\" \/>\n<meta name=\"robots\" content=\"index, follow, max-snippet:-1, max-image-preview:large, max-video-preview:-1\" \/>\n<link rel=\"canonical\" href=\"https:\/\/www.alutec.es\/fr\/produit\/chaise-tresse-terrasse\/\" \/>\n<meta property=\"og:locale\" content=\"fr_FR\" \/>\n<meta property=\"og:type\" content=\"article\" \/>\n<meta property=\"og:title\" content=\"Paris - Alutec\" \/>\n<meta property=\"og:description\" content=\"Chaise tress\u00e9e pour terrasse, structure en acier peint. Con\u00e7u et fabriqu\u00e9 pour la restauration, les restaurants, les h\u00f4tels. Empilable\" \/>\n<meta property=\"og:url\" content=\"https:\/\/www.alutec.es\/fr\/produit\/chaise-tresse-terrasse\/\" \/>\n<meta property=\"og:site_name\" content=\"Alutec\" \/>\n<meta property=\"article:modified_time\" content=\"2022-09-13T10:23:17+00:00\" \/>\n<meta property=\"og:image\" content=\"https:\/\/www.alutec.es\/wp-content\/uploads\/2021\/03\/Alutec_octubre_57.jpg\" \/>\n\t<meta property=\"og:image:width\" content=\"600\" \/>\n\t<meta property=\"og:image:height\" content=\"900\" \/>\n\t<meta property=\"og:image:type\" content=\"image\/jpeg\" \/>\n<meta name=\"twitter:card\" content=\"summary_large_image\" \/>\n<script type=\"application\/ld+json\" class=\"yoast-schema-graph\">{\"@context\":\"https:\/\/schema.org\",\"@graph\":[{\"@type\":\"WebPage\",\"@id\":\"https:\/\/www.alutec.es\/fr\/produit\/chaise-tresse-terrasse\/\",\"url\":\"https:\/\/www.alutec.es\/fr\/produit\/chaise-tresse-terrasse\/\",\"name\":\"Paris - Alutec\",\"isPartOf\":{\"@id\":\"https:\/\/www.alutec.es\/fr\/#website\"},\"primaryImageOfPage\":{\"@id\":\"https:\/\/www.alutec.es\/fr\/produit\/chaise-tresse-terrasse\/#primaryimage\"},\"image\":{\"@id\":\"https:\/\/www.alutec.es\/fr\/produit\/chaise-tresse-terrasse\/#primaryimage\"},\"thumbnailUrl\":\"https:\/\/www.alutec.es\/wp-content\/uploads\/2021\/03\/Alutec_octubre_57.jpg\",\"datePublished\":\"2021-03-03T10:12:44+00:00\",\"dateModified\":\"2022-09-13T10:23:17+00:00\",\"description\":\"Chaise tress\u00e9e pour terrasse, structure en acier peint. Con\u00e7u et fabriqu\u00e9 pour la restauration, les restaurants, les h\u00f4tels. Empilable\",\"breadcrumb\":{\"@id\":\"https:\/\/www.alutec.es\/fr\/produit\/chaise-tresse-terrasse\/#breadcrumb\"},\"inLanguage\":\"fr-FR\",\"potentialAction\":[{\"@type\":\"ReadAction\",\"target\":[\"https:\/\/www.alutec.es\/fr\/produit\/chaise-tresse-terrasse\/\"]}]},{\"@type\":\"ImageObject\",\"inLanguage\":\"fr-FR\",\"@id\":\"https:\/\/www.alutec.es\/fr\/produit\/chaise-tresse-terrasse\/#primaryimage\",\"url\":\"https:\/\/www.alutec.es\/wp-content\/uploads\/2021\/03\/Alutec_octubre_57.jpg\",\"contentUrl\":\"https:\/\/www.alutec.es\/wp-content\/uploads\/2021\/03\/Alutec_octubre_57.jpg\",\"width\":600,\"height\":900},{\"@type\":\"BreadcrumbList\",\"@id\":\"https:\/\/www.alutec.es\/fr\/produit\/chaise-tresse-terrasse\/#breadcrumb\",\"itemListElement\":[{\"@type\":\"ListItem\",\"position\":1,\"name\":\"Page de garde\",\"item\":\"https:\/\/www.alutec.es\/fr\/home\/\"},{\"@type\":\"ListItem\",\"position\":2,\"name\":\"Produits\",\"item\":\"https:\/\/www.alutec.es\/fr\/catalogue\/\"},{\"@type\":\"ListItem\",\"position\":3,\"name\":\"Paris\"}]},{\"@type\":\"WebSite\",\"@id\":\"https:\/\/www.alutec.es\/fr\/#website\",\"url\":\"https:\/\/www.alutec.es\/fr\/\",\"name\":\"Alutec\",\"description\":\"Conception et fabrication de chaises, tabourets et tables.\",\"potentialAction\":[{\"@type\":\"SearchAction\",\"target\":{\"@type\":\"EntryPoint\",\"urlTemplate\":\"https:\/\/www.alutec.es\/fr\/?s={search_term_string}\"},\"query-input\":\"required name=search_term_string\"}],\"inLanguage\":\"fr-FR\"}]}<\/script>\n<!-- \/ Yoast SEO plugin. -->","yoast_head_json":{"title":"Paris - Alutec","description":"Chaise tress\u00e9e pour terrasse, structure en acier peint. Con\u00e7u et fabriqu\u00e9 pour la restauration, les restaurants, les h\u00f4tels. Empilable","robots":{"index":"index","follow":"follow","max-snippet":"max-snippet:-1","max-image-preview":"max-image-preview:large","max-video-preview":"max-video-preview:-1"},"canonical":"https:\/\/www.alutec.es\/fr\/produit\/chaise-tresse-terrasse\/","og_locale":"fr_FR","og_type":"article","og_title":"Paris - Alutec","og_description":"Chaise tress\u00e9e pour terrasse, structure en acier peint. Con\u00e7u et fabriqu\u00e9 pour la restauration, les restaurants, les h\u00f4tels. Empilable","og_url":"https:\/\/www.alutec.es\/fr\/produit\/chaise-tresse-terrasse\/","og_site_name":"Alutec","article_modified_time":"2022-09-13T10:23:17+00:00","og_image":[{"width":600,"height":900,"url":"https:\/\/www.alutec.es\/wp-content\/uploads\/2021\/03\/Alutec_octubre_57.jpg","type":"image\/jpeg"}],"twitter_card":"summary_large_image","schema":{"@context":"https:\/\/schema.org","@graph":[{"@type":"WebPage","@id":"https:\/\/www.alutec.es\/fr\/produit\/chaise-tresse-terrasse\/","url":"https:\/\/www.alutec.es\/fr\/produit\/chaise-tresse-terrasse\/","name":"Paris - Alutec","isPartOf":{"@id":"https:\/\/www.alutec.es\/fr\/#website"},"primaryImageOfPage":{"@id":"https:\/\/www.alutec.es\/fr\/produit\/chaise-tresse-terrasse\/#primaryimage"},"image":{"@id":"https:\/\/www.alutec.es\/fr\/produit\/chaise-tresse-terrasse\/#primaryimage"},"thumbnailUrl":"https:\/\/www.alutec.es\/wp-content\/uploads\/2021\/03\/Alutec_octubre_57.jpg","datePublished":"2021-03-03T10:12:44+00:00","dateModified":"2022-09-13T10:23:17+00:00","description":"Chaise tress\u00e9e pour terrasse, structure en acier peint. Con\u00e7u et fabriqu\u00e9 pour la restauration, les restaurants, les h\u00f4tels. Empilable","breadcrumb":{"@id":"https:\/\/www.alutec.es\/fr\/produit\/chaise-tresse-terrasse\/#breadcrumb"},"inLanguage":"fr-FR","potentialAction":[{"@type":"ReadAction","target":["https:\/\/www.alutec.es\/fr\/produit\/chaise-tresse-terrasse\/"]}]},{"@type":"ImageObject","inLanguage":"fr-FR","@id":"https:\/\/www.alutec.es\/fr\/produit\/chaise-tresse-terrasse\/#primaryimage","url":"https:\/\/www.alutec.es\/wp-content\/uploads\/2021\/03\/Alutec_octubre_57.jpg","contentUrl":"https:\/\/www.alutec.es\/wp-content\/uploads\/2021\/03\/Alutec_octubre_57.jpg","width":600,"height":900},{"@type":"BreadcrumbList","@id":"https:\/\/www.alutec.es\/fr\/produit\/chaise-tresse-terrasse\/#breadcrumb","itemListElement":[{"@type":"ListItem","position":1,"name":"Page de garde","item":"https:\/\/www.alutec.es\/fr\/home\/"},{"@type":"ListItem","position":2,"name":"Produits","item":"https:\/\/www.alutec.es\/fr\/catalogue\/"},{"@type":"ListItem","position":3,"name":"Paris"}]},{"@type":"WebSite","@id":"https:\/\/www.alutec.es\/fr\/#website","url":"https:\/\/www.alutec.es\/fr\/","name":"Alutec","description":"Conception et fabrication de chaises, tabourets et tables.","potentialAction":[{"@type":"SearchAction","target":{"@type":"EntryPoint","urlTemplate":"https:\/\/www.alutec.es\/fr\/?s={search_term_string}"},"query-input":"required name=search_term_string"}],"inLanguage":"fr-FR"}]}},"_links":{"self":[{"href":"https:\/\/www.alutec.es\/fr\/wp-json\/wp\/v2\/product\/4840"}],"collection":[{"href":"https:\/\/www.alutec.es\/fr\/wp-json\/wp\/v2\/product"}],"about":[{"href":"https:\/\/www.alutec.es\/fr\/wp-json\/wp\/v2\/types\/product"}],"wp:featuredmedia":[{"embeddable":true,"href":"https:\/\/www.alutec.es\/fr\/wp-json\/wp\/v2\/media\/4858"}],"wp:attachment":[{"href":"https:\/\/www.alutec.es\/fr\/wp-json\/wp\/v2\/media?parent=4840"}],"wp:term":[{"taxonomy":"product_cat","embeddable":true,"href":"https:\/\/www.alutec.es\/fr\/wp-json\/wp\/v2\/product_cat?post=4840"},{"taxonomy":"product_tag","embeddable":true,"href":"https:\/\/www.alutec.es\/fr\/wp-json\/wp\/v2\/product_tag?post=4840"}],"curies":[{"name":"wp","href":"https:\/\/api.w.org\/{rel}","templated":true}]}}