{"id":4819,"date":"2021-03-03T11:03:08","date_gmt":"2021-03-03T09:03:08","guid":{"rendered":"https:\/\/www.alutec.es\/?post_type=product&#038;p=4819"},"modified":"2022-09-13T12:23:11","modified_gmt":"2022-09-13T10:23:11","slug":"aluminium-chair","status":"publish","type":"product","link":"https:\/\/www.alutec.es\/fr\/produit\/aluminium-chair\/","title":{"rendered":"Matilda"},"content":{"rendered":"<p>Collection de chaises et de fauteuils. D\u00e9coration int\u00e9rieure pour les restaurants et les caf\u00e9s. Assise et dossier en t\u00f4le d&rsquo;aluminium cintr\u00e9e et d\u00e9coup\u00e9e.<\/p>\n","protected":false},"excerpt":{"rendered":"<p>Studio Alutec<\/p>\n","protected":false},"featured_media":4822,"template":"","meta":[],"product_cat":[1240],"product_tag":[362,185,186,189,272],"acf":[],"yoast_head":"<!-- This site is optimized with the Yoast SEO plugin v22.7 - https:\/\/yoast.com\/wordpress\/plugins\/seo\/ -->\n<title>Matilda - Alutec<\/title>\n<meta name=\"description\" content=\"Chaise empilable en aluminium peint pour les restaurants, les h\u00f4tels et les terrasses. Fabrication nationale, qualit\u00e9 et durabilit\u00e9.\" \/>\n<meta name=\"robots\" content=\"index, follow, max-snippet:-1, max-image-preview:large, max-video-preview:-1\" \/>\n<link rel=\"canonical\" href=\"https:\/\/www.alutec.es\/fr\/produit\/aluminium-chair\/\" \/>\n<meta property=\"og:locale\" content=\"fr_FR\" \/>\n<meta property=\"og:type\" content=\"article\" \/>\n<meta property=\"og:title\" content=\"Matilda - Alutec\" \/>\n<meta property=\"og:description\" content=\"Chaise empilable en aluminium peint pour les restaurants, les h\u00f4tels et les terrasses. Fabrication nationale, qualit\u00e9 et durabilit\u00e9.\" \/>\n<meta property=\"og:url\" content=\"https:\/\/www.alutec.es\/fr\/produit\/aluminium-chair\/\" \/>\n<meta property=\"og:site_name\" content=\"Alutec\" \/>\n<meta property=\"article:modified_time\" content=\"2022-09-13T10:23:11+00:00\" \/>\n<meta property=\"og:image\" content=\"https:\/\/www.alutec.es\/wp-content\/uploads\/2021\/03\/Alutec_110.jpg\" \/>\n\t<meta property=\"og:image:width\" content=\"600\" \/>\n\t<meta property=\"og:image:height\" content=\"900\" \/>\n\t<meta property=\"og:image:type\" content=\"image\/jpeg\" \/>\n<meta name=\"twitter:card\" content=\"summary_large_image\" \/>\n<script type=\"application\/ld+json\" class=\"yoast-schema-graph\">{\"@context\":\"https:\/\/schema.org\",\"@graph\":[{\"@type\":\"WebPage\",\"@id\":\"https:\/\/www.alutec.es\/fr\/produit\/aluminium-chair\/\",\"url\":\"https:\/\/www.alutec.es\/fr\/produit\/aluminium-chair\/\",\"name\":\"Matilda - Alutec\",\"isPartOf\":{\"@id\":\"https:\/\/www.alutec.es\/fr\/#website\"},\"primaryImageOfPage\":{\"@id\":\"https:\/\/www.alutec.es\/fr\/produit\/aluminium-chair\/#primaryimage\"},\"image\":{\"@id\":\"https:\/\/www.alutec.es\/fr\/produit\/aluminium-chair\/#primaryimage\"},\"thumbnailUrl\":\"https:\/\/www.alutec.es\/wp-content\/uploads\/2021\/03\/Alutec_110.jpg\",\"datePublished\":\"2021-03-03T09:03:08+00:00\",\"dateModified\":\"2022-09-13T10:23:11+00:00\",\"description\":\"Chaise empilable en aluminium peint pour les restaurants, les h\u00f4tels et les terrasses. Fabrication nationale, qualit\u00e9 et durabilit\u00e9.\",\"breadcrumb\":{\"@id\":\"https:\/\/www.alutec.es\/fr\/produit\/aluminium-chair\/#breadcrumb\"},\"inLanguage\":\"fr-FR\",\"potentialAction\":[{\"@type\":\"ReadAction\",\"target\":[\"https:\/\/www.alutec.es\/fr\/produit\/aluminium-chair\/\"]}]},{\"@type\":\"ImageObject\",\"inLanguage\":\"fr-FR\",\"@id\":\"https:\/\/www.alutec.es\/fr\/produit\/aluminium-chair\/#primaryimage\",\"url\":\"https:\/\/www.alutec.es\/wp-content\/uploads\/2021\/03\/Alutec_110.jpg\",\"contentUrl\":\"https:\/\/www.alutec.es\/wp-content\/uploads\/2021\/03\/Alutec_110.jpg\",\"width\":600,\"height\":900},{\"@type\":\"BreadcrumbList\",\"@id\":\"https:\/\/www.alutec.es\/fr\/produit\/aluminium-chair\/#breadcrumb\",\"itemListElement\":[{\"@type\":\"ListItem\",\"position\":1,\"name\":\"Page de garde\",\"item\":\"https:\/\/www.alutec.es\/fr\/home\/\"},{\"@type\":\"ListItem\",\"position\":2,\"name\":\"Produits\",\"item\":\"https:\/\/www.alutec.es\/fr\/catalogue\/\"},{\"@type\":\"ListItem\",\"position\":3,\"name\":\"Matilda\"}]},{\"@type\":\"WebSite\",\"@id\":\"https:\/\/www.alutec.es\/fr\/#website\",\"url\":\"https:\/\/www.alutec.es\/fr\/\",\"name\":\"Alutec\",\"description\":\"Conception et fabrication de chaises, tabourets et tables.\",\"potentialAction\":[{\"@type\":\"SearchAction\",\"target\":{\"@type\":\"EntryPoint\",\"urlTemplate\":\"https:\/\/www.alutec.es\/fr\/?s={search_term_string}\"},\"query-input\":\"required name=search_term_string\"}],\"inLanguage\":\"fr-FR\"}]}<\/script>\n<!-- \/ Yoast SEO plugin. -->","yoast_head_json":{"title":"Matilda - Alutec","description":"Chaise empilable en aluminium peint pour les restaurants, les h\u00f4tels et les terrasses. Fabrication nationale, qualit\u00e9 et durabilit\u00e9.","robots":{"index":"index","follow":"follow","max-snippet":"max-snippet:-1","max-image-preview":"max-image-preview:large","max-video-preview":"max-video-preview:-1"},"canonical":"https:\/\/www.alutec.es\/fr\/produit\/aluminium-chair\/","og_locale":"fr_FR","og_type":"article","og_title":"Matilda - Alutec","og_description":"Chaise empilable en aluminium peint pour les restaurants, les h\u00f4tels et les terrasses. Fabrication nationale, qualit\u00e9 et durabilit\u00e9.","og_url":"https:\/\/www.alutec.es\/fr\/produit\/aluminium-chair\/","og_site_name":"Alutec","article_modified_time":"2022-09-13T10:23:11+00:00","og_image":[{"width":600,"height":900,"url":"https:\/\/www.alutec.es\/wp-content\/uploads\/2021\/03\/Alutec_110.jpg","type":"image\/jpeg"}],"twitter_card":"summary_large_image","schema":{"@context":"https:\/\/schema.org","@graph":[{"@type":"WebPage","@id":"https:\/\/www.alutec.es\/fr\/produit\/aluminium-chair\/","url":"https:\/\/www.alutec.es\/fr\/produit\/aluminium-chair\/","name":"Matilda - Alutec","isPartOf":{"@id":"https:\/\/www.alutec.es\/fr\/#website"},"primaryImageOfPage":{"@id":"https:\/\/www.alutec.es\/fr\/produit\/aluminium-chair\/#primaryimage"},"image":{"@id":"https:\/\/www.alutec.es\/fr\/produit\/aluminium-chair\/#primaryimage"},"thumbnailUrl":"https:\/\/www.alutec.es\/wp-content\/uploads\/2021\/03\/Alutec_110.jpg","datePublished":"2021-03-03T09:03:08+00:00","dateModified":"2022-09-13T10:23:11+00:00","description":"Chaise empilable en aluminium peint pour les restaurants, les h\u00f4tels et les terrasses. Fabrication nationale, qualit\u00e9 et durabilit\u00e9.","breadcrumb":{"@id":"https:\/\/www.alutec.es\/fr\/produit\/aluminium-chair\/#breadcrumb"},"inLanguage":"fr-FR","potentialAction":[{"@type":"ReadAction","target":["https:\/\/www.alutec.es\/fr\/produit\/aluminium-chair\/"]}]},{"@type":"ImageObject","inLanguage":"fr-FR","@id":"https:\/\/www.alutec.es\/fr\/produit\/aluminium-chair\/#primaryimage","url":"https:\/\/www.alutec.es\/wp-content\/uploads\/2021\/03\/Alutec_110.jpg","contentUrl":"https:\/\/www.alutec.es\/wp-content\/uploads\/2021\/03\/Alutec_110.jpg","width":600,"height":900},{"@type":"BreadcrumbList","@id":"https:\/\/www.alutec.es\/fr\/produit\/aluminium-chair\/#breadcrumb","itemListElement":[{"@type":"ListItem","position":1,"name":"Page de garde","item":"https:\/\/www.alutec.es\/fr\/home\/"},{"@type":"ListItem","position":2,"name":"Produits","item":"https:\/\/www.alutec.es\/fr\/catalogue\/"},{"@type":"ListItem","position":3,"name":"Matilda"}]},{"@type":"WebSite","@id":"https:\/\/www.alutec.es\/fr\/#website","url":"https:\/\/www.alutec.es\/fr\/","name":"Alutec","description":"Conception et fabrication de chaises, tabourets et tables.","potentialAction":[{"@type":"SearchAction","target":{"@type":"EntryPoint","urlTemplate":"https:\/\/www.alutec.es\/fr\/?s={search_term_string}"},"query-input":"required name=search_term_string"}],"inLanguage":"fr-FR"}]}},"_links":{"self":[{"href":"https:\/\/www.alutec.es\/fr\/wp-json\/wp\/v2\/product\/4819"}],"collection":[{"href":"https:\/\/www.alutec.es\/fr\/wp-json\/wp\/v2\/product"}],"about":[{"href":"https:\/\/www.alutec.es\/fr\/wp-json\/wp\/v2\/types\/product"}],"wp:featuredmedia":[{"embeddable":true,"href":"https:\/\/www.alutec.es\/fr\/wp-json\/wp\/v2\/media\/4822"}],"wp:attachment":[{"href":"https:\/\/www.alutec.es\/fr\/wp-json\/wp\/v2\/media?parent=4819"}],"wp:term":[{"taxonomy":"product_cat","embeddable":true,"href":"https:\/\/www.alutec.es\/fr\/wp-json\/wp\/v2\/product_cat?post=4819"},{"taxonomy":"product_tag","embeddable":true,"href":"https:\/\/www.alutec.es\/fr\/wp-json\/wp\/v2\/product_tag?post=4819"}],"curies":[{"name":"wp","href":"https:\/\/api.w.org\/{rel}","templated":true}]}}