{"id":4413,"date":"2020-09-16T10:26:09","date_gmt":"2020-09-16T08:26:09","guid":{"rendered":"https:\/\/www.alutec.es\/?post_type=product&#038;p=4413"},"modified":"2022-09-13T17:48:54","modified_gmt":"2022-09-13T15:48:54","slug":"table-desenada-para-uso-externo","status":"publish","type":"product","link":"https:\/\/www.alutec.es\/fr\/produit\/table-desenada-para-uso-externo\/","title":{"rendered":"Kater"},"content":{"rendered":"<p>Table con\u00e7ue pour l&rsquo;ext\u00e9rieur, fabriqu\u00e9e en tube d&rsquo;aluminium carr\u00e9.<\/p>\n<p>Disponible en diff\u00e9rentes finitions peintes ou anodis\u00e9es, ainsi que dans tout <a href=\"https:\/\/www.coloresral.com.es\/\">RAL<\/a> non standard.<\/p>\n<p>Nous sommes des designers et des fabricants, nous nous adaptons \u00e0 la taille requise, m\u00eame en hauteur, la table Kater n&rsquo;est fabriqu\u00e9e qu&rsquo;en carr\u00e9 ou en rectangulaire.<\/p>\n<p>Peut \u00eatre combin\u00e9 avec n&rsquo;importe lequel de nos plateaux de table. Si l&rsquo;utilisation est pr\u00e9vue pour l&rsquo;ext\u00e9rieur, l&rsquo;option id\u00e9ale et la plus r\u00e9sistante est le <a href=\"https:\/\/www.alutec.es\/producto\/compact\/\">compact <\/a>, \u00e9galement disponible dans de nombreuses finitions standard.<\/p>\n<p>Cette table est con\u00e7ue pour l&rsquo;ext\u00e9rieur, les terrasses, les jardins, les h\u00f4tels et les contrats en g\u00e9n\u00e9ral, les restaurants et les bars, c&rsquo;est aussi une table empilable, une table l\u00e9g\u00e8re et r\u00e9sistante \u00e0 la fois.<\/p>\n<p>Vous pouvez choisir la table haute si elle est destin\u00e9e \u00e0 \u00eatre utilis\u00e9e comme tabouret, dans ce cas nous recommandons son utilisation avec notre tabouret en aluminium <a href=\"https:\/\/www.alutec.es\/producto\/kioto\/\">Kioto<\/a>.<\/p>\n<p>Si la table choisie est une table \u00e0 manger, elle peut \u00e9galement \u00eatre combin\u00e9e avec des chaises et des fauteuils tels que ceux de la collection <a href=\"https:\/\/www.alutec.es\/producto\/kioto\/\">Kioto ou <\/a> <a href=\"https:\/\/www.alutec.es\/producto\/scarlett\/\">Scarlett<\/a>.<\/p>\n<p>Les 4 blocs r\u00e9glables peuvent \u00eatre ajust\u00e9s pour l&rsquo;adapter aux terrains accident\u00e9s. Nous proposons \u00e9galement un service de remplacement des pi\u00e8ces d\u00e9tach\u00e9es.<\/p>\n<p>&nbsp;<\/p>\n<p>Nous sommes des designers et des fabricants, nous nous adaptons \u00e0 tout projet d&rsquo;am\u00e9nagement int\u00e9rieur en donnant du poids \u00e0 vos id\u00e9es. Nous travaillons sp\u00e9cialement pour le secteur de la restauration et de l&rsquo;h\u00f4tellerie. Tous nos designs sont con\u00e7us pour garantir la durabilit\u00e9 requise dans le monde des contrats.<\/p>\n","protected":false},"excerpt":{"rendered":"<p>Studio Alutec<\/p>\n","protected":false},"featured_media":4416,"template":"","meta":[],"product_cat":[1251],"product_tag":[362,1015,1132,512,364,513,514,269,548,188],"acf":[],"yoast_head":"<!-- This site is optimized with the Yoast SEO plugin v22.7 - https:\/\/yoast.com\/wordpress\/plugins\/seo\/ -->\n<title>Kater - Alutec<\/title>\n<meta name=\"description\" content=\"Table con\u00e7ue pour une utilisation en ext\u00e9rieur. Table de restaurant empilable en aluminium. Finition peinte ou anodis\u00e9e pour une r\u00e9sistance accrue.\" \/>\n<meta name=\"robots\" content=\"index, follow, max-snippet:-1, max-image-preview:large, max-video-preview:-1\" \/>\n<link rel=\"canonical\" href=\"https:\/\/www.alutec.es\/fr\/produit\/table-desenada-para-uso-externo\/\" \/>\n<meta property=\"og:locale\" content=\"fr_FR\" \/>\n<meta property=\"og:type\" content=\"article\" \/>\n<meta property=\"og:title\" content=\"Kater - Alutec\" \/>\n<meta property=\"og:description\" content=\"Table con\u00e7ue pour une utilisation en ext\u00e9rieur. Table de restaurant empilable en aluminium. Finition peinte ou anodis\u00e9e pour une r\u00e9sistance accrue.\" \/>\n<meta property=\"og:url\" content=\"https:\/\/www.alutec.es\/fr\/produit\/table-desenada-para-uso-externo\/\" \/>\n<meta property=\"og:site_name\" content=\"Alutec\" \/>\n<meta property=\"article:modified_time\" content=\"2022-09-13T15:48:54+00:00\" \/>\n<meta property=\"og:image\" content=\"https:\/\/www.alutec.es\/wp-content\/uploads\/2020\/09\/Alutec_octubre_84.jpg\" \/>\n\t<meta property=\"og:image:width\" content=\"600\" \/>\n\t<meta property=\"og:image:height\" content=\"900\" \/>\n\t<meta property=\"og:image:type\" content=\"image\/jpeg\" \/>\n<meta name=\"twitter:card\" content=\"summary_large_image\" \/>\n<meta name=\"twitter:label1\" content=\"Dur\u00e9e de lecture estim\u00e9e\" \/>\n\t<meta name=\"twitter:data1\" content=\"1 minute\" \/>\n<script type=\"application\/ld+json\" class=\"yoast-schema-graph\">{\"@context\":\"https:\/\/schema.org\",\"@graph\":[{\"@type\":\"WebPage\",\"@id\":\"https:\/\/www.alutec.es\/fr\/produit\/table-desenada-para-uso-externo\/\",\"url\":\"https:\/\/www.alutec.es\/fr\/produit\/table-desenada-para-uso-externo\/\",\"name\":\"Kater - Alutec\",\"isPartOf\":{\"@id\":\"https:\/\/www.alutec.es\/fr\/#website\"},\"primaryImageOfPage\":{\"@id\":\"https:\/\/www.alutec.es\/fr\/produit\/table-desenada-para-uso-externo\/#primaryimage\"},\"image\":{\"@id\":\"https:\/\/www.alutec.es\/fr\/produit\/table-desenada-para-uso-externo\/#primaryimage\"},\"thumbnailUrl\":\"https:\/\/www.alutec.es\/wp-content\/uploads\/2020\/09\/Alutec_octubre_84.jpg\",\"datePublished\":\"2020-09-16T08:26:09+00:00\",\"dateModified\":\"2022-09-13T15:48:54+00:00\",\"description\":\"Table con\u00e7ue pour une utilisation en ext\u00e9rieur. Table de restaurant empilable en aluminium. Finition peinte ou anodis\u00e9e pour une r\u00e9sistance accrue.\",\"breadcrumb\":{\"@id\":\"https:\/\/www.alutec.es\/fr\/produit\/table-desenada-para-uso-externo\/#breadcrumb\"},\"inLanguage\":\"fr-FR\",\"potentialAction\":[{\"@type\":\"ReadAction\",\"target\":[\"https:\/\/www.alutec.es\/fr\/produit\/table-desenada-para-uso-externo\/\"]}]},{\"@type\":\"ImageObject\",\"inLanguage\":\"fr-FR\",\"@id\":\"https:\/\/www.alutec.es\/fr\/produit\/table-desenada-para-uso-externo\/#primaryimage\",\"url\":\"https:\/\/www.alutec.es\/wp-content\/uploads\/2020\/09\/Alutec_octubre_84.jpg\",\"contentUrl\":\"https:\/\/www.alutec.es\/wp-content\/uploads\/2020\/09\/Alutec_octubre_84.jpg\",\"width\":600,\"height\":900},{\"@type\":\"BreadcrumbList\",\"@id\":\"https:\/\/www.alutec.es\/fr\/produit\/table-desenada-para-uso-externo\/#breadcrumb\",\"itemListElement\":[{\"@type\":\"ListItem\",\"position\":1,\"name\":\"Page de garde\",\"item\":\"https:\/\/www.alutec.es\/fr\/home\/\"},{\"@type\":\"ListItem\",\"position\":2,\"name\":\"Produits\",\"item\":\"https:\/\/www.alutec.es\/fr\/catalogue\/\"},{\"@type\":\"ListItem\",\"position\":3,\"name\":\"Kater\"}]},{\"@type\":\"WebSite\",\"@id\":\"https:\/\/www.alutec.es\/fr\/#website\",\"url\":\"https:\/\/www.alutec.es\/fr\/\",\"name\":\"Alutec\",\"description\":\"Conception et fabrication de chaises, tabourets et tables.\",\"potentialAction\":[{\"@type\":\"SearchAction\",\"target\":{\"@type\":\"EntryPoint\",\"urlTemplate\":\"https:\/\/www.alutec.es\/fr\/?s={search_term_string}\"},\"query-input\":\"required name=search_term_string\"}],\"inLanguage\":\"fr-FR\"}]}<\/script>\n<!-- \/ Yoast SEO plugin. -->","yoast_head_json":{"title":"Kater - Alutec","description":"Table con\u00e7ue pour une utilisation en ext\u00e9rieur. Table de restaurant empilable en aluminium. Finition peinte ou anodis\u00e9e pour une r\u00e9sistance accrue.","robots":{"index":"index","follow":"follow","max-snippet":"max-snippet:-1","max-image-preview":"max-image-preview:large","max-video-preview":"max-video-preview:-1"},"canonical":"https:\/\/www.alutec.es\/fr\/produit\/table-desenada-para-uso-externo\/","og_locale":"fr_FR","og_type":"article","og_title":"Kater - Alutec","og_description":"Table con\u00e7ue pour une utilisation en ext\u00e9rieur. Table de restaurant empilable en aluminium. Finition peinte ou anodis\u00e9e pour une r\u00e9sistance accrue.","og_url":"https:\/\/www.alutec.es\/fr\/produit\/table-desenada-para-uso-externo\/","og_site_name":"Alutec","article_modified_time":"2022-09-13T15:48:54+00:00","og_image":[{"width":600,"height":900,"url":"https:\/\/www.alutec.es\/wp-content\/uploads\/2020\/09\/Alutec_octubre_84.jpg","type":"image\/jpeg"}],"twitter_card":"summary_large_image","twitter_misc":{"Dur\u00e9e de lecture estim\u00e9e":"1 minute"},"schema":{"@context":"https:\/\/schema.org","@graph":[{"@type":"WebPage","@id":"https:\/\/www.alutec.es\/fr\/produit\/table-desenada-para-uso-externo\/","url":"https:\/\/www.alutec.es\/fr\/produit\/table-desenada-para-uso-externo\/","name":"Kater - Alutec","isPartOf":{"@id":"https:\/\/www.alutec.es\/fr\/#website"},"primaryImageOfPage":{"@id":"https:\/\/www.alutec.es\/fr\/produit\/table-desenada-para-uso-externo\/#primaryimage"},"image":{"@id":"https:\/\/www.alutec.es\/fr\/produit\/table-desenada-para-uso-externo\/#primaryimage"},"thumbnailUrl":"https:\/\/www.alutec.es\/wp-content\/uploads\/2020\/09\/Alutec_octubre_84.jpg","datePublished":"2020-09-16T08:26:09+00:00","dateModified":"2022-09-13T15:48:54+00:00","description":"Table con\u00e7ue pour une utilisation en ext\u00e9rieur. Table de restaurant empilable en aluminium. Finition peinte ou anodis\u00e9e pour une r\u00e9sistance accrue.","breadcrumb":{"@id":"https:\/\/www.alutec.es\/fr\/produit\/table-desenada-para-uso-externo\/#breadcrumb"},"inLanguage":"fr-FR","potentialAction":[{"@type":"ReadAction","target":["https:\/\/www.alutec.es\/fr\/produit\/table-desenada-para-uso-externo\/"]}]},{"@type":"ImageObject","inLanguage":"fr-FR","@id":"https:\/\/www.alutec.es\/fr\/produit\/table-desenada-para-uso-externo\/#primaryimage","url":"https:\/\/www.alutec.es\/wp-content\/uploads\/2020\/09\/Alutec_octubre_84.jpg","contentUrl":"https:\/\/www.alutec.es\/wp-content\/uploads\/2020\/09\/Alutec_octubre_84.jpg","width":600,"height":900},{"@type":"BreadcrumbList","@id":"https:\/\/www.alutec.es\/fr\/produit\/table-desenada-para-uso-externo\/#breadcrumb","itemListElement":[{"@type":"ListItem","position":1,"name":"Page de garde","item":"https:\/\/www.alutec.es\/fr\/home\/"},{"@type":"ListItem","position":2,"name":"Produits","item":"https:\/\/www.alutec.es\/fr\/catalogue\/"},{"@type":"ListItem","position":3,"name":"Kater"}]},{"@type":"WebSite","@id":"https:\/\/www.alutec.es\/fr\/#website","url":"https:\/\/www.alutec.es\/fr\/","name":"Alutec","description":"Conception et fabrication de chaises, tabourets et tables.","potentialAction":[{"@type":"SearchAction","target":{"@type":"EntryPoint","urlTemplate":"https:\/\/www.alutec.es\/fr\/?s={search_term_string}"},"query-input":"required name=search_term_string"}],"inLanguage":"fr-FR"}]}},"_links":{"self":[{"href":"https:\/\/www.alutec.es\/fr\/wp-json\/wp\/v2\/product\/4413"}],"collection":[{"href":"https:\/\/www.alutec.es\/fr\/wp-json\/wp\/v2\/product"}],"about":[{"href":"https:\/\/www.alutec.es\/fr\/wp-json\/wp\/v2\/types\/product"}],"wp:featuredmedia":[{"embeddable":true,"href":"https:\/\/www.alutec.es\/fr\/wp-json\/wp\/v2\/media\/4416"}],"wp:attachment":[{"href":"https:\/\/www.alutec.es\/fr\/wp-json\/wp\/v2\/media?parent=4413"}],"wp:term":[{"taxonomy":"product_cat","embeddable":true,"href":"https:\/\/www.alutec.es\/fr\/wp-json\/wp\/v2\/product_cat?post=4413"},{"taxonomy":"product_tag","embeddable":true,"href":"https:\/\/www.alutec.es\/fr\/wp-json\/wp\/v2\/product_tag?post=4413"}],"curies":[{"name":"wp","href":"https:\/\/api.w.org\/{rel}","templated":true}]}}