{"id":4383,"date":"2020-09-15T13:55:10","date_gmt":"2020-09-15T11:55:10","guid":{"rendered":"https:\/\/www.alutec.es\/?post_type=product&#038;p=4383"},"modified":"2022-09-13T17:47:35","modified_gmt":"2022-09-13T15:47:35","slug":"table-de-dissolution-atemporale","status":"publish","type":"product","link":"https:\/\/www.alutec.es\/fr\/produit\/table-de-dissolution-atemporale\/","title":{"rendered":"Equix"},"content":{"rendered":"<p>Table au design intemporel, ses formes lui permettent de s&rsquo;adapter \u00e0 une grande vari\u00e9t\u00e9 d&rsquo;int\u00e9rieurs.<\/p>\n<p>Il est fabriqu\u00e9 en injection d&rsquo;aluminium, un proc\u00e9d\u00e9 qui permet de tr\u00e8s bien optimiser l&rsquo;\u00e9paisseur du mat\u00e9riau, en obtenant un produit r\u00e9sistant et l\u00e9ger.<\/p>\n<p>Disponible dans une large gamme de finitions de peinture standard, mais comme nous sommes des fabricants, nous pouvons nous adapter \u00e0 tout RAL que vous souhaitez.<\/p>\n<p>La hauteur de la salle \u00e0 manger peut \u00eatre choisie pour \u00eatre utilis\u00e9e avec des <a href=\"http:\/\/alutec.es\/sillas-mesas-y-taburetes-para-hosteleria\/\">chaises et des fauteuils<\/a> ou en hauteur pour \u00eatre combin\u00e9e avec des <a href=\"http:\/\/alutec.es\/sillas-mesas-y-taburetes-para-hosteleria\/\">tabourets<\/a>.<\/p>\n<p>Peut \u00eatre combin\u00e9 avec n&rsquo;importe lequel de nos plateaux de table.<\/p>\n","protected":false},"excerpt":{"rendered":"<p>Adriana Ramirez<\/p>\n","protected":false},"featured_media":4404,"template":"","meta":[],"product_cat":[1251],"product_tag":[362,1132,512,364,513,514,269,548,188],"acf":[],"yoast_head":"<!-- This site is optimized with the Yoast SEO plugin v22.7 - https:\/\/yoast.com\/wordpress\/plugins\/seo\/ -->\n<title>Equix - Alutec<\/title>\n<meta name=\"description\" content=\"Table au design intemporel en aluminium moul\u00e9 sous pression. Utilisation en ext\u00e9rieur, pour les terrasses, les restaurants, les jardins et la restauration en g\u00e9n\u00e9ral.\" \/>\n<meta name=\"robots\" content=\"index, follow, max-snippet:-1, max-image-preview:large, max-video-preview:-1\" \/>\n<link rel=\"canonical\" href=\"https:\/\/www.alutec.es\/fr\/produit\/table-de-dissolution-atemporale\/\" \/>\n<meta property=\"og:locale\" content=\"fr_FR\" \/>\n<meta property=\"og:type\" content=\"article\" \/>\n<meta property=\"og:title\" content=\"Equix - Alutec\" \/>\n<meta property=\"og:description\" content=\"Table au design intemporel en aluminium moul\u00e9 sous pression. Utilisation en ext\u00e9rieur, pour les terrasses, les restaurants, les jardins et la restauration en g\u00e9n\u00e9ral.\" \/>\n<meta property=\"og:url\" content=\"https:\/\/www.alutec.es\/fr\/produit\/table-de-dissolution-atemporale\/\" \/>\n<meta property=\"og:site_name\" content=\"Alutec\" \/>\n<meta property=\"article:modified_time\" content=\"2022-09-13T15:47:35+00:00\" \/>\n<meta property=\"og:image\" content=\"https:\/\/www.alutec.es\/wp-content\/uploads\/2020\/09\/Alutec_segundaentrega__205.jpg\" \/>\n\t<meta property=\"og:image:width\" content=\"600\" \/>\n\t<meta property=\"og:image:height\" content=\"900\" \/>\n\t<meta property=\"og:image:type\" content=\"image\/jpeg\" \/>\n<meta name=\"twitter:card\" content=\"summary_large_image\" \/>\n<meta name=\"twitter:label1\" content=\"Dur\u00e9e de lecture estim\u00e9e\" \/>\n\t<meta name=\"twitter:data1\" content=\"1 minute\" \/>\n<script type=\"application\/ld+json\" class=\"yoast-schema-graph\">{\"@context\":\"https:\/\/schema.org\",\"@graph\":[{\"@type\":\"WebPage\",\"@id\":\"https:\/\/www.alutec.es\/fr\/produit\/table-de-dissolution-atemporale\/\",\"url\":\"https:\/\/www.alutec.es\/fr\/produit\/table-de-dissolution-atemporale\/\",\"name\":\"Equix - Alutec\",\"isPartOf\":{\"@id\":\"https:\/\/www.alutec.es\/fr\/#website\"},\"primaryImageOfPage\":{\"@id\":\"https:\/\/www.alutec.es\/fr\/produit\/table-de-dissolution-atemporale\/#primaryimage\"},\"image\":{\"@id\":\"https:\/\/www.alutec.es\/fr\/produit\/table-de-dissolution-atemporale\/#primaryimage\"},\"thumbnailUrl\":\"https:\/\/www.alutec.es\/wp-content\/uploads\/2020\/09\/Alutec_segundaentrega__205.jpg\",\"datePublished\":\"2020-09-15T11:55:10+00:00\",\"dateModified\":\"2022-09-13T15:47:35+00:00\",\"description\":\"Table au design intemporel en aluminium moul\u00e9 sous pression. Utilisation en ext\u00e9rieur, pour les terrasses, les restaurants, les jardins et la restauration en g\u00e9n\u00e9ral.\",\"breadcrumb\":{\"@id\":\"https:\/\/www.alutec.es\/fr\/produit\/table-de-dissolution-atemporale\/#breadcrumb\"},\"inLanguage\":\"fr-FR\",\"potentialAction\":[{\"@type\":\"ReadAction\",\"target\":[\"https:\/\/www.alutec.es\/fr\/produit\/table-de-dissolution-atemporale\/\"]}]},{\"@type\":\"ImageObject\",\"inLanguage\":\"fr-FR\",\"@id\":\"https:\/\/www.alutec.es\/fr\/produit\/table-de-dissolution-atemporale\/#primaryimage\",\"url\":\"https:\/\/www.alutec.es\/wp-content\/uploads\/2020\/09\/Alutec_segundaentrega__205.jpg\",\"contentUrl\":\"https:\/\/www.alutec.es\/wp-content\/uploads\/2020\/09\/Alutec_segundaentrega__205.jpg\",\"width\":600,\"height\":900},{\"@type\":\"BreadcrumbList\",\"@id\":\"https:\/\/www.alutec.es\/fr\/produit\/table-de-dissolution-atemporale\/#breadcrumb\",\"itemListElement\":[{\"@type\":\"ListItem\",\"position\":1,\"name\":\"Page de garde\",\"item\":\"https:\/\/www.alutec.es\/fr\/home\/\"},{\"@type\":\"ListItem\",\"position\":2,\"name\":\"Produits\",\"item\":\"https:\/\/www.alutec.es\/fr\/catalogue\/\"},{\"@type\":\"ListItem\",\"position\":3,\"name\":\"Equix\"}]},{\"@type\":\"WebSite\",\"@id\":\"https:\/\/www.alutec.es\/fr\/#website\",\"url\":\"https:\/\/www.alutec.es\/fr\/\",\"name\":\"Alutec\",\"description\":\"Conception et fabrication de chaises, tabourets et tables.\",\"potentialAction\":[{\"@type\":\"SearchAction\",\"target\":{\"@type\":\"EntryPoint\",\"urlTemplate\":\"https:\/\/www.alutec.es\/fr\/?s={search_term_string}\"},\"query-input\":\"required name=search_term_string\"}],\"inLanguage\":\"fr-FR\"}]}<\/script>\n<!-- \/ Yoast SEO plugin. -->","yoast_head_json":{"title":"Equix - Alutec","description":"Table au design intemporel en aluminium moul\u00e9 sous pression. Utilisation en ext\u00e9rieur, pour les terrasses, les restaurants, les jardins et la restauration en g\u00e9n\u00e9ral.","robots":{"index":"index","follow":"follow","max-snippet":"max-snippet:-1","max-image-preview":"max-image-preview:large","max-video-preview":"max-video-preview:-1"},"canonical":"https:\/\/www.alutec.es\/fr\/produit\/table-de-dissolution-atemporale\/","og_locale":"fr_FR","og_type":"article","og_title":"Equix - Alutec","og_description":"Table au design intemporel en aluminium moul\u00e9 sous pression. Utilisation en ext\u00e9rieur, pour les terrasses, les restaurants, les jardins et la restauration en g\u00e9n\u00e9ral.","og_url":"https:\/\/www.alutec.es\/fr\/produit\/table-de-dissolution-atemporale\/","og_site_name":"Alutec","article_modified_time":"2022-09-13T15:47:35+00:00","og_image":[{"width":600,"height":900,"url":"https:\/\/www.alutec.es\/wp-content\/uploads\/2020\/09\/Alutec_segundaentrega__205.jpg","type":"image\/jpeg"}],"twitter_card":"summary_large_image","twitter_misc":{"Dur\u00e9e de lecture estim\u00e9e":"1 minute"},"schema":{"@context":"https:\/\/schema.org","@graph":[{"@type":"WebPage","@id":"https:\/\/www.alutec.es\/fr\/produit\/table-de-dissolution-atemporale\/","url":"https:\/\/www.alutec.es\/fr\/produit\/table-de-dissolution-atemporale\/","name":"Equix - Alutec","isPartOf":{"@id":"https:\/\/www.alutec.es\/fr\/#website"},"primaryImageOfPage":{"@id":"https:\/\/www.alutec.es\/fr\/produit\/table-de-dissolution-atemporale\/#primaryimage"},"image":{"@id":"https:\/\/www.alutec.es\/fr\/produit\/table-de-dissolution-atemporale\/#primaryimage"},"thumbnailUrl":"https:\/\/www.alutec.es\/wp-content\/uploads\/2020\/09\/Alutec_segundaentrega__205.jpg","datePublished":"2020-09-15T11:55:10+00:00","dateModified":"2022-09-13T15:47:35+00:00","description":"Table au design intemporel en aluminium moul\u00e9 sous pression. Utilisation en ext\u00e9rieur, pour les terrasses, les restaurants, les jardins et la restauration en g\u00e9n\u00e9ral.","breadcrumb":{"@id":"https:\/\/www.alutec.es\/fr\/produit\/table-de-dissolution-atemporale\/#breadcrumb"},"inLanguage":"fr-FR","potentialAction":[{"@type":"ReadAction","target":["https:\/\/www.alutec.es\/fr\/produit\/table-de-dissolution-atemporale\/"]}]},{"@type":"ImageObject","inLanguage":"fr-FR","@id":"https:\/\/www.alutec.es\/fr\/produit\/table-de-dissolution-atemporale\/#primaryimage","url":"https:\/\/www.alutec.es\/wp-content\/uploads\/2020\/09\/Alutec_segundaentrega__205.jpg","contentUrl":"https:\/\/www.alutec.es\/wp-content\/uploads\/2020\/09\/Alutec_segundaentrega__205.jpg","width":600,"height":900},{"@type":"BreadcrumbList","@id":"https:\/\/www.alutec.es\/fr\/produit\/table-de-dissolution-atemporale\/#breadcrumb","itemListElement":[{"@type":"ListItem","position":1,"name":"Page de garde","item":"https:\/\/www.alutec.es\/fr\/home\/"},{"@type":"ListItem","position":2,"name":"Produits","item":"https:\/\/www.alutec.es\/fr\/catalogue\/"},{"@type":"ListItem","position":3,"name":"Equix"}]},{"@type":"WebSite","@id":"https:\/\/www.alutec.es\/fr\/#website","url":"https:\/\/www.alutec.es\/fr\/","name":"Alutec","description":"Conception et fabrication de chaises, tabourets et tables.","potentialAction":[{"@type":"SearchAction","target":{"@type":"EntryPoint","urlTemplate":"https:\/\/www.alutec.es\/fr\/?s={search_term_string}"},"query-input":"required name=search_term_string"}],"inLanguage":"fr-FR"}]}},"_links":{"self":[{"href":"https:\/\/www.alutec.es\/fr\/wp-json\/wp\/v2\/product\/4383"}],"collection":[{"href":"https:\/\/www.alutec.es\/fr\/wp-json\/wp\/v2\/product"}],"about":[{"href":"https:\/\/www.alutec.es\/fr\/wp-json\/wp\/v2\/types\/product"}],"wp:featuredmedia":[{"embeddable":true,"href":"https:\/\/www.alutec.es\/fr\/wp-json\/wp\/v2\/media\/4404"}],"wp:attachment":[{"href":"https:\/\/www.alutec.es\/fr\/wp-json\/wp\/v2\/media?parent=4383"}],"wp:term":[{"taxonomy":"product_cat","embeddable":true,"href":"https:\/\/www.alutec.es\/fr\/wp-json\/wp\/v2\/product_cat?post=4383"},{"taxonomy":"product_tag","embeddable":true,"href":"https:\/\/www.alutec.es\/fr\/wp-json\/wp\/v2\/product_tag?post=4383"}],"curies":[{"name":"wp","href":"https:\/\/api.w.org\/{rel}","templated":true}]}}