{"id":4296,"date":"2020-09-15T13:34:17","date_gmt":"2020-09-15T11:34:17","guid":{"rendered":"https:\/\/www.alutec.es\/?post_type=product&#038;p=4296"},"modified":"2022-09-13T17:46:12","modified_gmt":"2022-09-13T15:46:12","slug":"tabouret-avec-structure-acero-et-siege-en-polypropylene","status":"publish","type":"product","link":"https:\/\/www.alutec.es\/fr\/produit\/tabouret-avec-structure-acero-et-siege-en-polypropylene\/","title":{"rendered":"Yoko"},"content":{"rendered":"<p>Tabouret avec structure en acier et si\u00e8ge en <a href=\"https:\/\/es.wikipedia.org\/wiki\/Polipropileno\">polypropyl\u00e8ne<\/a> moul\u00e9 par injection.<\/p>\n<p>Collection de 2 tabourets, un tabouret de hauteur standard \u00e0 utiliser avec des tables hautes et le mini tabouret \u00e0 utiliser avec des tables \u00e0 manger.<\/p>\n<p>Con\u00e7u dans notre studio de design et fabriqu\u00e9 avec des mat\u00e9riaux nationaux.<\/p>\n<p>Avec ses lignes droites et son style oriental, il doit son nom \u00e0 l&rsquo;artiste conceptuelle japonaise Yoko Ono.<\/p>\n<p>Possibilit\u00e9 de combiner diff\u00e9rentes couleurs pour le rev\u00eatement sup\u00e9rieur et inf\u00e9rieur du si\u00e8ge en polypropyl\u00e8ne.<\/p>\n<p>Jusqu&rsquo;\u00e0 14 couleurs sont disponibles pour les couvercles en polypropyl\u00e8ne et 18 couleurs RAL diff\u00e9rentes pour la peinture ou le vernis de la structure en acier.<\/p>\n<p>Si vous recherchez un style plus industriel, vous pouvez opter pour la finition vernis industriel pour le ch\u00e2ssis, qui expose les imperfections, les taches, les points de soudure et autres caract\u00e9ristiques de l&rsquo;acier naturel mais avec la protection du vernis incolore.<\/p>\n<p>Nous sommes fabricants, si vous avez besoin d&rsquo;une autre hauteur pour notre tabouret \u00e0 structure acier et polypropyl\u00e8ne, nous nous adaptons.<\/p>\n<p><a href=\"https:\/\/www.alutec.es\/fr\/contacter\/\">Contactez-nous<\/a> et parlez-nous de votre projet.<\/p>\n<p>Nous concevons tous nos mod\u00e8les avec l&rsquo;exp\u00e9rience de plus de 30 ans de fabrication pour le monde de l&rsquo;h\u00f4tellerie, des restaurants, des h\u00f4tels, des caf\u00e9s, des bars&#8230;<\/p>\n<p>Si vous \u00eates architecte d&rsquo;int\u00e9rieur, d\u00e9corateur, architecte ou m\u00eame si vous souhaitez d\u00e9corer votre maison avec des pi\u00e8ces uniques, nous pouvons vous conseiller sur notre large gamme de produits.<\/p>\n<p>Utilisation \u00e0 l&rsquo;int\u00e9rieur.<\/p>\n","protected":false},"excerpt":{"rendered":"<p>JA Ram\u00edrez &amp; JM Mateo<\/p>\n","protected":false},"featured_media":4299,"template":"","meta":[],"product_cat":[1261],"product_tag":[184,268,187,188,271,272,253],"acf":[],"yoast_head":"<!-- This site is optimized with the Yoast SEO plugin v22.7 - https:\/\/yoast.com\/wordpress\/plugins\/seo\/ -->\n<title>Tabouret avec structure en acier et polypropyl\u00e8ne pour l&#039;assise<\/title>\n<meta name=\"description\" content=\"Tabouret avec structure en acier et assise en polypropyl\u00e8ne con\u00e7u et fabriqu\u00e9 pour l&#039;industrie h\u00f4teli\u00e8re dans nos installations de Barcelone.\" \/>\n<meta name=\"robots\" content=\"index, follow, max-snippet:-1, max-image-preview:large, max-video-preview:-1\" \/>\n<link rel=\"canonical\" href=\"https:\/\/www.alutec.es\/fr\/produit\/tabouret-avec-structure-acero-et-siege-en-polypropylene\/\" \/>\n<meta property=\"og:locale\" content=\"fr_FR\" \/>\n<meta property=\"og:type\" content=\"article\" \/>\n<meta property=\"og:title\" content=\"Tabouret avec structure en acier et polypropyl\u00e8ne pour l&#039;assise\" \/>\n<meta property=\"og:description\" content=\"Tabouret avec structure en acier et assise en polypropyl\u00e8ne con\u00e7u et fabriqu\u00e9 pour l&#039;industrie h\u00f4teli\u00e8re dans nos installations de Barcelone.\" \/>\n<meta property=\"og:url\" content=\"https:\/\/www.alutec.es\/fr\/produit\/tabouret-avec-structure-acero-et-siege-en-polypropylene\/\" \/>\n<meta property=\"og:site_name\" content=\"Alutec\" \/>\n<meta property=\"article:modified_time\" content=\"2022-09-13T15:46:12+00:00\" \/>\n<meta property=\"og:image\" content=\"https:\/\/www.alutec.es\/wp-content\/uploads\/2020\/09\/Alutec_segundaentrega__163.jpg\" \/>\n\t<meta property=\"og:image:width\" content=\"600\" \/>\n\t<meta property=\"og:image:height\" content=\"900\" \/>\n\t<meta property=\"og:image:type\" content=\"image\/jpeg\" \/>\n<meta name=\"twitter:card\" content=\"summary_large_image\" \/>\n<meta name=\"twitter:label1\" content=\"Dur\u00e9e de lecture estim\u00e9e\" \/>\n\t<meta name=\"twitter:data1\" content=\"1 minute\" \/>\n<script type=\"application\/ld+json\" class=\"yoast-schema-graph\">{\"@context\":\"https:\/\/schema.org\",\"@graph\":[{\"@type\":\"WebPage\",\"@id\":\"https:\/\/www.alutec.es\/fr\/produit\/tabouret-avec-structure-acero-et-siege-en-polypropylene\/\",\"url\":\"https:\/\/www.alutec.es\/fr\/produit\/tabouret-avec-structure-acero-et-siege-en-polypropylene\/\",\"name\":\"Tabouret avec structure en acier et polypropyl\u00e8ne pour l'assise\",\"isPartOf\":{\"@id\":\"https:\/\/www.alutec.es\/fr\/#website\"},\"primaryImageOfPage\":{\"@id\":\"https:\/\/www.alutec.es\/fr\/produit\/tabouret-avec-structure-acero-et-siege-en-polypropylene\/#primaryimage\"},\"image\":{\"@id\":\"https:\/\/www.alutec.es\/fr\/produit\/tabouret-avec-structure-acero-et-siege-en-polypropylene\/#primaryimage\"},\"thumbnailUrl\":\"https:\/\/www.alutec.es\/wp-content\/uploads\/2020\/09\/Alutec_segundaentrega__163.jpg\",\"datePublished\":\"2020-09-15T11:34:17+00:00\",\"dateModified\":\"2022-09-13T15:46:12+00:00\",\"description\":\"Tabouret avec structure en acier et assise en polypropyl\u00e8ne con\u00e7u et fabriqu\u00e9 pour l'industrie h\u00f4teli\u00e8re dans nos installations de Barcelone.\",\"breadcrumb\":{\"@id\":\"https:\/\/www.alutec.es\/fr\/produit\/tabouret-avec-structure-acero-et-siege-en-polypropylene\/#breadcrumb\"},\"inLanguage\":\"fr-FR\",\"potentialAction\":[{\"@type\":\"ReadAction\",\"target\":[\"https:\/\/www.alutec.es\/fr\/produit\/tabouret-avec-structure-acero-et-siege-en-polypropylene\/\"]}]},{\"@type\":\"ImageObject\",\"inLanguage\":\"fr-FR\",\"@id\":\"https:\/\/www.alutec.es\/fr\/produit\/tabouret-avec-structure-acero-et-siege-en-polypropylene\/#primaryimage\",\"url\":\"https:\/\/www.alutec.es\/wp-content\/uploads\/2020\/09\/Alutec_segundaentrega__163.jpg\",\"contentUrl\":\"https:\/\/www.alutec.es\/wp-content\/uploads\/2020\/09\/Alutec_segundaentrega__163.jpg\",\"width\":600,\"height\":900},{\"@type\":\"BreadcrumbList\",\"@id\":\"https:\/\/www.alutec.es\/fr\/produit\/tabouret-avec-structure-acero-et-siege-en-polypropylene\/#breadcrumb\",\"itemListElement\":[{\"@type\":\"ListItem\",\"position\":1,\"name\":\"Page de garde\",\"item\":\"https:\/\/www.alutec.es\/fr\/home\/\"},{\"@type\":\"ListItem\",\"position\":2,\"name\":\"Produits\",\"item\":\"https:\/\/www.alutec.es\/fr\/catalogue\/\"},{\"@type\":\"ListItem\",\"position\":3,\"name\":\"Yoko\"}]},{\"@type\":\"WebSite\",\"@id\":\"https:\/\/www.alutec.es\/fr\/#website\",\"url\":\"https:\/\/www.alutec.es\/fr\/\",\"name\":\"Alutec\",\"description\":\"Conception et fabrication de chaises, tabourets et tables.\",\"potentialAction\":[{\"@type\":\"SearchAction\",\"target\":{\"@type\":\"EntryPoint\",\"urlTemplate\":\"https:\/\/www.alutec.es\/fr\/?s={search_term_string}\"},\"query-input\":\"required name=search_term_string\"}],\"inLanguage\":\"fr-FR\"}]}<\/script>\n<!-- \/ Yoast SEO plugin. -->","yoast_head_json":{"title":"Tabouret avec structure en acier et polypropyl\u00e8ne pour l'assise","description":"Tabouret avec structure en acier et assise en polypropyl\u00e8ne con\u00e7u et fabriqu\u00e9 pour l'industrie h\u00f4teli\u00e8re dans nos installations de Barcelone.","robots":{"index":"index","follow":"follow","max-snippet":"max-snippet:-1","max-image-preview":"max-image-preview:large","max-video-preview":"max-video-preview:-1"},"canonical":"https:\/\/www.alutec.es\/fr\/produit\/tabouret-avec-structure-acero-et-siege-en-polypropylene\/","og_locale":"fr_FR","og_type":"article","og_title":"Tabouret avec structure en acier et polypropyl\u00e8ne pour l'assise","og_description":"Tabouret avec structure en acier et assise en polypropyl\u00e8ne con\u00e7u et fabriqu\u00e9 pour l'industrie h\u00f4teli\u00e8re dans nos installations de Barcelone.","og_url":"https:\/\/www.alutec.es\/fr\/produit\/tabouret-avec-structure-acero-et-siege-en-polypropylene\/","og_site_name":"Alutec","article_modified_time":"2022-09-13T15:46:12+00:00","og_image":[{"width":600,"height":900,"url":"https:\/\/www.alutec.es\/wp-content\/uploads\/2020\/09\/Alutec_segundaentrega__163.jpg","type":"image\/jpeg"}],"twitter_card":"summary_large_image","twitter_misc":{"Dur\u00e9e de lecture estim\u00e9e":"1 minute"},"schema":{"@context":"https:\/\/schema.org","@graph":[{"@type":"WebPage","@id":"https:\/\/www.alutec.es\/fr\/produit\/tabouret-avec-structure-acero-et-siege-en-polypropylene\/","url":"https:\/\/www.alutec.es\/fr\/produit\/tabouret-avec-structure-acero-et-siege-en-polypropylene\/","name":"Tabouret avec structure en acier et polypropyl\u00e8ne pour l'assise","isPartOf":{"@id":"https:\/\/www.alutec.es\/fr\/#website"},"primaryImageOfPage":{"@id":"https:\/\/www.alutec.es\/fr\/produit\/tabouret-avec-structure-acero-et-siege-en-polypropylene\/#primaryimage"},"image":{"@id":"https:\/\/www.alutec.es\/fr\/produit\/tabouret-avec-structure-acero-et-siege-en-polypropylene\/#primaryimage"},"thumbnailUrl":"https:\/\/www.alutec.es\/wp-content\/uploads\/2020\/09\/Alutec_segundaentrega__163.jpg","datePublished":"2020-09-15T11:34:17+00:00","dateModified":"2022-09-13T15:46:12+00:00","description":"Tabouret avec structure en acier et assise en polypropyl\u00e8ne con\u00e7u et fabriqu\u00e9 pour l'industrie h\u00f4teli\u00e8re dans nos installations de Barcelone.","breadcrumb":{"@id":"https:\/\/www.alutec.es\/fr\/produit\/tabouret-avec-structure-acero-et-siege-en-polypropylene\/#breadcrumb"},"inLanguage":"fr-FR","potentialAction":[{"@type":"ReadAction","target":["https:\/\/www.alutec.es\/fr\/produit\/tabouret-avec-structure-acero-et-siege-en-polypropylene\/"]}]},{"@type":"ImageObject","inLanguage":"fr-FR","@id":"https:\/\/www.alutec.es\/fr\/produit\/tabouret-avec-structure-acero-et-siege-en-polypropylene\/#primaryimage","url":"https:\/\/www.alutec.es\/wp-content\/uploads\/2020\/09\/Alutec_segundaentrega__163.jpg","contentUrl":"https:\/\/www.alutec.es\/wp-content\/uploads\/2020\/09\/Alutec_segundaentrega__163.jpg","width":600,"height":900},{"@type":"BreadcrumbList","@id":"https:\/\/www.alutec.es\/fr\/produit\/tabouret-avec-structure-acero-et-siege-en-polypropylene\/#breadcrumb","itemListElement":[{"@type":"ListItem","position":1,"name":"Page de garde","item":"https:\/\/www.alutec.es\/fr\/home\/"},{"@type":"ListItem","position":2,"name":"Produits","item":"https:\/\/www.alutec.es\/fr\/catalogue\/"},{"@type":"ListItem","position":3,"name":"Yoko"}]},{"@type":"WebSite","@id":"https:\/\/www.alutec.es\/fr\/#website","url":"https:\/\/www.alutec.es\/fr\/","name":"Alutec","description":"Conception et fabrication de chaises, tabourets et tables.","potentialAction":[{"@type":"SearchAction","target":{"@type":"EntryPoint","urlTemplate":"https:\/\/www.alutec.es\/fr\/?s={search_term_string}"},"query-input":"required name=search_term_string"}],"inLanguage":"fr-FR"}]}},"_links":{"self":[{"href":"https:\/\/www.alutec.es\/fr\/wp-json\/wp\/v2\/product\/4296"}],"collection":[{"href":"https:\/\/www.alutec.es\/fr\/wp-json\/wp\/v2\/product"}],"about":[{"href":"https:\/\/www.alutec.es\/fr\/wp-json\/wp\/v2\/types\/product"}],"wp:featuredmedia":[{"embeddable":true,"href":"https:\/\/www.alutec.es\/fr\/wp-json\/wp\/v2\/media\/4299"}],"wp:attachment":[{"href":"https:\/\/www.alutec.es\/fr\/wp-json\/wp\/v2\/media?parent=4296"}],"wp:term":[{"taxonomy":"product_cat","embeddable":true,"href":"https:\/\/www.alutec.es\/fr\/wp-json\/wp\/v2\/product_cat?post=4296"},{"taxonomy":"product_tag","embeddable":true,"href":"https:\/\/www.alutec.es\/fr\/wp-json\/wp\/v2\/product_tag?post=4296"}],"curies":[{"name":"wp","href":"https:\/\/api.w.org\/{rel}","templated":true}]}}