{"id":2152,"date":"2020-03-05T15:19:48","date_gmt":"2020-03-05T13:19:48","guid":{"rendered":"https:\/\/www.alutec.es\/producto\/liceo\/"},"modified":"2023-02-13T14:20:54","modified_gmt":"2023-02-13T12:20:54","slug":"liceo","status":"publish","type":"product","link":"https:\/\/www.alutec.es\/fr\/produit\/liceo\/","title":{"rendered":"Liceo"},"content":{"rendered":"<p>Chaise con\u00e7ue pour les h\u00f4tels et les restaurants pour un usage int\u00e9rieur ou ext\u00e9rieur, en fonte d&rsquo;aluminium, empilable.<\/p>\n","protected":false},"excerpt":{"rendered":"<p>Invenio, Atelier de design<\/p>\n","protected":false},"featured_media":2135,"template":"","meta":[],"product_cat":[1240],"product_tag":[362,185,451,452,189],"acf":[],"yoast_head":"<!-- This site is optimized with the Yoast SEO plugin v22.7 - https:\/\/yoast.com\/wordpress\/plugins\/seo\/ -->\n<title>Liceo - Alutec<\/title>\n<meta name=\"robots\" content=\"index, follow, max-snippet:-1, max-image-preview:large, max-video-preview:-1\" \/>\n<link rel=\"canonical\" href=\"https:\/\/www.alutec.es\/fr\/produit\/liceo\/\" \/>\n<meta property=\"og:locale\" content=\"fr_FR\" \/>\n<meta property=\"og:type\" content=\"article\" \/>\n<meta property=\"og:title\" content=\"Liceo - Alutec\" \/>\n<meta property=\"og:description\" content=\"Invenio, Atelier de design\" \/>\n<meta property=\"og:url\" content=\"https:\/\/www.alutec.es\/fr\/produit\/liceo\/\" \/>\n<meta property=\"og:site_name\" content=\"Alutec\" \/>\n<meta property=\"article:modified_time\" content=\"2023-02-13T12:20:54+00:00\" \/>\n<meta property=\"og:image\" content=\"https:\/\/www.alutec.es\/wp-content\/uploads\/2020\/03\/Alutec_segundaentrega__113.jpg\" \/>\n\t<meta property=\"og:image:width\" content=\"600\" \/>\n\t<meta property=\"og:image:height\" content=\"900\" \/>\n\t<meta property=\"og:image:type\" content=\"image\/jpeg\" \/>\n<meta name=\"twitter:card\" content=\"summary_large_image\" \/>\n<script type=\"application\/ld+json\" class=\"yoast-schema-graph\">{\"@context\":\"https:\/\/schema.org\",\"@graph\":[{\"@type\":\"WebPage\",\"@id\":\"https:\/\/www.alutec.es\/fr\/produit\/liceo\/\",\"url\":\"https:\/\/www.alutec.es\/fr\/produit\/liceo\/\",\"name\":\"Liceo - Alutec\",\"isPartOf\":{\"@id\":\"https:\/\/www.alutec.es\/fr\/#website\"},\"primaryImageOfPage\":{\"@id\":\"https:\/\/www.alutec.es\/fr\/produit\/liceo\/#primaryimage\"},\"image\":{\"@id\":\"https:\/\/www.alutec.es\/fr\/produit\/liceo\/#primaryimage\"},\"thumbnailUrl\":\"https:\/\/www.alutec.es\/wp-content\/uploads\/2020\/03\/Alutec_251.jpg\",\"datePublished\":\"2020-03-05T13:19:48+00:00\",\"dateModified\":\"2023-02-13T12:20:54+00:00\",\"breadcrumb\":{\"@id\":\"https:\/\/www.alutec.es\/fr\/produit\/liceo\/#breadcrumb\"},\"inLanguage\":\"fr-FR\",\"potentialAction\":[{\"@type\":\"ReadAction\",\"target\":[\"https:\/\/www.alutec.es\/fr\/produit\/liceo\/\"]}]},{\"@type\":\"ImageObject\",\"inLanguage\":\"fr-FR\",\"@id\":\"https:\/\/www.alutec.es\/fr\/produit\/liceo\/#primaryimage\",\"url\":\"https:\/\/www.alutec.es\/wp-content\/uploads\/2020\/03\/Alutec_251.jpg\",\"contentUrl\":\"https:\/\/www.alutec.es\/wp-content\/uploads\/2020\/03\/Alutec_251.jpg\",\"width\":600,\"height\":900},{\"@type\":\"BreadcrumbList\",\"@id\":\"https:\/\/www.alutec.es\/fr\/produit\/liceo\/#breadcrumb\",\"itemListElement\":[{\"@type\":\"ListItem\",\"position\":1,\"name\":\"Page de garde\",\"item\":\"https:\/\/www.alutec.es\/fr\/home\/\"},{\"@type\":\"ListItem\",\"position\":2,\"name\":\"Produits\",\"item\":\"https:\/\/www.alutec.es\/fr\/catalogue\/\"},{\"@type\":\"ListItem\",\"position\":3,\"name\":\"Liceo\"}]},{\"@type\":\"WebSite\",\"@id\":\"https:\/\/www.alutec.es\/fr\/#website\",\"url\":\"https:\/\/www.alutec.es\/fr\/\",\"name\":\"Alutec\",\"description\":\"Conception et fabrication de chaises, tabourets et tables.\",\"potentialAction\":[{\"@type\":\"SearchAction\",\"target\":{\"@type\":\"EntryPoint\",\"urlTemplate\":\"https:\/\/www.alutec.es\/fr\/?s={search_term_string}\"},\"query-input\":\"required name=search_term_string\"}],\"inLanguage\":\"fr-FR\"}]}<\/script>\n<!-- \/ Yoast SEO plugin. -->","yoast_head_json":{"title":"Liceo - Alutec","robots":{"index":"index","follow":"follow","max-snippet":"max-snippet:-1","max-image-preview":"max-image-preview:large","max-video-preview":"max-video-preview:-1"},"canonical":"https:\/\/www.alutec.es\/fr\/produit\/liceo\/","og_locale":"fr_FR","og_type":"article","og_title":"Liceo - Alutec","og_description":"Invenio, Atelier de design","og_url":"https:\/\/www.alutec.es\/fr\/produit\/liceo\/","og_site_name":"Alutec","article_modified_time":"2023-02-13T12:20:54+00:00","og_image":[{"width":600,"height":900,"url":"https:\/\/www.alutec.es\/wp-content\/uploads\/2020\/03\/Alutec_segundaentrega__113.jpg","type":"image\/jpeg"}],"twitter_card":"summary_large_image","schema":{"@context":"https:\/\/schema.org","@graph":[{"@type":"WebPage","@id":"https:\/\/www.alutec.es\/fr\/produit\/liceo\/","url":"https:\/\/www.alutec.es\/fr\/produit\/liceo\/","name":"Liceo - Alutec","isPartOf":{"@id":"https:\/\/www.alutec.es\/fr\/#website"},"primaryImageOfPage":{"@id":"https:\/\/www.alutec.es\/fr\/produit\/liceo\/#primaryimage"},"image":{"@id":"https:\/\/www.alutec.es\/fr\/produit\/liceo\/#primaryimage"},"thumbnailUrl":"https:\/\/www.alutec.es\/wp-content\/uploads\/2020\/03\/Alutec_251.jpg","datePublished":"2020-03-05T13:19:48+00:00","dateModified":"2023-02-13T12:20:54+00:00","breadcrumb":{"@id":"https:\/\/www.alutec.es\/fr\/produit\/liceo\/#breadcrumb"},"inLanguage":"fr-FR","potentialAction":[{"@type":"ReadAction","target":["https:\/\/www.alutec.es\/fr\/produit\/liceo\/"]}]},{"@type":"ImageObject","inLanguage":"fr-FR","@id":"https:\/\/www.alutec.es\/fr\/produit\/liceo\/#primaryimage","url":"https:\/\/www.alutec.es\/wp-content\/uploads\/2020\/03\/Alutec_251.jpg","contentUrl":"https:\/\/www.alutec.es\/wp-content\/uploads\/2020\/03\/Alutec_251.jpg","width":600,"height":900},{"@type":"BreadcrumbList","@id":"https:\/\/www.alutec.es\/fr\/produit\/liceo\/#breadcrumb","itemListElement":[{"@type":"ListItem","position":1,"name":"Page de garde","item":"https:\/\/www.alutec.es\/fr\/home\/"},{"@type":"ListItem","position":2,"name":"Produits","item":"https:\/\/www.alutec.es\/fr\/catalogue\/"},{"@type":"ListItem","position":3,"name":"Liceo"}]},{"@type":"WebSite","@id":"https:\/\/www.alutec.es\/fr\/#website","url":"https:\/\/www.alutec.es\/fr\/","name":"Alutec","description":"Conception et fabrication de chaises, tabourets et tables.","potentialAction":[{"@type":"SearchAction","target":{"@type":"EntryPoint","urlTemplate":"https:\/\/www.alutec.es\/fr\/?s={search_term_string}"},"query-input":"required name=search_term_string"}],"inLanguage":"fr-FR"}]}},"_links":{"self":[{"href":"https:\/\/www.alutec.es\/fr\/wp-json\/wp\/v2\/product\/2152"}],"collection":[{"href":"https:\/\/www.alutec.es\/fr\/wp-json\/wp\/v2\/product"}],"about":[{"href":"https:\/\/www.alutec.es\/fr\/wp-json\/wp\/v2\/types\/product"}],"wp:featuredmedia":[{"embeddable":true,"href":"https:\/\/www.alutec.es\/fr\/wp-json\/wp\/v2\/media\/2135"}],"wp:attachment":[{"href":"https:\/\/www.alutec.es\/fr\/wp-json\/wp\/v2\/media?parent=2152"}],"wp:term":[{"taxonomy":"product_cat","embeddable":true,"href":"https:\/\/www.alutec.es\/fr\/wp-json\/wp\/v2\/product_cat?post=2152"},{"taxonomy":"product_tag","embeddable":true,"href":"https:\/\/www.alutec.es\/fr\/wp-json\/wp\/v2\/product_tag?post=2152"}],"curies":[{"name":"wp","href":"https:\/\/api.w.org\/{rel}","templated":true}]}}