{"id":665,"date":"2020-02-20T16:02:07","date_gmt":"2020-02-20T15:02:07","guid":{"rendered":"https:\/\/www.alutec.es\/?page_id=665"},"modified":"2022-08-24T13:27:35","modified_gmt":"2022-08-24T11:27:35","slug":"faq","status":"publish","type":"page","link":"https:\/\/www.alutec.es\/fr\/faq\/","title":{"rendered":"FAQ"},"content":{"rendered":"<p>[vc_row][vc_column][vc_column_text css=\u00a0\u00bb.vc_custom_1661339853471{margin-bottom: 40px !important;}\u00a0\u00bb]<\/p>\n<h1 style=\"text-align: center;\">Questions fr\u00e9quentes<\/h1>\n<p>[\/vc_column_text][vc_row_inner][vc_column_inner width=\u00a0\u00bb1\/2&Prime;][vc_toggle title=\u00a0\u00bbPuis-je demander des finitions et des mesures sp\u00e9ciales?\u00a0\u00bb style=\u00a0\u00bbround\u00a0\u00bb size=\u00a0\u00bblg\u00a0\u00bb]Tant que le produit (chaises, tables, tabourets, paravents, paravents, canap\u00e9s, \u00e9tag\u00e8res) peut \u00eatre ajust\u00e9 dans les finitions et\/ou les mesures, Alutec n&rsquo;aura aucun probl\u00e8me \u00e0 r\u00e9pondre aux demandes sp\u00e9ciales. Cependant, ils seront logiquement soumis \u00e0 des quantit\u00e9s minimales et\/ou \u00e0 des prix sp\u00e9ciaux. Veuillez nous consulter \u00e0 ce sujet sans aucun engagement.[\/vc_toggle][vc_toggle title=\u00a0\u00bbComment entretenir mes produits?\u00a0\u00bb style=\u00a0\u00bbround\u00a0\u00bb size=\u00a0\u00bblg\u00a0\u00bb]Alutec recommande de nettoyer les produits (chaises, tables, tabourets, canap\u00e9s) uniquement avec un chiffon imbib\u00e9 d&rsquo;eau et de s\u00e9cher ensuite les surfaces. Nous d\u00e9conseillons les produits chimiques et\/ou abrasifs m\u00eame s&rsquo;ils peuvent \u00eatre recommand\u00e9s commercialement pour cet usage.[\/vc_toggle][vc_toggle title=\u00a0\u00bbO\u00f9 sont fabriqu\u00e9s les produits Alutec?\u00a0\u00bb style=\u00a0\u00bbround\u00a0\u00bb size=\u00a0\u00bblg\u00a0\u00bb]Toutes nos chaises, tables, tabourets, canap\u00e9s, \u00e9tag\u00e8res&#8230; et tous les produits Alutec sont fabriqu\u00e9s en Espagne avec des mat\u00e9riaux de qualit\u00e9 gr\u00e2ce \u00e0 des proc\u00e9d\u00e9s respectueux de l&rsquo;\u00eatre humain et de l&rsquo;environnement.[\/vc_toggle][vc_toggle title=\u00a0\u00bbEt si j&rsquo;ai besoin d&rsquo;une r\u00e9paration?\u00a0\u00bb style=\u00a0\u00bbround\u00a0\u00bb size=\u00a0\u00bblg\u00a0\u00bb]En cas de dommage, non li\u00e9 \u00e0 l&rsquo;utilisation et\/ou \u00e0 l&rsquo;expiration de la garantie, Alutec peut prendre en charge les r\u00e9parations apr\u00e8s acceptation du devis.[\/vc_toggle][vc_toggle title=\u00a0\u00bbEt si j&rsquo;ai besoin de pi\u00e8ces d\u00e9tach\u00e9es ?\u00a0\u00bb style=\u00a0\u00bbround\u00a0\u00bb size=\u00a0\u00bblg\u00a0\u00bb]Alutec s&rsquo;engage \u00e0 disposer des pi\u00e8ces d\u00e9tach\u00e9es et\/ou pi\u00e8ces d\u00e9tach\u00e9es pour toutes les r\u00e9f\u00e9rences de chaises, tables, tabourets, paravents, parasols, canap\u00e9s&#8230; jusqu&rsquo;\u00e0 5 ans apr\u00e8s leur cessation de production.[\/vc_toggle][vc_toggle title=\u00a0\u00bbLes images et les couleurs vues sur le web sont-elles fid\u00e8les \u00e0 la r\u00e9alit\u00e9?\u00a0\u00bb style=\u00a0\u00bbround\u00a0\u00bb size=\u00a0\u00bblg\u00a0\u00bb]Nous devons tenir compte du fait que les couleurs et\/ou les finitions et\/ou les d\u00e9tails qui apparaissent sur le Web, principalement sur une base photographique, peuvent subir des changements par rapport \u00e0 la r\u00e9alit\u00e9 pour des raisons num\u00e9riques. Il est recommand\u00e9 de v\u00e9rifier la correspondance des couleurs avec leur RAL correspondant et\/ou de valider un \u00e9chantillon physique avant de passer commande si la couleur est d\u00e9terminante.[\/vc_toggle][\/vc_column_inner][vc_column_inner width=\u00a0\u00bb1\/2&Prime;][vc_toggle title=\u00a0\u00bbCombien d&rsquo;ann\u00e9es de garantie les produits ont-ils?\u00a0\u00bb style=\u00a0\u00bbround\u00a0\u00bb size=\u00a0\u00bblg\u00a0\u00bb]Les produits Alutec sont couverts par une garantie d&rsquo;un an \u00e0 compter de la date d&rsquo;achat et couvre tous les types de probl\u00e8mes, tant qu&rsquo;ils sont caus\u00e9s par des erreurs de fabrication.[\/vc_toggle][vc_toggle title=\u00a0\u00bbQui d\u00e9termine s&rsquo;il s&rsquo;agit d&rsquo;un d\u00e9faut de fabrication?\u00a0\u00bb style=\u00a0\u00bbround\u00a0\u00bb size=\u00a0\u00bblg\u00a0\u00bb]En cas d&rsquo;incident, ce sera le service technique d&rsquo;Alutec qui, au moyen d&rsquo;un \u00e9chantillon physique (et non d&rsquo;une photographie), d\u00e9terminera en premier lieu la cause possible du dommage subi et sa solution \u00e9ventuelle.[\/vc_toggle][vc_toggle title=\u00a0\u00bbQue dois-je savoir sur certaines finitions?\u00a0\u00bb style=\u00a0\u00bbround\u00a0\u00bb size=\u00a0\u00bblg\u00a0\u00bb]Alutec int\u00e8gre des finitions faites manuellement. Pour cette raison les pi\u00e8ces sont uniques et peuvent pr\u00e9senter des diff\u00e9rences.[\/vc_toggle][vc_toggle title=\u00a0\u00bb\u00c0 propos de la finition vernis industriel\u00a0\u00bb style=\u00a0\u00bbround\u00a0\u00bb size=\u00a0\u00bblg\u00a0\u00bb]La finition vernis industriel de nos mod\u00e8les en acier est destin\u00e9e \u00e0 la cr\u00e9ation d&rsquo;environnements insouciants et d\u00e9contract\u00e9s. L&rsquo;esprit de ce langage repose sur la cr\u00e9ation d&rsquo;espaces \u00e0 partir d&rsquo;\u00e9l\u00e9ments qui paraissent hors contexte, comme des pi\u00e8ces d&rsquo;industries et\/ou d&rsquo;autres espaces.<br \/>\nDe cette fa\u00e7on, les produits, tout comme ils sont finis avec les impuret\u00e9s et\/ou les alt\u00e9rations qu&rsquo;ils subissent au cours du processus : rayures, taches, oxydation, bosses, etc&#8230; sont directement trait\u00e9s avec un vernis polyester qui les prot\u00e8ge et Ils garantissent, comme tout autre produit Alutec, son entretien et sa durabilit\u00e9.<br \/>\nIl faut comprendre -et accepter- que ce type de finition est, pour les raisons d\u00e9crites ci-dessus, expos\u00e9 \u00e0 certaines irr\u00e9gularit\u00e9s de surface et de structure. Ce sont des produits uniques qui peuvent diff\u00e9rer les uns des autres. Nous vous recommandons d&rsquo;en tenir compte afin d&rsquo;\u00e9viter tout malentendu.[\/vc_toggle][vc_toggle title=\u00a0\u00bbEt s&rsquo;il y avait un probl\u00e8me qui menait \u00e0 un litige?\u00a0\u00bb style=\u00a0\u00bbround\u00a0\u00bb size=\u00a0\u00bblg\u00a0\u00bb]Dans les cas o\u00f9, face \u00e0 un incident et\/ou autre probl\u00e8me, il n&rsquo;y a pas d&rsquo;accord entre les parties et un type de plainte est trait\u00e9 par les tribunaux, le client s&rsquo;engage \u00e0 soumettre l&rsquo;affaire aux tribunaux de Barcelone.[\/vc_toggle][vc_toggle title=\u00a0\u00bbQue dois-je faire si je re\u00e7ois le mat\u00e9riel en mauvais \u00e9tat?\u00a0\u00bb style=\u00a0\u00bbround\u00a0\u00bb size=\u00a0\u00bblg\u00a0\u00bb]Si le mat\u00e9riel arrive en mauvais \u00e9tat (probablement pour des raisons de transport), vous devez en informer rapidement Alutec et l&rsquo;enregistrer sur le bon de livraison.[\/vc_toggle][vc_toggle title=\u00a0\u00bbSi vous avez des questions sur l&rsquo;un de ces probl\u00e8mes, ou d&rsquo;autres qui peuvent survenir, et\/ou souhaitez plus de d\u00e9tails sur certains aspects expos\u00e9s\u00a0\u00bb style=\u00a0\u00bbround\u00a0\u00bb size=\u00a0\u00bblg\u00a0\u00bb]Veuillez nous contacter afin que nous puissions clarifier toute question.[\/vc_toggle][\/vc_column_inner][\/vc_row_inner][\/vc_column][\/vc_row]<\/p>\n","protected":false},"excerpt":{"rendered":"<p>[vc_row][vc_column][vc_column_text css=\u00a0\u00bb.vc_custom_1661339853471{margin-bottom: 40px !important;}\u00a0\u00bb] Questions fr\u00e9quentes [\/vc_column_text][vc_row_inner][vc_column_inner width=\u00a0\u00bb1\/2&Prime;][vc_toggle title=\u00a0\u00bbPuis-je demander des finitions et des mesures sp\u00e9ciales?\u00a0\u00bb style=\u00a0\u00bbround\u00a0\u00bb size=\u00a0\u00bblg\u00a0\u00bb]Tant que le produit (chaises, tables, tabourets, paravents, paravents, canap\u00e9s, \u00e9tag\u00e8res) peut \u00eatre ajust\u00e9 dans les finitions et\/ou les mesures, Alutec n&rsquo;aura aucun probl\u00e8me \u00e0 r\u00e9pondre aux demandes sp\u00e9ciales. Cependant, ils seront logiquement soumis \u00e0 des quantit\u00e9s minimales&hellip;<\/p>\n","protected":false},"author":1,"featured_media":0,"parent":0,"menu_order":0,"comment_status":"closed","ping_status":"closed","template":"","meta":{"footnotes":""},"acf":[],"yoast_head":"<!-- This site is optimized with the Yoast SEO plugin v22.7 - https:\/\/yoast.com\/wordpress\/plugins\/seo\/ -->\n<title>FAQ - Alutec<\/title>\n<meta name=\"robots\" content=\"index, follow, max-snippet:-1, max-image-preview:large, max-video-preview:-1\" \/>\n<link rel=\"canonical\" href=\"https:\/\/www.alutec.es\/fr\/faq\/\" \/>\n<meta property=\"og:locale\" content=\"fr_FR\" \/>\n<meta property=\"og:type\" content=\"article\" \/>\n<meta property=\"og:title\" content=\"FAQ - Alutec\" \/>\n<meta property=\"og:description\" content=\"[vc_row][vc_column][vc_column_text css=\u00a0\u00bb.vc_custom_1661339853471{margin-bottom: 40px !important;}\u00a0\u00bb] Questions fr\u00e9quentes [\/vc_column_text][vc_row_inner][vc_column_inner width=\u00a0\u00bb1\/2&Prime;][vc_toggle title=\u00a0\u00bbPuis-je demander des finitions et des mesures sp\u00e9ciales?\u00a0\u00bb style=\u00a0\u00bbround\u00a0\u00bb size=\u00a0\u00bblg\u00a0\u00bb]Tant que le produit (chaises, tables, tabourets, paravents, paravents, canap\u00e9s, \u00e9tag\u00e8res) peut \u00eatre ajust\u00e9 dans les finitions et\/ou les mesures, Alutec n&rsquo;aura aucun probl\u00e8me \u00e0 r\u00e9pondre aux demandes sp\u00e9ciales. Cependant, ils seront logiquement soumis \u00e0 des quantit\u00e9s minimales&hellip;\" \/>\n<meta property=\"og:url\" content=\"https:\/\/www.alutec.es\/fr\/faq\/\" \/>\n<meta property=\"og:site_name\" content=\"Alutec\" \/>\n<meta property=\"article:modified_time\" content=\"2022-08-24T11:27:35+00:00\" \/>\n<meta name=\"twitter:card\" content=\"summary_large_image\" \/>\n<meta name=\"twitter:label1\" content=\"Dur\u00e9e de lecture estim\u00e9e\" \/>\n\t<meta name=\"twitter:data1\" content=\"4 minutes\" \/>\n<script type=\"application\/ld+json\" class=\"yoast-schema-graph\">{\"@context\":\"https:\/\/schema.org\",\"@graph\":[{\"@type\":\"WebPage\",\"@id\":\"https:\/\/www.alutec.es\/fr\/faq\/\",\"url\":\"https:\/\/www.alutec.es\/fr\/faq\/\",\"name\":\"FAQ - Alutec\",\"isPartOf\":{\"@id\":\"https:\/\/www.alutec.es\/fr\/#website\"},\"datePublished\":\"2020-02-20T15:02:07+00:00\",\"dateModified\":\"2022-08-24T11:27:35+00:00\",\"breadcrumb\":{\"@id\":\"https:\/\/www.alutec.es\/fr\/faq\/#breadcrumb\"},\"inLanguage\":\"fr-FR\",\"potentialAction\":[{\"@type\":\"ReadAction\",\"target\":[\"https:\/\/www.alutec.es\/fr\/faq\/\"]}]},{\"@type\":\"BreadcrumbList\",\"@id\":\"https:\/\/www.alutec.es\/fr\/faq\/#breadcrumb\",\"itemListElement\":[{\"@type\":\"ListItem\",\"position\":1,\"name\":\"Page de garde\",\"item\":\"https:\/\/www.alutec.es\/fr\/home\/\"},{\"@type\":\"ListItem\",\"position\":2,\"name\":\"FAQ\"}]},{\"@type\":\"WebSite\",\"@id\":\"https:\/\/www.alutec.es\/fr\/#website\",\"url\":\"https:\/\/www.alutec.es\/fr\/\",\"name\":\"Alutec\",\"description\":\"Conception et fabrication de chaises, tabourets et tables.\",\"potentialAction\":[{\"@type\":\"SearchAction\",\"target\":{\"@type\":\"EntryPoint\",\"urlTemplate\":\"https:\/\/www.alutec.es\/fr\/?s={search_term_string}\"},\"query-input\":\"required name=search_term_string\"}],\"inLanguage\":\"fr-FR\"}]}<\/script>\n<!-- \/ Yoast SEO plugin. -->","yoast_head_json":{"title":"FAQ - Alutec","robots":{"index":"index","follow":"follow","max-snippet":"max-snippet:-1","max-image-preview":"max-image-preview:large","max-video-preview":"max-video-preview:-1"},"canonical":"https:\/\/www.alutec.es\/fr\/faq\/","og_locale":"fr_FR","og_type":"article","og_title":"FAQ - Alutec","og_description":"[vc_row][vc_column][vc_column_text css=\u00a0\u00bb.vc_custom_1661339853471{margin-bottom: 40px !important;}\u00a0\u00bb] Questions fr\u00e9quentes [\/vc_column_text][vc_row_inner][vc_column_inner width=\u00a0\u00bb1\/2&Prime;][vc_toggle title=\u00a0\u00bbPuis-je demander des finitions et des mesures sp\u00e9ciales?\u00a0\u00bb style=\u00a0\u00bbround\u00a0\u00bb size=\u00a0\u00bblg\u00a0\u00bb]Tant que le produit (chaises, tables, tabourets, paravents, paravents, canap\u00e9s, \u00e9tag\u00e8res) peut \u00eatre ajust\u00e9 dans les finitions et\/ou les mesures, Alutec n&rsquo;aura aucun probl\u00e8me \u00e0 r\u00e9pondre aux demandes sp\u00e9ciales. Cependant, ils seront logiquement soumis \u00e0 des quantit\u00e9s minimales&hellip;","og_url":"https:\/\/www.alutec.es\/fr\/faq\/","og_site_name":"Alutec","article_modified_time":"2022-08-24T11:27:35+00:00","twitter_card":"summary_large_image","twitter_misc":{"Dur\u00e9e de lecture estim\u00e9e":"4 minutes"},"schema":{"@context":"https:\/\/schema.org","@graph":[{"@type":"WebPage","@id":"https:\/\/www.alutec.es\/fr\/faq\/","url":"https:\/\/www.alutec.es\/fr\/faq\/","name":"FAQ - Alutec","isPartOf":{"@id":"https:\/\/www.alutec.es\/fr\/#website"},"datePublished":"2020-02-20T15:02:07+00:00","dateModified":"2022-08-24T11:27:35+00:00","breadcrumb":{"@id":"https:\/\/www.alutec.es\/fr\/faq\/#breadcrumb"},"inLanguage":"fr-FR","potentialAction":[{"@type":"ReadAction","target":["https:\/\/www.alutec.es\/fr\/faq\/"]}]},{"@type":"BreadcrumbList","@id":"https:\/\/www.alutec.es\/fr\/faq\/#breadcrumb","itemListElement":[{"@type":"ListItem","position":1,"name":"Page de garde","item":"https:\/\/www.alutec.es\/fr\/home\/"},{"@type":"ListItem","position":2,"name":"FAQ"}]},{"@type":"WebSite","@id":"https:\/\/www.alutec.es\/fr\/#website","url":"https:\/\/www.alutec.es\/fr\/","name":"Alutec","description":"Conception et fabrication de chaises, tabourets et tables.","potentialAction":[{"@type":"SearchAction","target":{"@type":"EntryPoint","urlTemplate":"https:\/\/www.alutec.es\/fr\/?s={search_term_string}"},"query-input":"required name=search_term_string"}],"inLanguage":"fr-FR"}]}},"_links":{"self":[{"href":"https:\/\/www.alutec.es\/fr\/wp-json\/wp\/v2\/pages\/665"}],"collection":[{"href":"https:\/\/www.alutec.es\/fr\/wp-json\/wp\/v2\/pages"}],"about":[{"href":"https:\/\/www.alutec.es\/fr\/wp-json\/wp\/v2\/types\/page"}],"author":[{"embeddable":true,"href":"https:\/\/www.alutec.es\/fr\/wp-json\/wp\/v2\/users\/1"}],"replies":[{"embeddable":true,"href":"https:\/\/www.alutec.es\/fr\/wp-json\/wp\/v2\/comments?post=665"}],"version-history":[{"count":5,"href":"https:\/\/www.alutec.es\/fr\/wp-json\/wp\/v2\/pages\/665\/revisions"}],"predecessor-version":[{"id":5997,"href":"https:\/\/www.alutec.es\/fr\/wp-json\/wp\/v2\/pages\/665\/revisions\/5997"}],"wp:attachment":[{"href":"https:\/\/www.alutec.es\/fr\/wp-json\/wp\/v2\/media?parent=665"}],"curies":[{"name":"wp","href":"https:\/\/api.w.org\/{rel}","templated":true}]}}