{"id":657,"date":"2020-02-20T15:59:57","date_gmt":"2020-02-20T14:59:57","guid":{"rendered":"https:\/\/www.alutec.es\/?page_id=657"},"modified":"2020-02-20T16:05:35","modified_gmt":"2020-02-20T15:05:35","slug":"politique-de-confidentialite","status":"publish","type":"page","link":"https:\/\/www.alutec.es\/fr\/politique-de-confidentialite\/","title":{"rendered":"Politique de confidentialit\u00e9"},"content":{"rendered":"<p>[vc_row][vc_column][vc_column_text]<\/p>\n<h1>Pol\u00edtica de privacidad<\/h1>\n<p>[\/vc_column_text][vc_column_text]En ALUTEC DEL VALL\u00c9S, S.L. trabajamos para garantizar la privacidad en el tratamiento de sus datos personales. Hemos actualizado nuestra Pol\u00edtica de Privacidad para informar claramente de c\u00f3mo recabamos, utilizamos y custodiamos los datos de las personas que contactan con ALUTEC:<\/p>\n<p><strong>\u00bfQui\u00e9n es el responsable del tratamiento de sus datos?<\/strong><\/p>\n<p>Raz\u00f3n social: ALUTEC DEL VALL\u00c9S, S.L.<\/p>\n<p>Nombre comercial: ALUTEC<\/p>\n<p>NIF: B-64786486<\/p>\n<p>Direcci\u00f3n postal: Avenida Egara, 52. Pol.Ind Can Casablanques. Sant Quirze 08192 (Barcelona)<\/p>\n<p>Tel\u00e9fono: +34 937 470 910<\/p>\n<p>Correo electr\u00f3nico: <a href=\"mailto:resol@resol.es\" target=\"_blank\" rel=\"noopener noreferrer\">alutec@alutec.es<\/a><\/p>\n<p><strong>\u00bfCon que finalidad tratamos sus datos personales?<\/strong><\/p>\n<p>En ALUTEC DEL VALL\u00c9S, S.L. tratamos datos de contacto profesional con las siguientes finalidades, en funci\u00f3n del motivo por el que nos los haya facilitado:<\/p>\n<p>Gestionar datos facilitados directamente por el propio interesado, como profesional o representante de su empresa para informarle de nuestros productos y servicios, dar respuesta a su solicitud, petici\u00f3n o consulta y hacer un seguimiento posterior.<br \/>\nGestionar, los datos proporcionados por el cliente en el momento de contratar nuestros servicios, a nivel organizativo, contable, fiscal y administrativo, as\u00ed como para informarle sobre servicios, eventos y noticias relacionadas con nuestra actividad profesional que puedan ser de su inter\u00e9s.<br \/>\nGestionar los datos profesionales del USUARIO por su participaci\u00f3n en los diferentes eventos que organizamos y nos hayan autorizado para informarle sobre otras actividades o eventos que podamos organizar en relaci\u00f3n con proyectos o servicios de ALUTEC que puedan ser de su inter\u00e9s.<br \/>\nRealizar, en caso de que se haya suscrito a nuestras Newsletters, el env\u00edo de las mismas tratando los datos facilitados para remit\u00edrsela.<br \/>\nRealizar, en su caso, el perfil de USUARIO para ofrecerle nuestros productos y servicios.<\/p>\n<p><strong>\u00bfPor cu\u00e1nto tiempo conservaremos sus datos?<\/strong><\/p>\n<p>Los datos para la gesti\u00f3n de la relaci\u00f3n con el cliente y la facturaci\u00f3n y cobro de los servicios ser\u00e1n conservados durante todo el tiempo en que el contrato est\u00e9 vigente. Una vez finalizada dicha relaci\u00f3n, en su caso, los datos podr\u00e1n ser conservados durante el tiempo exigido por la legislaci\u00f3n aplicable y hasta que prescriban las eventuales responsabilidades derivadas del contrato.<br \/>\nLos datos relativos a publicaciones de comentarios sobre nuestros productos se mantendr\u00e1n durante la vigencia y publicidad de los productos o servicios a los que hacen referencia, salvo que se exprese su deseo de que sean eliminados en cualquier momento.<br \/>\nLos datos para la participaci\u00f3n en eventos y actividades se conservar\u00e1n durante el tiempo necesario para las finalidades descritas, salvo que se haya opuesto al tratamiento de los mismos o los haya cancelado previamente.<br \/>\nLos datos para el env\u00edo de Newsletters ser\u00e1n conservados indefinidamente hasta que, en su caso, nos manifiesten su voluntad de suprimirlos.<br \/>\nLos datos para el env\u00edo de comunicaciones comerciales y elaboraci\u00f3n de perfiles comerciales de nuestros productos o servicios ser\u00e1n conservados indefinidamente hasta que, en su caso, nos manifiesten su voluntad de suprimirlos.<\/p>\n<p><strong>\u00bfCu\u00e1l es la legitimaci\u00f3n para el tratamiento de sus datos?<\/strong><\/p>\n<p>La base legal para el tratamiento de sus datos de las finalidades 1 a 3 es la ejecuci\u00f3n contractual de la prestaci\u00f3n del servicio correspondiente.<br \/>\nLa oferta prospectiva de productos y servicios a clientes tiene como base la satisfacci\u00f3n del inter\u00e9s leg\u00edtimo empresarial consistente en poder ofrecer a nuestros clientes la contrataci\u00f3n de otros productos o servicios y conseguir as\u00ed su fidelizaci\u00f3n. Dicho inter\u00e9s leg\u00edtimo se reconoce por la normativa legal aplicable (Reglamento General de Protecci\u00f3n de Datos), que permite expresamente el tratamiento de datos personales sobre esa base legal con fines de mercadotecnia directa.<\/p>\n<p>No obstante, le recordamos que tiene derecho a oponerse a este tratamiento de sus datos, pudiendo hacerlo por cualquiera de los medios descritos en esta Pol\u00edtica.<\/p>\n<p>La base del env\u00edo de comunicaciones comerciales a usuarios no clientes es el consentimiento que se ha solicitado, pudiendo ser revocado en cualquier momento. La retirada de dicho consentimiento no afectar\u00e1 en ning\u00fan caso a la ejecuci\u00f3n del contrato, pero los tratamientos de datos con ese fin efectuados con anterioridad no perder\u00e1n su licitud por el hecho de que el consentimiento se haya revocado.<\/p>\n<p><strong>\u00bfA qu\u00e9 destinatarios se comunicar\u00e1n sus datos?<\/strong><\/p>\n<p>A la empresa ALUTEC DEL VALL\u00c8S, S.L., con la finalidad de la gesti\u00f3n de nuestras actividades y el cumplimiento de fines administrativos internos, incluido el tratamiento de datos personales de clientes.<br \/>\nA las entidades financieras a trav\u00e9s de las que se articule la gesti\u00f3n de cobros y pagos.<br \/>\nA las Administraciones p\u00fablicas competentes, en los casos previstos en la Ley y para los fines en ella definidos.<\/p>\n<p><strong>\u00bfCu\u00e1les son sus derechos cuando nos facilita sus datos?<\/strong><\/p>\n<p>Cualquier persona tiene derecho a obtener confirmaci\u00f3n sobre si en ALUTEC DEL VALL\u00c8S, S.L. estamos tratando datos personales que les conciernan, o no.<br \/>\nLas personas interesadas tienen derecho a acceder a sus datos personales, as\u00ed como a solicitar la rectificaci\u00f3n de los datos inexactos o, si es el caso, solicitar su supresi\u00f3n cuando, entre otros motivos, los datos ya no sean necesarios para los fines para los que fueron recogidos.<br \/>\nEn determinadas circunstancias, los interesados podr\u00e1n solicitar la limitaci\u00f3n del tratamiento de sus datos o su portabilidad, en este caso \u00fanicamente los conservaremos para el ejercicio o la defensa de reclamaciones.<br \/>\nEn determinadas circunstancias y por motivos relacionados con su situaci\u00f3n particular, los interesados podr\u00e1n oponerse al tratamiento de sus datos. En este caso, ALUTEC DEL VALL\u00c8S, S.L. dejar\u00e1 de tratar los datos, excepto por motivos leg\u00edtimos imperiosos, o el ejercicio o la defensa de posibles reclamaciones.<br \/>\nUsted podr\u00e1 ejercer materialmente sus derechos de la siguiente manera:<\/p>\n<p>Por correo electr\u00f3nico adjuntando copia de su DNI a: alutec@alutec.es.<br \/>\nEn la direcci\u00f3n de correo electr\u00f3nico indicada le proporcionaremos los formularios correspondientes para ejercitar materialmente estos derechos.<br \/>\nSi ha otorgado su consentimiento para alguna finalidad concreta, tiene derecho a retirar el consentimiento otorgado en cualquier momento, sin que esto afecte la licitud del tratamiento basado en su consentimiento previo a su retirada.<br \/>\nEn caso de que considere vulnerados sus derechos por que se refiere a la protecci\u00f3n de sus datos personales, especialmente cuando no haya obtenido satisfacci\u00f3n en el ejercicio de sus derechos, puede presentar una reclamaci\u00f3n ante la Autoridad de Control en materia de protecci\u00f3n de datos competente a trav\u00e9s de su lugar web: www.agpd.es.<\/p>\n<p><strong>\u00bfComo hemos obtenido sus datos?<\/strong><\/p>\n<p>Los datos personales que tratamos en ALUTEC DEL VALL\u00c9S, S.L. proceden de los propios interesados o su Representante legal.<br \/>\nLe recordamos que no deben facilitar datos de terceros salvo que se tenga autorizaci\u00f3n de \u00e9stos y les haya informado previamente.<br \/>\nNo se tratan categor\u00edas especiales de datos personales (son aquellos datos que revelan el origen \u00e9tnico o racial, las opiniones pol\u00edticas, las convicciones religiosas o filos\u00f3ficas, o la afiliaci\u00f3n sindical, datos gen\u00e9ticos, datos biom\u00e9tricos dirigidos a identificar de manera un\u00edvoca a una persona f\u00edsica, datos relativos a la salud o datos relativos a la vida sexual o cual es la orientaci\u00f3n sexual de una persona f\u00edsica).[\/vc_column_text][\/vc_column][\/vc_row]<\/p>\n","protected":false},"excerpt":{"rendered":"<p>[vc_row][vc_column][vc_column_text] Pol\u00edtica de privacidad [\/vc_column_text][vc_column_text]En ALUTEC DEL VALL\u00c9S, S.L. trabajamos para garantizar la privacidad en el tratamiento de sus datos personales. Hemos actualizado nuestra Pol\u00edtica de Privacidad para informar claramente de c\u00f3mo recabamos, utilizamos y custodiamos los datos de las personas que contactan con ALUTEC: \u00bfQui\u00e9n es el responsable del tratamiento de sus datos? Raz\u00f3n&hellip;<\/p>\n","protected":false},"author":1,"featured_media":0,"parent":0,"menu_order":0,"comment_status":"closed","ping_status":"open","template":"","meta":{"footnotes":""},"acf":[],"yoast_head":"<!-- This site is optimized with the Yoast SEO plugin v22.7 - https:\/\/yoast.com\/wordpress\/plugins\/seo\/ -->\n<title>Politique de confidentialit\u00e9 - Alutec<\/title>\n<meta name=\"robots\" content=\"index, follow, max-snippet:-1, max-image-preview:large, max-video-preview:-1\" \/>\n<link rel=\"canonical\" href=\"https:\/\/www.alutec.es\/fr\/politique-de-confidentialite\/\" \/>\n<meta property=\"og:locale\" content=\"fr_FR\" \/>\n<meta property=\"og:type\" content=\"article\" \/>\n<meta property=\"og:title\" content=\"Politique de confidentialit\u00e9 - Alutec\" \/>\n<meta property=\"og:description\" content=\"[vc_row][vc_column][vc_column_text] Pol\u00edtica de privacidad [\/vc_column_text][vc_column_text]En ALUTEC DEL VALL\u00c9S, S.L. trabajamos para garantizar la privacidad en el tratamiento de sus datos personales. Hemos actualizado nuestra Pol\u00edtica de Privacidad para informar claramente de c\u00f3mo recabamos, utilizamos y custodiamos los datos de las personas que contactan con ALUTEC: \u00bfQui\u00e9n es el responsable del tratamiento de sus datos? Raz\u00f3n&hellip;\" \/>\n<meta property=\"og:url\" content=\"https:\/\/www.alutec.es\/fr\/politique-de-confidentialite\/\" \/>\n<meta property=\"og:site_name\" content=\"Alutec\" \/>\n<meta property=\"article:modified_time\" content=\"2020-02-20T15:05:35+00:00\" \/>\n<meta name=\"twitter:card\" content=\"summary_large_image\" \/>\n<meta name=\"twitter:label1\" content=\"Dur\u00e9e de lecture estim\u00e9e\" \/>\n\t<meta name=\"twitter:data1\" content=\"6 minutes\" \/>\n<script type=\"application\/ld+json\" class=\"yoast-schema-graph\">{\"@context\":\"https:\/\/schema.org\",\"@graph\":[{\"@type\":\"WebPage\",\"@id\":\"https:\/\/www.alutec.es\/fr\/politique-de-confidentialite\/\",\"url\":\"https:\/\/www.alutec.es\/fr\/politique-de-confidentialite\/\",\"name\":\"Politique de confidentialit\u00e9 - Alutec\",\"isPartOf\":{\"@id\":\"https:\/\/www.alutec.es\/fr\/#website\"},\"datePublished\":\"2020-02-20T14:59:57+00:00\",\"dateModified\":\"2020-02-20T15:05:35+00:00\",\"breadcrumb\":{\"@id\":\"https:\/\/www.alutec.es\/fr\/politique-de-confidentialite\/#breadcrumb\"},\"inLanguage\":\"fr-FR\",\"potentialAction\":[{\"@type\":\"ReadAction\",\"target\":[\"https:\/\/www.alutec.es\/fr\/politique-de-confidentialite\/\"]}]},{\"@type\":\"BreadcrumbList\",\"@id\":\"https:\/\/www.alutec.es\/fr\/politique-de-confidentialite\/#breadcrumb\",\"itemListElement\":[{\"@type\":\"ListItem\",\"position\":1,\"name\":\"Page de garde\",\"item\":\"https:\/\/www.alutec.es\/fr\/home\/\"},{\"@type\":\"ListItem\",\"position\":2,\"name\":\"Politique de confidentialit\u00e9\"}]},{\"@type\":\"WebSite\",\"@id\":\"https:\/\/www.alutec.es\/fr\/#website\",\"url\":\"https:\/\/www.alutec.es\/fr\/\",\"name\":\"Alutec\",\"description\":\"Conception et fabrication de chaises, tabourets et tables.\",\"potentialAction\":[{\"@type\":\"SearchAction\",\"target\":{\"@type\":\"EntryPoint\",\"urlTemplate\":\"https:\/\/www.alutec.es\/fr\/?s={search_term_string}\"},\"query-input\":\"required name=search_term_string\"}],\"inLanguage\":\"fr-FR\"}]}<\/script>\n<!-- \/ Yoast SEO plugin. -->","yoast_head_json":{"title":"Politique de confidentialit\u00e9 - Alutec","robots":{"index":"index","follow":"follow","max-snippet":"max-snippet:-1","max-image-preview":"max-image-preview:large","max-video-preview":"max-video-preview:-1"},"canonical":"https:\/\/www.alutec.es\/fr\/politique-de-confidentialite\/","og_locale":"fr_FR","og_type":"article","og_title":"Politique de confidentialit\u00e9 - Alutec","og_description":"[vc_row][vc_column][vc_column_text] Pol\u00edtica de privacidad [\/vc_column_text][vc_column_text]En ALUTEC DEL VALL\u00c9S, S.L. trabajamos para garantizar la privacidad en el tratamiento de sus datos personales. Hemos actualizado nuestra Pol\u00edtica de Privacidad para informar claramente de c\u00f3mo recabamos, utilizamos y custodiamos los datos de las personas que contactan con ALUTEC: \u00bfQui\u00e9n es el responsable del tratamiento de sus datos? Raz\u00f3n&hellip;","og_url":"https:\/\/www.alutec.es\/fr\/politique-de-confidentialite\/","og_site_name":"Alutec","article_modified_time":"2020-02-20T15:05:35+00:00","twitter_card":"summary_large_image","twitter_misc":{"Dur\u00e9e de lecture estim\u00e9e":"6 minutes"},"schema":{"@context":"https:\/\/schema.org","@graph":[{"@type":"WebPage","@id":"https:\/\/www.alutec.es\/fr\/politique-de-confidentialite\/","url":"https:\/\/www.alutec.es\/fr\/politique-de-confidentialite\/","name":"Politique de confidentialit\u00e9 - Alutec","isPartOf":{"@id":"https:\/\/www.alutec.es\/fr\/#website"},"datePublished":"2020-02-20T14:59:57+00:00","dateModified":"2020-02-20T15:05:35+00:00","breadcrumb":{"@id":"https:\/\/www.alutec.es\/fr\/politique-de-confidentialite\/#breadcrumb"},"inLanguage":"fr-FR","potentialAction":[{"@type":"ReadAction","target":["https:\/\/www.alutec.es\/fr\/politique-de-confidentialite\/"]}]},{"@type":"BreadcrumbList","@id":"https:\/\/www.alutec.es\/fr\/politique-de-confidentialite\/#breadcrumb","itemListElement":[{"@type":"ListItem","position":1,"name":"Page de garde","item":"https:\/\/www.alutec.es\/fr\/home\/"},{"@type":"ListItem","position":2,"name":"Politique de confidentialit\u00e9"}]},{"@type":"WebSite","@id":"https:\/\/www.alutec.es\/fr\/#website","url":"https:\/\/www.alutec.es\/fr\/","name":"Alutec","description":"Conception et fabrication de chaises, tabourets et tables.","potentialAction":[{"@type":"SearchAction","target":{"@type":"EntryPoint","urlTemplate":"https:\/\/www.alutec.es\/fr\/?s={search_term_string}"},"query-input":"required name=search_term_string"}],"inLanguage":"fr-FR"}]}},"_links":{"self":[{"href":"https:\/\/www.alutec.es\/fr\/wp-json\/wp\/v2\/pages\/657"}],"collection":[{"href":"https:\/\/www.alutec.es\/fr\/wp-json\/wp\/v2\/pages"}],"about":[{"href":"https:\/\/www.alutec.es\/fr\/wp-json\/wp\/v2\/types\/page"}],"author":[{"embeddable":true,"href":"https:\/\/www.alutec.es\/fr\/wp-json\/wp\/v2\/users\/1"}],"replies":[{"embeddable":true,"href":"https:\/\/www.alutec.es\/fr\/wp-json\/wp\/v2\/comments?post=657"}],"version-history":[{"count":2,"href":"https:\/\/www.alutec.es\/fr\/wp-json\/wp\/v2\/pages\/657\/revisions"}],"predecessor-version":[{"id":676,"href":"https:\/\/www.alutec.es\/fr\/wp-json\/wp\/v2\/pages\/657\/revisions\/676"}],"wp:attachment":[{"href":"https:\/\/www.alutec.es\/fr\/wp-json\/wp\/v2\/media?parent=657"}],"curies":[{"name":"wp","href":"https:\/\/api.w.org\/{rel}","templated":true}]}}