{"id":647,"date":"2019-12-12T17:07:30","date_gmt":"2019-12-12T15:07:30","guid":{"rendered":"https:\/\/www.alutec.es\/?page_id=647"},"modified":"2025-03-27T14:43:51","modified_gmt":"2025-03-27T12:43:51","slug":"home","status":"publish","type":"page","link":"https:\/\/www.alutec.es\/fr\/","title":{"rendered":"Accueil"},"content":{"rendered":"<p>[vc_row full_width=\u00a0\u00bbstretch_row_content_no_spaces\u00a0\u00bb full_height=\u00a0\u00bbyes\u00a0\u00bb columns_placement=\u00a0\u00bbbottom\u00a0\u00bb content_placement=\u00a0\u00bbbottom\u00a0\u00bb css=\u00a0\u00bb.vc_custom_1658148157385{background-image: url(https:\/\/www.alutec.es\/wp-content\/uploads\/2022\/07\/LaCreu-LaBlanca.jpg?id=5502) !important;background-position: center !important;background-repeat: no-repeat !important;background-size: cover !important;}\u00a0\u00bb el_id=\u00a0\u00bbhome_main_img\u00a0\u00bb][vc_column][vc_column_text el_class=\u00a0\u00bbinfo-extra\u00a0\u00bb]<\/p>\n<h1 style=\"text-align: center;\"><\/h1>\n<h2 style=\"text-align: right;\"><strong>Catalogue 2025<\/strong><\/h2>\n<p style=\"text-align: right;\"><a href=\"https:\/\/www.alutec.es\/wp-content\/uploads\/2025\/03\/ALUTEC_2025.pdf\"><em>D\u00e9couvrez les nouveaut\u00e9s<\/em><\/a><\/p>\n<p>[\/vc_column_text][vc_column_text css_animation=\u00a0\u00bbfadeInUp\u00a0\u00bb el_class=\u00a0\u00bbsubtitle_home\u00a0\u00bb css=\u00a0\u00bb.vc_custom_1728470569476{padding-right: 10px !important;padding-left: 10px !important;}\u00a0\u00bb]<\/p>\n<h2 style=\"text-align: center;\">Conception et fabrication de mobilier de collectivit\u00e9<\/h2>\n<p>[\/vc_column_text][vc_single_image image=\u00a0\u00bb9777&Prime; img_size=\u00a0\u00bbfull\u00a0\u00bb alignment=\u00a0\u00bbcenter\u00a0\u00bb el_id=\u00a0\u00bbbackground-image\u00a0\u00bb][\/vc_column][\/vc_row][vc_row full_width=\u00a0\u00bbstretch_row_content\u00a0\u00bb][vc_column][lab_products_carousel columns=\u00a0\u00bb6&Prime; products_query=\u00a0\u00bbsize:12|order_by:date|post_type:product\u00a0\u00bb][\/vc_column][\/vc_row][vc_row css=\u00a0\u00bb.vc_custom_1576242642184{padding-top: 50px !important;padding-bottom: 50px !important;}\u00a0\u00bb][vc_column][vc_column_text css_animation=\u00a0\u00bbfadeInUp\u00a0\u00bb el_class=\u00a0\u00bbtext_black\u00a0\u00bb]<\/p>\n<p style=\"text-align: center;\">En 1987, nous avons entam\u00e9 un parcours qui, apr\u00e8s plus de 30 ans d&rsquo;exp\u00e9rience, nous a conduits \u00e0 devenir non seulement une entreprise leader dans le secteur du mobilier de collectivit\u00e9, mais aujourd&rsquo;hui, parler de la marque Alutec est synonyme de design, de qualit\u00e9 et de service.<\/p>\n<p style=\"text-align: center;\">Nos meubles sont pr\u00e9sents dans le monde entier, nous exportons dans le monde entier, des plus grandes villes aux plus petits villages.<\/p>\n<p>[\/vc_column_text][\/vc_column][\/vc_row][vc_row][vc_column][lab_portfolio_items category_filter=\u00a0\u00bbno\u00a0\u00bb columns=\u00a0\u00bb3&Prime; pagination_type=\u00a0\u00bbhide\u00a0\u00bb portfolio_query=\u00a0\u00bbsize:3|order_by:date|order:DESC|post_type:portfolio\u00a0\u00bb el_class=\u00a0\u00bbproyectos_slider\u00a0\u00bb][\/vc_column][\/vc_row][vc_row full_width=\u00a0\u00bbstretch_row_content_no_spaces\u00a0\u00bb][vc_column][vc_row_inner][vc_column_inner][vc_column_text css_animation=\u00a0\u00bbfadeInUp\u00a0\u00bb el_class=\u00a0\u00bbsubtitle_home\u00a0\u00bb]<\/p>\n<h2 style=\"text-align: center;\">Nouvelles<\/h2>\n<p>[\/vc_column_text][lab_blog_posts blog_posts_options=\u00a0\u00bbdate\u00a0\u00bb hover_layer_icon=\u00a0\u00bbstatic\u00a0\u00bb blog_query=\u00a0\u00bbsize:3|order_by:date|order:DESC|post_type:post\u00a0\u00bb el_class=\u00a0\u00bbhome_block_blog\u00a0\u00bb][\/vc_column_inner][\/vc_row_inner][\/vc_column][\/vc_row][vc_row css=\u00a0\u00bb.vc_custom_1576237097781{padding-top: 50px !important;padding-bottom: 50px !important;}\u00a0\u00bb][vc_column][vc_column_text el_class=\u00a0\u00bbquote\u00a0\u00bb css=\u00a0\u00bb.vc_custom_1576498411842{margin-bottom: 0px !important;}\u00a0\u00bb]<\/p>\n<p style=\"text-align: center;\">\u00ab\u00a0Nous fabriquons avec une responsabilit\u00e9 sociale et nous concevons et innovons pour un monde plus durable et plus aimable\u00a0\u00bb.[\/vc_column_text][vc_raw_html]PGRpdiBzdHlsZT0icGFkZGluZzogNTYuMjUlIDAgMCAwO21hcmdpbi10b3A6IDQ1cHg7cG9zaXRpb246cmVsYXRpdmU7Ij48aWZyYW1lIHNyYz0iaHR0cHM6Ly9wbGF5ZXIudmltZW8uY29tL3ZpZGVvLzY1NjU0MTkyNT9oPTBlMzAwYzU0YTQmYW1wO2JhZGdlPTAmYW1wO2F1dG9wbGF5PTEmYW1wO2F1dG9wYXVzZT0wJmFtcDtwbGF5ZXJfaWQ9MCZhbXA7YXBwX2lkPTU4NDc5JmFtcDtsb29wPTEmYW1wO2JhY2tncm91bmQ9MSZhbXA7cG9ydHJhaXQ9MCZhbXA7YnlsaW5lPTAmYW1wO211dGVkPTEiIGZyYW1lYm9yZGVyPSIwIiBhbGxvdz0iYXV0b3BsYXk7IGZ1bGxzY3JlZW47IHBpY3R1cmUtaW4tcGljdHVyZSIgYWxsb3dmdWxsc2NyZWVuPSIiIHN0eWxlPSJwb3NpdGlvbjphYnNvbHV0ZTt0b3A6MDtsZWZ0OjA7d2lkdGg6MTAwJTtoZWlnaHQ6MTAwJTsiIHRpdGxlPSJBbHV0ZWMgVjdfc3Vic19mcmFuw6dhaXMgKDEpLm1wNCI+PC9pZnJhbWU+PC9kaXY+PHNjcmlwdCBzcmM9Imh0dHBzOi8vcGxheWVyLnZpbWVvLmNvbS9hcGkvcGxheWVyLmpzIj48L3NjcmlwdD4=[\/vc_raw_html][\/vc_column][\/vc_row][vc_row full_width=\u00a0\u00bbstretch_row_content_no_spaces\u00a0\u00bb][vc_column][vc_raw_html]PGRpdiBjbGFzcz0iZGVzaWduZXJzX3NsaWRlcl9ob21lIj4KICA8ZGl2PgogICAgPGltZyBzcmM9Ii93cC1jb250ZW50L3VwbG9hZHMvMjAxOS8xMi9sZV9ibHVtZS5qcGciPgogICAgPHNwYW4+TGUgQmx1bWU8L3NwYW4+CiAgPC9kaXY+CiAgPGRpdj4KICAgIDxpbWcgc3JjPSIvd3AtY29udGVudC91cGxvYWRzLzIwMTkvMTIvcGFjb19lc2NvZGEuanBnIj4KICAgIDxzcGFuPlBhY28gRXNjb2RhPC9zcGFuPgogIDwvZGl2PgogIDxkaXY+CiAgICA8aW1nIHNyYz0iL3dwLWNvbnRlbnQvdXBsb2Fkcy8yMDE5LzEyL2Nhcmxvc19qaW1lbmV6X2Rlc2lnbi5qcGciPgogICAgPHNwYW4+Q2FybG9zIEppbcOpbmV6IERlc2lnbjwvc3Bhbj4KICA8L2Rpdj4KICA8ZGl2PgogICAgPGltZyBzcmM9Ii93cC1jb250ZW50L3VwbG9hZHMvMjAxOS8xMi9vemVzdHVkaS5qcGciPgogICAgPHNwYW4+T3plc3R1ZGk8L3NwYW4+CiAgPC9kaXY+CiAgPGRpdj4KICAgIDxpbWcgc3JjPSIvd3AtY29udGVudC91cGxvYWRzLzIwMTkvMTIvbnV0Y3JlYXRpdmVzLmpwZyI+CiAgICA8c3Bhbj5OdXRjcmVhdGl2ZXM8L3NwYW4+CiAgPC9kaXY+CiAgPGRpdj4KICAgIDxpbWcgc3JjPSIvd3AtY29udGVudC91cGxvYWRzLzIwMTkvMTIvZ2F1emFsLmpwZyI+CiAgICA8c3Bhbj5HYXV6YWs8L3NwYW4+CiAgPC9kaXY+CjwvZGl2Pg==[\/vc_raw_html][\/vc_column][\/vc_row][vc_row css=\u00a0\u00bb.vc_custom_1576245182145{padding-top: 60px !important;padding-bottom: 40px !important;}\u00a0\u00bb][vc_column][vc_row_inner equal_height=\u00a0\u00bbyes\u00a0\u00bb content_placement=\u00a0\u00bbmiddle\u00a0\u00bb][vc_column_inner css=\u00a0\u00bb.vc_custom_1576572141942{padding-right: 0px !important;padding-left: 0px !important;}\u00a0\u00bb offset=\u00a0\u00bbvc_col-lg-8 vc_col-md-6 vc_col-xs-12&Prime;][vc_single_image image=\u00a0\u00bb1437&Prime; img_size=\u00a0\u00bbfull\u00a0\u00bb alignment=\u00a0\u00bbright\u00a0\u00bb css=\u00a0\u00bb.vc_custom_1582292872864{margin-bottom: 0px !important;}\u00a0\u00bb][\/vc_column_inner][vc_column_inner el_class=\u00a0\u00bbred_block\u00a0\u00bb css=\u00a0\u00bb.vc_custom_1742209740812{background-color: #1e0c0a !important;}\u00a0\u00bb offset=\u00a0\u00bbvc_col-lg-4 vc_col-md-6 vc_col-xs-12&Prime;][vc_column_text el_class=\u00a0\u00bbfont_white\u00a0\u00bb]<span class=\"red_block_light\">ARCHITECTES D&rsquo;INT\u00c9RIEUR, D\u00c9CORATEURS, ARCHITECTES<\/span> <span class=\"red_block_standard\">Nous fabriquons toutes sortes de pi\u00e8ces sp\u00e9ciales sur mesure.<\/span> <span class=\"red_block_light smaller\">Nous proposons des solutions, qu&rsquo;il s&rsquo;agisse de meubles, de si\u00e8ges et\/ou d&rsquo;autres \u00e9l\u00e9ments d&rsquo;installation. Demandez-nous la disponibilit\u00e9 pour la fabrication d&rsquo;\u00e9l\u00e9ments personnalis\u00e9s.<\/span> <span class=\"red_block_light smaller\">S&rsquo;il est entre nos mains, nous <\/span><span class=\"red_block_standard smaller\">ferons de vos projets une r\u00e9alit\u00e9<\/span>.[\/vc_column_text][vc_btn title=\u00a0\u00bbcontacter\u00a0\u00bb style=\u00a0\u00bboutline-custom\u00a0\u00bb outline_custom_color=\u00a0\u00bb#ffffff\u00a0\u00bb outline_custom_hover_background=\u00a0\u00bb#ffffff\u00a0\u00bb outline_custom_hover_text=\u00a0\u00bb#c74f45&Prime; shape=\u00a0\u00bbsquare\u00a0\u00bb align=\u00a0\u00bbcenter\u00a0\u00bb css_animation=\u00a0\u00bbfadeInUp\u00a0\u00bb link=\u00a0\u00bburl:https%3A%2F%2Fwww.alutec.es%2Ffr%2Fcontacter%2F|title:Contact|\u00a0\u00bb el_class=\u00a0\u00bbbtn_trans_to_white\u00a0\u00bb][\/vc_column_inner][\/vc_row_inner][\/vc_column][\/vc_row][vc_row full_width=\u00a0\u00bbstretch_row_content_no_spaces\u00a0\u00bb css=\u00a0\u00bb.vc_custom_1576573537051{background-color: #f4f4f4 !important;}\u00a0\u00bb][vc_column css=\u00a0\u00bb.vc_custom_1576499571878{padding-top: 90px !important;padding-bottom: 90px !important;}\u00a0\u00bb][vc_raw_html]PGRpdiBjbGFzcz0iYmxvY2tfd2hpdGVfaWciPgo8cCBjbGFzcz0iaWdfdGl0bGUiPlJldHJvdXZlei1ub3VzIHN1ciBsZXMgcsOpc2VhdXg8L3A+CjxhIGNsYXNzPSJpZ190YWciIGhyZWY9Imh0dHBzOi8vd3d3Lmluc3RhZ3JhbS5jb20vYWx1dGVjX2Z1cm5pdHVyZS8iIHRhcmdldD0iX2JsYW5rIj4jYWx1dGVjPC9hPgo8L2Rpdj4=[\/vc_raw_html][vc_row_inner el_class=\u00a0\u00bbig_no_padding_mv\u00a0\u00bb][vc_column_inner][vc_raw_html el_class=\u00a0\u00bbig_feed\u00a0\u00bb]W2luc3RhZ3JhbS1mZWVkIGZlZWQ9IjEiXQ==[\/vc_raw_html][\/vc_column_inner][\/vc_row_inner][vc_raw_html]PGRpdiBjbGFzcz0icnJzc19ncm91cCI+CjxhIGNsYXNzPSJycnNzX3NpbmdsZSIgaHJlZj0iaHR0cHM6Ly93d3cuaW5zdGFncmFtLmNvbS9hbHV0ZWNfZnVybml0dXJlLyIgdGFyZ2V0PSJfYmxhbmsiPmluc3RhZ3JhbTwvYT4KPHNwYW4gY2xhc3M9InJyc3NfYmFyIj4vPC9zcGFuPgo8YSBjbGFzcz0icnJzc19zaW5nbGUiIGhyZWY9Imh0dHBzOi8vd3d3LmZhY2Vib29rLmNvbS9hbHV0ZWNob3N0ZWxlcmlhLyIgdGFyZ2V0PSJfYmxhbmsiPmZhY2Vib29rPC9hPgo8c3BhbiBjbGFzcz0icnJzc19iYXIiPi88L3NwYW4+CjxhIGNsYXNzPSJycnNzX3NpbmdsZSIgaHJlZj0iaHR0cHM6Ly90d2l0dGVyLmNvbS9hbHV0ZWNfIiB0YXJnZXQ9Il9ibGFuayI+dHdpdHRlcjwvYT4KPC9kaXY+[\/vc_raw_html][\/vc_column][\/vc_row][vc_row][vc_column][vc_column_text]<\/p>\n<p>[\/vc_column_text][\/vc_column][\/vc_row]<\/p>\n","protected":false},"excerpt":{"rendered":"<p>[vc_row full_width=\u00a0\u00bbstretch_row_content_no_spaces\u00a0\u00bb full_height=\u00a0\u00bbyes\u00a0\u00bb columns_placement=\u00a0\u00bbbottom\u00a0\u00bb content_placement=\u00a0\u00bbbottom\u00a0\u00bb css=\u00a0\u00bb.vc_custom_1658148157385{background-image: url(https:\/\/www.alutec.es\/wp-content\/uploads\/2022\/07\/LaCreu-LaBlanca.jpg?id=5502) !important;background-position: center !important;background-repeat: no-repeat !important;background-size: cover !important;}\u00a0\u00bb el_id=\u00a0\u00bbhome_main_img\u00a0\u00bb][vc_column][vc_column_text el_class=\u00a0\u00bbinfo-extra\u00a0\u00bb] Catalogue 2025 D\u00e9couvrez les nouveaut\u00e9s [\/vc_column_text][vc_column_text css_animation=\u00a0\u00bbfadeInUp\u00a0\u00bb el_class=\u00a0\u00bbsubtitle_home\u00a0\u00bb css=\u00a0\u00bb.vc_custom_1728470569476{padding-right: 10px !important;padding-left: 10px !important;}\u00a0\u00bb] Conception et fabrication de mobilier de collectivit\u00e9 [\/vc_column_text][vc_single_image image=\u00a0\u00bb9777&Prime; img_size=\u00a0\u00bbfull\u00a0\u00bb alignment=\u00a0\u00bbcenter\u00a0\u00bb el_id=\u00a0\u00bbbackground-image\u00a0\u00bb][\/vc_column][\/vc_row][vc_row full_width=\u00a0\u00bbstretch_row_content\u00a0\u00bb][vc_column][lab_products_carousel columns=\u00a0\u00bb6&Prime; products_query=\u00a0\u00bbsize:12|order_by:date|post_type:product\u00a0\u00bb][\/vc_column][\/vc_row][vc_row css=\u00a0\u00bb.vc_custom_1576242642184{padding-top: 50px !important;padding-bottom: 50px !important;}\u00a0\u00bb][vc_column][vc_column_text css_animation=\u00a0\u00bbfadeInUp\u00a0\u00bb el_class=\u00a0\u00bbtext_black\u00a0\u00bb] En 1987, nous avons&hellip;<\/p>\n","protected":false},"author":2,"featured_media":0,"parent":0,"menu_order":0,"comment_status":"closed","ping_status":"closed","template":"","meta":{"footnotes":""},"acf":[],"yoast_head":"<!-- This site is optimized with the Yoast SEO plugin v22.7 - https:\/\/yoast.com\/wordpress\/plugins\/seo\/ -->\n<title>Accueil - Alutec | Conception et fabrication nationales de chaises et de tables<\/title>\n<meta name=\"description\" content=\"Conception et fabrication \u00e0 l&#039;\u00e9chelle nationale de chaises, de tables et de tabourets en sous-traitance. Produits personnalis\u00e9s pour les projets de d\u00e9coration int\u00e9rieure.\" \/>\n<meta name=\"robots\" content=\"index, follow, max-snippet:-1, max-image-preview:large, max-video-preview:-1\" \/>\n<link rel=\"canonical\" href=\"https:\/\/www.alutec.es\/fr\/\" \/>\n<meta property=\"og:locale\" content=\"fr_FR\" \/>\n<meta property=\"og:type\" content=\"article\" \/>\n<meta property=\"og:title\" content=\"Accueil - Alutec | Conception et fabrication nationales de chaises et de tables\" \/>\n<meta property=\"og:description\" content=\"Conception et fabrication \u00e0 l&#039;\u00e9chelle nationale de chaises, de tables et de tabourets en sous-traitance. Produits personnalis\u00e9s pour les projets de d\u00e9coration int\u00e9rieure.\" \/>\n<meta property=\"og:url\" content=\"https:\/\/www.alutec.es\/fr\/\" \/>\n<meta property=\"og:site_name\" content=\"Alutec\" \/>\n<meta property=\"article:modified_time\" content=\"2025-03-27T12:43:51+00:00\" \/>\n<meta name=\"twitter:card\" content=\"summary_large_image\" \/>\n<meta name=\"twitter:label1\" content=\"Dur\u00e9e de lecture estim\u00e9e\" \/>\n\t<meta name=\"twitter:data1\" content=\"5 minutes\" \/>\n<script type=\"application\/ld+json\" class=\"yoast-schema-graph\">{\"@context\":\"https:\/\/schema.org\",\"@graph\":[{\"@type\":\"WebPage\",\"@id\":\"https:\/\/www.alutec.es\/fr\/\",\"url\":\"https:\/\/www.alutec.es\/fr\/\",\"name\":\"Accueil - Alutec | Conception et fabrication nationales de chaises et de tables\",\"isPartOf\":{\"@id\":\"https:\/\/www.alutec.es\/fr\/#website\"},\"datePublished\":\"2019-12-12T15:07:30+00:00\",\"dateModified\":\"2025-03-27T12:43:51+00:00\",\"description\":\"Conception et fabrication \u00e0 l'\u00e9chelle nationale de chaises, de tables et de tabourets en sous-traitance. Produits personnalis\u00e9s pour les projets de d\u00e9coration int\u00e9rieure.\",\"breadcrumb\":{\"@id\":\"https:\/\/www.alutec.es\/fr\/#breadcrumb\"},\"inLanguage\":\"fr-FR\",\"potentialAction\":[{\"@type\":\"ReadAction\",\"target\":[\"https:\/\/www.alutec.es\/fr\/\"]}]},{\"@type\":\"BreadcrumbList\",\"@id\":\"https:\/\/www.alutec.es\/fr\/#breadcrumb\",\"itemListElement\":[{\"@type\":\"ListItem\",\"position\":1,\"name\":\"Page de garde\",\"item\":\"https:\/\/www.alutec.es\/fr\/home\/\"},{\"@type\":\"ListItem\",\"position\":2,\"name\":\"Accueil\"}]},{\"@type\":\"WebSite\",\"@id\":\"https:\/\/www.alutec.es\/fr\/#website\",\"url\":\"https:\/\/www.alutec.es\/fr\/\",\"name\":\"Alutec\",\"description\":\"Conception et fabrication de chaises, tabourets et tables.\",\"potentialAction\":[{\"@type\":\"SearchAction\",\"target\":{\"@type\":\"EntryPoint\",\"urlTemplate\":\"https:\/\/www.alutec.es\/fr\/?s={search_term_string}\"},\"query-input\":\"required name=search_term_string\"}],\"inLanguage\":\"fr-FR\"}]}<\/script>\n<!-- \/ Yoast SEO plugin. -->","yoast_head_json":{"title":"Accueil - Alutec | Conception et fabrication nationales de chaises et de tables","description":"Conception et fabrication \u00e0 l'\u00e9chelle nationale de chaises, de tables et de tabourets en sous-traitance. Produits personnalis\u00e9s pour les projets de d\u00e9coration int\u00e9rieure.","robots":{"index":"index","follow":"follow","max-snippet":"max-snippet:-1","max-image-preview":"max-image-preview:large","max-video-preview":"max-video-preview:-1"},"canonical":"https:\/\/www.alutec.es\/fr\/","og_locale":"fr_FR","og_type":"article","og_title":"Accueil - Alutec | Conception et fabrication nationales de chaises et de tables","og_description":"Conception et fabrication \u00e0 l'\u00e9chelle nationale de chaises, de tables et de tabourets en sous-traitance. Produits personnalis\u00e9s pour les projets de d\u00e9coration int\u00e9rieure.","og_url":"https:\/\/www.alutec.es\/fr\/","og_site_name":"Alutec","article_modified_time":"2025-03-27T12:43:51+00:00","twitter_card":"summary_large_image","twitter_misc":{"Dur\u00e9e de lecture estim\u00e9e":"5 minutes"},"schema":{"@context":"https:\/\/schema.org","@graph":[{"@type":"WebPage","@id":"https:\/\/www.alutec.es\/fr\/","url":"https:\/\/www.alutec.es\/fr\/","name":"Accueil - Alutec | Conception et fabrication nationales de chaises et de tables","isPartOf":{"@id":"https:\/\/www.alutec.es\/fr\/#website"},"datePublished":"2019-12-12T15:07:30+00:00","dateModified":"2025-03-27T12:43:51+00:00","description":"Conception et fabrication \u00e0 l'\u00e9chelle nationale de chaises, de tables et de tabourets en sous-traitance. Produits personnalis\u00e9s pour les projets de d\u00e9coration int\u00e9rieure.","breadcrumb":{"@id":"https:\/\/www.alutec.es\/fr\/#breadcrumb"},"inLanguage":"fr-FR","potentialAction":[{"@type":"ReadAction","target":["https:\/\/www.alutec.es\/fr\/"]}]},{"@type":"BreadcrumbList","@id":"https:\/\/www.alutec.es\/fr\/#breadcrumb","itemListElement":[{"@type":"ListItem","position":1,"name":"Page de garde","item":"https:\/\/www.alutec.es\/fr\/home\/"},{"@type":"ListItem","position":2,"name":"Accueil"}]},{"@type":"WebSite","@id":"https:\/\/www.alutec.es\/fr\/#website","url":"https:\/\/www.alutec.es\/fr\/","name":"Alutec","description":"Conception et fabrication de chaises, tabourets et tables.","potentialAction":[{"@type":"SearchAction","target":{"@type":"EntryPoint","urlTemplate":"https:\/\/www.alutec.es\/fr\/?s={search_term_string}"},"query-input":"required name=search_term_string"}],"inLanguage":"fr-FR"}]}},"_links":{"self":[{"href":"https:\/\/www.alutec.es\/fr\/wp-json\/wp\/v2\/pages\/647"}],"collection":[{"href":"https:\/\/www.alutec.es\/fr\/wp-json\/wp\/v2\/pages"}],"about":[{"href":"https:\/\/www.alutec.es\/fr\/wp-json\/wp\/v2\/types\/page"}],"author":[{"embeddable":true,"href":"https:\/\/www.alutec.es\/fr\/wp-json\/wp\/v2\/users\/2"}],"replies":[{"embeddable":true,"href":"https:\/\/www.alutec.es\/fr\/wp-json\/wp\/v2\/comments?post=647"}],"version-history":[{"count":256,"href":"https:\/\/www.alutec.es\/fr\/wp-json\/wp\/v2\/pages\/647\/revisions"}],"predecessor-version":[{"id":10011,"href":"https:\/\/www.alutec.es\/fr\/wp-json\/wp\/v2\/pages\/647\/revisions\/10011"}],"wp:attachment":[{"href":"https:\/\/www.alutec.es\/fr\/wp-json\/wp\/v2\/media?parent=647"}],"curies":[{"name":"wp","href":"https:\/\/api.w.org\/{rel}","templated":true}]}}