{"id":641,"date":"2019-12-13T09:39:01","date_gmt":"2019-12-13T07:39:01","guid":{"rendered":"https:\/\/www.alutec.es\/?page_id=641"},"modified":"2025-03-11T13:28:16","modified_gmt":"2025-03-11T11:28:16","slug":"telechargements","status":"publish","type":"page","link":"https:\/\/www.alutec.es\/fr\/telechargements\/","title":{"rendered":"T\u00e9l\u00e9chargements"},"content":{"rendered":"<p>[vc_row full_width=\u00a0\u00bbstretch_row_content_no_spaces\u00a0\u00bb full_height=\u00a0\u00bbyes\u00a0\u00bb content_placement=\u00a0\u00bbmiddle\u00a0\u00bb css=\u00a0\u00bb.vc_custom_1642088210368{background-image: url(https:\/\/www.alutec.es\/wp-content\/uploads\/2022\/01\/Alutec_040-1-scaled.jpg?id=5146) !important;background-position: center !important;background-repeat: no-repeat !important;background-size: cover !important;}\u00a0\u00bb el_id=\u00a0\u00bbhome_main_img\u00a0\u00bb][vc_column][vc_column_text css_animation=\u00a0\u00bbfadeInUp\u00a0\u00bb el_class=\u00a0\u00bbtitle_descargas\u00a0\u00bb]<\/p>\n<h1 style=\"text-align: center;\">Catalogue 2025<\/h1>\n<p>[\/vc_column_text][vc_btn title=\u00a0\u00bbT\u00e9l\u00e9charger\u00a0\u00bb style=\u00a0\u00bboutline-custom\u00a0\u00bb outline_custom_color=\u00a0\u00bb#ffffff\u00a0\u00bb outline_custom_hover_background=\u00a0\u00bb#ffffff\u00a0\u00bb outline_custom_hover_text=\u00a0\u00bb#015600&Prime; shape=\u00a0\u00bbsquare\u00a0\u00bb align=\u00a0\u00bbcenter\u00a0\u00bb css_animation=\u00a0\u00bbfadeInUp\u00a0\u00bb link=\u00a0\u00bburl:https%3A%2F%2Fwww.alutec.es%2Fwp-content%2Fuploads%2F2025%2F03%2FALUTEC_2025.pdf|title:Catalogue%202025|target:_blank|\u00a0\u00bb el_class=\u00a0\u00bbbtn_trans_to_white\u00a0\u00bb][\/vc_column][\/vc_row]<\/p>\n","protected":false},"excerpt":{"rendered":"<p>[vc_row full_width=\u00a0\u00bbstretch_row_content_no_spaces\u00a0\u00bb full_height=\u00a0\u00bbyes\u00a0\u00bb content_placement=\u00a0\u00bbmiddle\u00a0\u00bb css=\u00a0\u00bb.vc_custom_1642088210368{background-image: url(https:\/\/www.alutec.es\/wp-content\/uploads\/2022\/01\/Alutec_040-1-scaled.jpg?id=5146) !important;background-position: center !important;background-repeat: no-repeat !important;background-size: cover !important;}\u00a0\u00bb el_id=\u00a0\u00bbhome_main_img\u00a0\u00bb][vc_column][vc_column_text css_animation=\u00a0\u00bbfadeInUp\u00a0\u00bb el_class=\u00a0\u00bbtitle_descargas\u00a0\u00bb] Catalogue 2025 [\/vc_column_text][vc_btn title=\u00a0\u00bbT\u00e9l\u00e9charger\u00a0\u00bb style=\u00a0\u00bboutline-custom\u00a0\u00bb outline_custom_color=\u00a0\u00bb#ffffff\u00a0\u00bb outline_custom_hover_background=\u00a0\u00bb#ffffff\u00a0\u00bb outline_custom_hover_text=\u00a0\u00bb#015600&Prime; shape=\u00a0\u00bbsquare\u00a0\u00bb align=\u00a0\u00bbcenter\u00a0\u00bb css_animation=\u00a0\u00bbfadeInUp\u00a0\u00bb link=\u00a0\u00bburl:https%3A%2F%2Fwww.alutec.es%2Fwp-content%2Fuploads%2F2025%2F03%2FALUTEC_2025.pdf|title:Catalogue%202025|target:_blank|\u00a0\u00bb el_class=\u00a0\u00bbbtn_trans_to_white\u00a0\u00bb][\/vc_column][\/vc_row]<\/p>\n","protected":false},"author":2,"featured_media":0,"parent":0,"menu_order":0,"comment_status":"closed","ping_status":"closed","template":"","meta":{"footnotes":""},"acf":[],"yoast_head":"<!-- This site is optimized with the Yoast SEO plugin v22.7 - https:\/\/yoast.com\/wordpress\/plugins\/seo\/ -->\n<title>T\u00e9l\u00e9chargements - Alutec<\/title>\n<meta name=\"description\" content=\"Nouveau catalogue 2025. Conception et fabrication de mobilier de collectivit\u00e9. Chaises, tables et tabourets pour les restaurants, les h\u00f4tels et les terrasses.\" \/>\n<meta name=\"robots\" content=\"index, follow, max-snippet:-1, max-image-preview:large, max-video-preview:-1\" \/>\n<link rel=\"canonical\" href=\"https:\/\/www.alutec.es\/fr\/telechargements\/\" \/>\n<meta property=\"og:locale\" content=\"fr_FR\" \/>\n<meta property=\"og:type\" content=\"article\" \/>\n<meta property=\"og:title\" content=\"T\u00e9l\u00e9chargements - Alutec\" \/>\n<meta property=\"og:description\" content=\"Nouveau catalogue 2025. Conception et fabrication de mobilier de collectivit\u00e9. Chaises, tables et tabourets pour les restaurants, les h\u00f4tels et les terrasses.\" \/>\n<meta property=\"og:url\" content=\"https:\/\/www.alutec.es\/fr\/telechargements\/\" \/>\n<meta property=\"og:site_name\" content=\"Alutec\" \/>\n<meta property=\"article:modified_time\" content=\"2025-03-11T11:28:16+00:00\" \/>\n<meta name=\"twitter:card\" content=\"summary_large_image\" \/>\n<meta name=\"twitter:label1\" content=\"Dur\u00e9e de lecture estim\u00e9e\" \/>\n\t<meta name=\"twitter:data1\" content=\"1 minute\" \/>\n<script type=\"application\/ld+json\" class=\"yoast-schema-graph\">{\"@context\":\"https:\/\/schema.org\",\"@graph\":[{\"@type\":\"WebPage\",\"@id\":\"https:\/\/www.alutec.es\/fr\/telechargements\/\",\"url\":\"https:\/\/www.alutec.es\/fr\/telechargements\/\",\"name\":\"T\u00e9l\u00e9chargements - Alutec\",\"isPartOf\":{\"@id\":\"https:\/\/www.alutec.es\/fr\/#website\"},\"datePublished\":\"2019-12-13T07:39:01+00:00\",\"dateModified\":\"2025-03-11T11:28:16+00:00\",\"description\":\"Nouveau catalogue 2025. Conception et fabrication de mobilier de collectivit\u00e9. Chaises, tables et tabourets pour les restaurants, les h\u00f4tels et les terrasses.\",\"breadcrumb\":{\"@id\":\"https:\/\/www.alutec.es\/fr\/telechargements\/#breadcrumb\"},\"inLanguage\":\"fr-FR\",\"potentialAction\":[{\"@type\":\"ReadAction\",\"target\":[\"https:\/\/www.alutec.es\/fr\/telechargements\/\"]}]},{\"@type\":\"BreadcrumbList\",\"@id\":\"https:\/\/www.alutec.es\/fr\/telechargements\/#breadcrumb\",\"itemListElement\":[{\"@type\":\"ListItem\",\"position\":1,\"name\":\"Page de garde\",\"item\":\"https:\/\/www.alutec.es\/fr\/home\/\"},{\"@type\":\"ListItem\",\"position\":2,\"name\":\"T\u00e9l\u00e9chargements\"}]},{\"@type\":\"WebSite\",\"@id\":\"https:\/\/www.alutec.es\/fr\/#website\",\"url\":\"https:\/\/www.alutec.es\/fr\/\",\"name\":\"Alutec\",\"description\":\"Conception et fabrication de chaises, tabourets et tables.\",\"potentialAction\":[{\"@type\":\"SearchAction\",\"target\":{\"@type\":\"EntryPoint\",\"urlTemplate\":\"https:\/\/www.alutec.es\/fr\/?s={search_term_string}\"},\"query-input\":\"required name=search_term_string\"}],\"inLanguage\":\"fr-FR\"}]}<\/script>\n<!-- \/ Yoast SEO plugin. -->","yoast_head_json":{"title":"T\u00e9l\u00e9chargements - Alutec","description":"Nouveau catalogue 2025. Conception et fabrication de mobilier de collectivit\u00e9. Chaises, tables et tabourets pour les restaurants, les h\u00f4tels et les terrasses.","robots":{"index":"index","follow":"follow","max-snippet":"max-snippet:-1","max-image-preview":"max-image-preview:large","max-video-preview":"max-video-preview:-1"},"canonical":"https:\/\/www.alutec.es\/fr\/telechargements\/","og_locale":"fr_FR","og_type":"article","og_title":"T\u00e9l\u00e9chargements - Alutec","og_description":"Nouveau catalogue 2025. Conception et fabrication de mobilier de collectivit\u00e9. Chaises, tables et tabourets pour les restaurants, les h\u00f4tels et les terrasses.","og_url":"https:\/\/www.alutec.es\/fr\/telechargements\/","og_site_name":"Alutec","article_modified_time":"2025-03-11T11:28:16+00:00","twitter_card":"summary_large_image","twitter_misc":{"Dur\u00e9e de lecture estim\u00e9e":"1 minute"},"schema":{"@context":"https:\/\/schema.org","@graph":[{"@type":"WebPage","@id":"https:\/\/www.alutec.es\/fr\/telechargements\/","url":"https:\/\/www.alutec.es\/fr\/telechargements\/","name":"T\u00e9l\u00e9chargements - Alutec","isPartOf":{"@id":"https:\/\/www.alutec.es\/fr\/#website"},"datePublished":"2019-12-13T07:39:01+00:00","dateModified":"2025-03-11T11:28:16+00:00","description":"Nouveau catalogue 2025. Conception et fabrication de mobilier de collectivit\u00e9. Chaises, tables et tabourets pour les restaurants, les h\u00f4tels et les terrasses.","breadcrumb":{"@id":"https:\/\/www.alutec.es\/fr\/telechargements\/#breadcrumb"},"inLanguage":"fr-FR","potentialAction":[{"@type":"ReadAction","target":["https:\/\/www.alutec.es\/fr\/telechargements\/"]}]},{"@type":"BreadcrumbList","@id":"https:\/\/www.alutec.es\/fr\/telechargements\/#breadcrumb","itemListElement":[{"@type":"ListItem","position":1,"name":"Page de garde","item":"https:\/\/www.alutec.es\/fr\/home\/"},{"@type":"ListItem","position":2,"name":"T\u00e9l\u00e9chargements"}]},{"@type":"WebSite","@id":"https:\/\/www.alutec.es\/fr\/#website","url":"https:\/\/www.alutec.es\/fr\/","name":"Alutec","description":"Conception et fabrication de chaises, tabourets et tables.","potentialAction":[{"@type":"SearchAction","target":{"@type":"EntryPoint","urlTemplate":"https:\/\/www.alutec.es\/fr\/?s={search_term_string}"},"query-input":"required name=search_term_string"}],"inLanguage":"fr-FR"}]}},"_links":{"self":[{"href":"https:\/\/www.alutec.es\/fr\/wp-json\/wp\/v2\/pages\/641"}],"collection":[{"href":"https:\/\/www.alutec.es\/fr\/wp-json\/wp\/v2\/pages"}],"about":[{"href":"https:\/\/www.alutec.es\/fr\/wp-json\/wp\/v2\/types\/page"}],"author":[{"embeddable":true,"href":"https:\/\/www.alutec.es\/fr\/wp-json\/wp\/v2\/users\/2"}],"replies":[{"embeddable":true,"href":"https:\/\/www.alutec.es\/fr\/wp-json\/wp\/v2\/comments?post=641"}],"version-history":[{"count":41,"href":"https:\/\/www.alutec.es\/fr\/wp-json\/wp\/v2\/pages\/641\/revisions"}],"predecessor-version":[{"id":9801,"href":"https:\/\/www.alutec.es\/fr\/wp-json\/wp\/v2\/pages\/641\/revisions\/9801"}],"wp:attachment":[{"href":"https:\/\/www.alutec.es\/fr\/wp-json\/wp\/v2\/media?parent=641"}],"curies":[{"name":"wp","href":"https:\/\/api.w.org\/{rel}","templated":true}]}}